{"id":13410,"date":"2026-05-15T08:11:08","date_gmt":"2026-05-15T06:11:08","guid":{"rendered":"https:\/\/ofertacular.com\/index.php\/producto\/lg-ultragear-monitor-2\/"},"modified":"2026-05-15T08:11:08","modified_gmt":"2026-05-15T06:11:08","slug":"lg-ultragear-monitor-2","status":"publish","type":"product","link":"https:\/\/ofertacular.com\/index.php\/producto\/lg-ultragear-monitor-2\/","title":{"rendered":"LG Ultragear Monitor"},"content":{"rendered":"<div class=\"oferta-container\">\n<p>\ud83d\udfe5 <b>SUPER OFERTA<\/b> \ud83d\udfe5 #Publicidad #Amazon #16<\/p>\n<p>\ud83d\udd34 <b>Monitor Gaming <\/b><\/p>\n<p>\u2705 <b>AHORA 79 \u20ac<\/b> \u2714\ufe0f\ud83d\udfe1<\/p>\n<p>\u274c Antes 109.00 \u20ac<\/p>\n<p>\ud83d\uded2: <a href=\"https:\/\/btz.es\/5tFywJq\" target=\"_blank\" rel=\"nofollow noopener\">https:\/\/btz.es\/5tFywJq<\/a><\/p>\n<p>Descubre el LG Ultragear, el monitor gaming dise\u00f1ado para ofrecer una experiencia visual inmersiva y fluida. Con tecnolog\u00eda avanzada, alta tasa de refresco y resoluci\u00f3n superior, este monitor es ideal para gamers que buscan rendimiento y calidad en cada partida. Optimizado para una experiencia sin interrupciones, el LG Ultragear potencia tu juego al m\u00e1ximo nivel.<\/p>\n<\/p><\/div>\n","protected":false},"excerpt":{"rendered":"<p>\ud83d\udfe5 SUPER OFERTA \ud83d\udfe5 #Publicidad #Amazon #16 \ud83d\udd34 Monitor Gaming \u2705 AHORA 79 \u20ac \u2714\ufe0f\ud83d\udfe1 \u274c Antes 109.00 \u20ac \ud83d\uded2: https:\/\/btz.es\/5tFywJq Descubre el LG Ultragear, el monitor gaming dise\u00f1ado para ofrecer una experiencia visual inmersiva y fluida. Con tecnolog\u00eda avanzada, alta tasa de refresco y resoluci\u00f3n superior, este monitor es ideal para gamers que buscan [&hellip;]<\/p>\n","protected":false},"featured_media":13409,"template":"","meta":{"_gspb_post_css":""},"store":[],"product_brand":[],"product_cat":[16],"product_tag":[],"class_list":{"0":"post-13410","1":"product","2":"type-product","3":"status-publish","4":"has-post-thumbnail","6":"product_cat-sin-categorizar","8":"first","9":"instock","10":"sale","11":"shipping-taxable","12":"product-type-external"},"jetpack_sharing_enabled":true,"_links":{"self":[{"href":"https:\/\/ofertacular.com\/index.php\/wp-json\/wp\/v2\/product\/13410","targetHints":{"allow":["GET"]}}],"collection":[{"href":"https:\/\/ofertacular.com\/index.php\/wp-json\/wp\/v2\/product"}],"about":[{"href":"https:\/\/ofertacular.com\/index.php\/wp-json\/wp\/v2\/types\/product"}],"wp:featuredmedia":[{"embeddable":true,"href":"https:\/\/ofertacular.com\/index.php\/wp-json\/wp\/v2\/media\/13409"}],"wp:attachment":[{"href":"https:\/\/ofertacular.com\/index.php\/wp-json\/wp\/v2\/media?parent=13410"}],"wp:term":[{"taxonomy":"store","embeddable":true,"href":"https:\/\/ofertacular.com\/index.php\/wp-json\/wp\/v2\/store?post=13410"},{"taxonomy":"product_brand","embeddable":true,"href":"https:\/\/ofertacular.com\/index.php\/wp-json\/wp\/v2\/product_brand?post=13410"},{"taxonomy":"product_cat","embeddable":true,"href":"https:\/\/ofertacular.com\/index.php\/wp-json\/wp\/v2\/product_cat?post=13410"},{"taxonomy":"product_tag","embeddable":true,"href":"https:\/\/ofertacular.com\/index.php\/wp-json\/wp\/v2\/product_tag?post=13410"}],"curies":[{"name":"wp","href":"https:\/\/api.w.org\/{rel}","templated":true}]}}