{"id":3593,"date":"2025-02-24T14:38:41","date_gmt":"2025-02-24T13:38:41","guid":{"rendered":"https:\/\/ofertacular.com\/index.php\/producto\/corsair-mm700-rgb-extended-xl-alfombrilla-de-raton-de-tela-para-juegos-930mm-x-400mm-x-4mm-iluminacion-rgb-360-concentrador-de-dos-puertos-usb-goma-gruesa-negro\/"},"modified":"2025-02-24T14:38:41","modified_gmt":"2025-02-24T13:38:41","slug":"corsair-mm700-rgb-extended-xl-alfombrilla-de-raton-de-tela-para-juegos-930mm-x-400mm-x-4mm-iluminacion-rgb-360-concentrador-de-dos-puertos-usb-goma-gruesa-negro","status":"publish","type":"product","link":"https:\/\/ofertacular.com\/index.php\/producto\/corsair-mm700-rgb-extended-xl-alfombrilla-de-raton-de-tela-para-juegos-930mm-x-400mm-x-4mm-iluminacion-rgb-360-concentrador-de-dos-puertos-usb-goma-gruesa-negro\/","title":{"rendered":"Corsair MM700 RGB Extended XL | Alfombrilla de Rat\u00f3n de Tela para Juegos &#8211; 930mm x 400mm x 4mm &#8211; Iluminaci\u00f3n RGB 360\u00b0 &#8211; Concentrador de Dos Puertos USB &#8211; Goma Gruesa &#8211; Negro"},"content":{"rendered":"<p>&#8211; Iluminaci\u00f3n RGB din\u00e1mica en tres zonas y 360\u00b0: Sumerja su \u00e1rea de juego en iluminaci\u00f3n RGB con control directo integrado o a trav\u00e9s del software CORSAIR iCUE<br \/>\n&#8211; Gran superficie de 930 x 400 mm: Cubra toda su \u00e1rea de juego con una alfombrilla de tela de 930 x 400 mm (36.6 x 15.8&#8243;), que proporciona espacio de sobra para su rat\u00f3n, teclado y otros accesorios<br \/>\n&#8211; Concentrador USB de dos puertos: Los puertos USB con una pr\u00e1ctica ubicaci\u00f3n proporcionan conexiones sencillas para perif\u00e9ricos adicionales, como un rat\u00f3n o auriculares CORSAIR<br \/>\n&#8211; Estructura de goma de 4 mm de grosor: Juegue m\u00e1s tiempo con la comodidad de la goma afelpada que ayuda a alisar las superficies de escritorio irregulares<br \/>\n&#8211; 12 perfiles de iluminaci\u00f3n RGB integrados: El sencillo control de bot\u00f3n permite pasar por los 12 perfiles para disfrutar de una iluminaci\u00f3n inmediata en cuanto se conecta<br \/>\n&#8211; Personalizaci\u00f3n completa de la iluminaci\u00f3n mediante el software CORSAIR iCUE: Aproveche el control de iluminaci\u00f3n RGB avanzado a trav\u00e9s de iCUE y sincronice su iluminaci\u00f3n<\/p>\n","protected":false},"excerpt":{"rendered":"<p>&#8211; Iluminaci\u00f3n RGB din\u00e1mica en tres zonas y 360\u00b0: Sumerja su \u00e1rea de juego en iluminaci\u00f3n RGB con control directo integrado o a trav\u00e9s del software CORSAIR iCUE &#8211; Gran superficie de 930 x 400 mm: Cubra toda su \u00e1rea de juego con una alfombrilla de tela de 930 x 400 mm (36.6 x 15.8&#8243;), [&hellip;]<\/p>\n","protected":false},"featured_media":3592,"template":"","meta":{"_gspb_post_css":""},"store":[],"product_brand":[],"product_cat":[16],"product_tag":[],"class_list":{"0":"post-3593","1":"product","2":"type-product","3":"status-publish","4":"has-post-thumbnail","6":"product_cat-sin-categorizar","8":"first","9":"instock","10":"sale","11":"shipping-taxable","12":"product-type-external"},"jetpack_sharing_enabled":true,"_links":{"self":[{"href":"https:\/\/ofertacular.com\/index.php\/wp-json\/wp\/v2\/product\/3593","targetHints":{"allow":["GET"]}}],"collection":[{"href":"https:\/\/ofertacular.com\/index.php\/wp-json\/wp\/v2\/product"}],"about":[{"href":"https:\/\/ofertacular.com\/index.php\/wp-json\/wp\/v2\/types\/product"}],"wp:featuredmedia":[{"embeddable":true,"href":"https:\/\/ofertacular.com\/index.php\/wp-json\/wp\/v2\/media\/3592"}],"wp:attachment":[{"href":"https:\/\/ofertacular.com\/index.php\/wp-json\/wp\/v2\/media?parent=3593"}],"wp:term":[{"taxonomy":"store","embeddable":true,"href":"https:\/\/ofertacular.com\/index.php\/wp-json\/wp\/v2\/store?post=3593"},{"taxonomy":"product_brand","embeddable":true,"href":"https:\/\/ofertacular.com\/index.php\/wp-json\/wp\/v2\/product_brand?post=3593"},{"taxonomy":"product_cat","embeddable":true,"href":"https:\/\/ofertacular.com\/index.php\/wp-json\/wp\/v2\/product_cat?post=3593"},{"taxonomy":"product_tag","embeddable":true,"href":"https:\/\/ofertacular.com\/index.php\/wp-json\/wp\/v2\/product_tag?post=3593"}],"curies":[{"name":"wp","href":"https:\/\/api.w.org\/{rel}","templated":true}]}}