{"id":3601,"date":"2025-02-25T09:30:26","date_gmt":"2025-02-25T08:30:26","guid":{"rendered":"https:\/\/ofertacular.com\/index.php\/producto\/maybelline-foundation\/"},"modified":"2025-02-25T09:30:26","modified_gmt":"2025-02-25T08:30:26","slug":"maybelline-foundation","status":"publish","type":"product","link":"https:\/\/ofertacular.com\/index.php\/producto\/maybelline-foundation\/","title":{"rendered":"Maybelline Foundation"},"content":{"rendered":"<p>&#8211; Base mate luminosa con duraci\u00f3n de hasta 30 horas*, cobertura modulable y sensaci\u00f3n ligera en la piel; *Autoevaluaci\u00f3n 120 sujetos<br \/>\n&#8211; Duraci\u00f3n hasta 30h; tecnolog\u00eda ligera como el aire<br \/>\n&#8211; Apl\u00edcala en el rostro y difum\u00ednala con las yemas de los dedos o con una esponja<br \/>\n&#8211; Base duradera, ligera y resistente al sudor y transferencia; piel radiante, sin brillos, con efecto mate que dura todo el d\u00eda<br \/>\n&#8211; Contenido: 1x Maybelline New York Base de Maquillaje Lumi Matte Tono 337<br \/>\nDescubre la base de maquillaje Lumi Matte de Maybelline, la soluci\u00f3n perfecta para lograr una piel radiante y con una cobertura excepcional. Esta base mate luminosa, dise\u00f1ada para durar hasta 30 horas, es ideal para quienes buscan una apariencia fresca y natural durante todo el d\u00eda. Gracias a su tecnolog\u00eda ligera como el aire, sentir\u00e1s que no llevas nada puesto, permitiendo que tu piel respire mientras disfruta de una cobertura modulable que se adapta a tus necesidades. Con su resistencia al sudor y a la transferencia, puedes confiar en que tu maquillaje se mantendr\u00e1 intacto sin importar la ocasi\u00f3n. La aplicaci\u00f3n es simple y puede realizarse con las yemas de los dedos o utilizando una esponja, permitiendo un difuminado perfecto y un acabado impecable. Adem\u00e1s, el tono 337 de la base Lumi Matte se adapta a diversos tonos de piel, ofreciendo un acabado mate y radiante que elimina brillos no deseados. Perfecta para el uso diario o para ocasiones especiales, esta base se convertir\u00e1 en un imprescindible en tu kit de maquillaje. No te conformes con menos, elige Maybelline y disfruta de la belleza y calidad que solo una marca reconocida puede ofrecer. Consigue una piel perfecta y luminosa con la base de maquillaje Lumi Matte de Maybelline y sorprende a todos con tu aspecto radiante. \u00a1A\u00f1\u00e1dela a tu carrito y prep\u00e1rate para deslumbrar!<\/p>\n","protected":false},"excerpt":{"rendered":"<p>&#8211; Base mate luminosa con duraci\u00f3n de hasta 30 horas*, cobertura modulable y sensaci\u00f3n ligera en la piel; *Autoevaluaci\u00f3n 120 sujetos &#8211; Duraci\u00f3n hasta 30h; tecnolog\u00eda ligera como el aire &#8211; Apl\u00edcala en el rostro y difum\u00ednala con las yemas de los dedos o con una esponja &#8211; Base duradera, ligera y resistente al sudor [&hellip;]<\/p>\n","protected":false},"featured_media":3600,"template":"","meta":{"_gspb_post_css":""},"store":[],"product_brand":[],"product_cat":[16],"product_tag":[],"class_list":{"0":"post-3601","1":"product","2":"type-product","3":"status-publish","4":"has-post-thumbnail","6":"product_cat-sin-categorizar","8":"first","9":"instock","10":"sale","11":"shipping-taxable","12":"product-type-external"},"jetpack_sharing_enabled":true,"_links":{"self":[{"href":"https:\/\/ofertacular.com\/index.php\/wp-json\/wp\/v2\/product\/3601","targetHints":{"allow":["GET"]}}],"collection":[{"href":"https:\/\/ofertacular.com\/index.php\/wp-json\/wp\/v2\/product"}],"about":[{"href":"https:\/\/ofertacular.com\/index.php\/wp-json\/wp\/v2\/types\/product"}],"wp:featuredmedia":[{"embeddable":true,"href":"https:\/\/ofertacular.com\/index.php\/wp-json\/wp\/v2\/media\/3600"}],"wp:attachment":[{"href":"https:\/\/ofertacular.com\/index.php\/wp-json\/wp\/v2\/media?parent=3601"}],"wp:term":[{"taxonomy":"store","embeddable":true,"href":"https:\/\/ofertacular.com\/index.php\/wp-json\/wp\/v2\/store?post=3601"},{"taxonomy":"product_brand","embeddable":true,"href":"https:\/\/ofertacular.com\/index.php\/wp-json\/wp\/v2\/product_brand?post=3601"},{"taxonomy":"product_cat","embeddable":true,"href":"https:\/\/ofertacular.com\/index.php\/wp-json\/wp\/v2\/product_cat?post=3601"},{"taxonomy":"product_tag","embeddable":true,"href":"https:\/\/ofertacular.com\/index.php\/wp-json\/wp\/v2\/product_tag?post=3601"}],"curies":[{"name":"wp","href":"https:\/\/api.w.org\/{rel}","templated":true}]}}