{"id":3605,"date":"2025-02-25T10:00:42","date_gmt":"2025-02-25T09:00:42","guid":{"rendered":"https:\/\/ofertacular.com\/index.php\/producto\/hawkers-kids\/"},"modified":"2025-02-25T10:00:42","modified_gmt":"2025-02-25T09:00:42","slug":"hawkers-kids","status":"publish","type":"product","link":"https:\/\/ofertacular.com\/index.php\/producto\/hawkers-kids\/","title":{"rendered":"Hawkers Kids"},"content":{"rendered":"<p>&#8211; Las gafas de sol para ni\u00f1os Carbon Black Emerald Kids combina una montura negra con acabado mate y logo Hawkers en relieve con lentes espejadas verdes, adecuado para los ni\u00f1os m\u00e1s atrevidos<br \/>\n&#8211; Lentes categor\u00eda 3 y protecci\u00f3n uv400 que ofrecen una protecci\u00f3n antideslumbrante adecuada; Lentes de Nylon que ofrecen mayor nitidez y resistencia para un \u00f3ptimo rendimiento \u00f3ptico<br \/>\n&#8211; Gafas de sol fabricadas en TR90 con el sello de EMS, considerado el \u00f3ptimo Nylon para monturas que proporciona m\u00e1s flexibilidad y resistencia<br \/>\n&#8211; Producto original Hawkers. La caja incluye funda en microfibra y caja<br \/>\n&#8211; Modelo Unisex &#8211; Medidas: Frontal 125 mm; Alto 36 mm; Patillas 130 mm; Puente 15 mm; Di\u00e1metro de lente 47 mm<br \/>\nDescubre las Gafas de Sol para Ni\u00f1os Carbon Black Emerald Kids de Hawkers, \u00a1la opci\u00f3n perfecta para los peque\u00f1os aventureros! Dise\u00f1adas para brindar estilo y protecci\u00f3n, estas gafas cuentan con una sofisticada montura negra con acabado mate que destaca por su logo Hawkers en relieve. Con lentes espejadas verdes y categor\u00eda 3, garantizan una protecci\u00f3n UV400 eficaz, ideal para disfrutar al aire libre sin preocupaciones. La tecnolog\u00eda de lentes de Nylon proporciona una claridad \u00f3ptima y resistencia, asegurando un rendimiento visual excepcional. Adem\u00e1s, su fabricaci\u00f3n en TR90, el mejor Nylon del mercado para monturas, asegura una flexibilidad y durabilidad sin igual. Cada par de Gafas de Sol Hawkers viene acompa\u00f1ado de una funda en microfibra y una caja original, asegurando su protecci\u00f3n y estilo. Con un dise\u00f1o unisex que se adapta a todos los peque\u00f1os, estas gafas son perfectas para cualquier ocasi\u00f3n. Medidas pr\u00e1cticas: frontal de 125 mm, altura de 36 mm, patillas de 130 mm, puente de 15 mm y di\u00e1metro de lente de 47 mm. Ideal para ni\u00f1os que aman explorar y jugar bajo el sol, ofreciendo tanto moda como funcionalidad. \u00a1No dejes pasar la oportunidad de que tus hijos marquen la diferencia con este accesorio imprescindible! Dale estilo a su aventura con las Gafas de Sol Hawkers, perfectas para este verano o cualquier escapada al aire libre. Con este emblema del buen gusto y la calidad, tus peque\u00f1os estar\u00e1n siempre protegidos y a la moda! Tu elecci\u00f3n ideal para que cada d\u00eda sea una nueva aventura. \u00a1Aprovecha ahora y haz que la diversi\u00f3n no tenga l\u00edmites con Hawkers!<\/p>\n","protected":false},"excerpt":{"rendered":"<p>&#8211; Las gafas de sol para ni\u00f1os Carbon Black Emerald Kids combina una montura negra con acabado mate y logo Hawkers en relieve con lentes espejadas verdes, adecuado para los ni\u00f1os m\u00e1s atrevidos &#8211; Lentes categor\u00eda 3 y protecci\u00f3n uv400 que ofrecen una protecci\u00f3n antideslumbrante adecuada; Lentes de Nylon que ofrecen mayor nitidez y resistencia [&hellip;]<\/p>\n","protected":false},"featured_media":3604,"template":"","meta":{"_gspb_post_css":""},"store":[],"product_brand":[],"product_cat":[16],"product_tag":[],"class_list":{"0":"post-3605","1":"product","2":"type-product","3":"status-publish","4":"has-post-thumbnail","6":"product_cat-sin-categorizar","8":"first","9":"instock","10":"sale","11":"shipping-taxable","12":"product-type-external"},"jetpack_sharing_enabled":true,"_links":{"self":[{"href":"https:\/\/ofertacular.com\/index.php\/wp-json\/wp\/v2\/product\/3605","targetHints":{"allow":["GET"]}}],"collection":[{"href":"https:\/\/ofertacular.com\/index.php\/wp-json\/wp\/v2\/product"}],"about":[{"href":"https:\/\/ofertacular.com\/index.php\/wp-json\/wp\/v2\/types\/product"}],"wp:featuredmedia":[{"embeddable":true,"href":"https:\/\/ofertacular.com\/index.php\/wp-json\/wp\/v2\/media\/3604"}],"wp:attachment":[{"href":"https:\/\/ofertacular.com\/index.php\/wp-json\/wp\/v2\/media?parent=3605"}],"wp:term":[{"taxonomy":"store","embeddable":true,"href":"https:\/\/ofertacular.com\/index.php\/wp-json\/wp\/v2\/store?post=3605"},{"taxonomy":"product_brand","embeddable":true,"href":"https:\/\/ofertacular.com\/index.php\/wp-json\/wp\/v2\/product_brand?post=3605"},{"taxonomy":"product_cat","embeddable":true,"href":"https:\/\/ofertacular.com\/index.php\/wp-json\/wp\/v2\/product_cat?post=3605"},{"taxonomy":"product_tag","embeddable":true,"href":"https:\/\/ofertacular.com\/index.php\/wp-json\/wp\/v2\/product_tag?post=3605"}],"curies":[{"name":"wp","href":"https:\/\/api.w.org\/{rel}","templated":true}]}}