{"id":3611,"date":"2025-02-25T11:37:45","date_gmt":"2025-02-25T10:37:45","guid":{"rendered":"https:\/\/ofertacular.com\/index.php\/producto\/tommy-perfume\/"},"modified":"2025-02-25T11:37:45","modified_gmt":"2025-02-25T10:37:45","slug":"tommy-perfume","status":"publish","type":"product","link":"https:\/\/ofertacular.com\/index.php\/producto\/tommy-perfume\/","title":{"rendered":"Tommy Perfume"},"content":{"rendered":"<p>&#8211; La fragancia Tommy de hombre cautiva con sus notas amaderadas que capturan la esencia de un viaje en carretera al estilo estadounidense; d\u00e9jate llevar en este viaje<br \/>\n&#8211; Descubre sus notas de lavanda y c\u00edtricos, seguidas de tonos frutales de manzana y canela; este viaje olfativo concluye con un toque amaderado<br \/>\n&#8211; Un frasco de 100 ml con curvas sutiles y vidrio transparente; Tommy Eau de Toilette para hombres se distingue por una tapa plateada y un logotipo minimalista<br \/>\n&#8211; Sum\u00e9rgete en los ic\u00f3nicos a\u00f1os 90, simbolizada por Tommy Eau de Toilette; te llevar\u00e1 por un viaje en carretera al estilo estadounidense donde cada d\u00eda es un nuevo descubrimiento<br \/>\n&#8211; Tommy Hilfiger es una ic\u00f3nica marca del dise\u00f1ador de moda conocido por su estilo americano cl\u00e1sico y moderno, que busca difundir sus valores: libertad, inclusividad y compartir<br \/>\nDescubre Tommy, el perfume para hombres que evoca la libertad y el esp\u00edritu aventurero de los ic\u00f3nicos a\u00f1os 90. Esta fragancia \u00fanica ofrece un viaje en carretera al estilo estadounidense, donde cada nota cuenta una historia. Desde las frescas notas de lavanda y c\u00edtricos que abren la experiencia, hasta el coraz\u00f3n frutal que mezcla manzana y canela, Tommy es un homenaje olfativo al estilo de vida din\u00e1mico y lleno de sorpresas. El toque final de maderas aporta una complejidad que deja una huella duradera. <\/p>\n<p>El frasco de 100 ml es un verdadero espect\u00e1culo est\u00e9tico: curvado, elegante y hecho de vidrio transparente, lo que permite ver el l\u00edquido que encierra. Este dise\u00f1o minimalista con una tapa plateada refleja la esencia de la marca Tommy Hilfiger, conocida globalmente por su enfoque en la moda americana cl\u00e1sica y moderna. Con cada aplicaci\u00f3n de esta Eau de Toilette, no solo llevas contigo una fragancia, sino tambi\u00e9n una declaraci\u00f3n de estilo que celebra la libertad y la inclusividad. <\/p>\n<p>Tommy es m\u00e1s que un simple perfume; es un s\u00edmbolo de un estilo de vida. Perfecto para el hombre contempor\u00e1neo que busca expresar su individualidad, este perfume se convierte en el compa\u00f1ero ideal para cualquier aventura y ocasi\u00f3n. Ideal para el uso diario o para esos momentos especiales donde deseas destacarte. Lleva contigo la esencia de la carretera y la confianza que el perfume Tommy te ofrece. Atr\u00e9vete a descubrir cada matiz y d\u00e9jate llevar por este viaje. Empieza tu aventura con Tommy, un perfume que es tan moderno como atemporal.<\/p>\n","protected":false},"excerpt":{"rendered":"<p>&#8211; La fragancia Tommy de hombre cautiva con sus notas amaderadas que capturan la esencia de un viaje en carretera al estilo estadounidense; d\u00e9jate llevar en este viaje &#8211; Descubre sus notas de lavanda y c\u00edtricos, seguidas de tonos frutales de manzana y canela; este viaje olfativo concluye con un toque amaderado &#8211; Un frasco [&hellip;]<\/p>\n","protected":false},"featured_media":3610,"template":"","meta":{"_gspb_post_css":""},"store":[],"product_brand":[],"product_cat":[16],"product_tag":[],"class_list":{"0":"post-3611","1":"product","2":"type-product","3":"status-publish","4":"has-post-thumbnail","6":"product_cat-sin-categorizar","8":"first","9":"instock","10":"sale","11":"shipping-taxable","12":"product-type-external"},"jetpack_sharing_enabled":true,"_links":{"self":[{"href":"https:\/\/ofertacular.com\/index.php\/wp-json\/wp\/v2\/product\/3611","targetHints":{"allow":["GET"]}}],"collection":[{"href":"https:\/\/ofertacular.com\/index.php\/wp-json\/wp\/v2\/product"}],"about":[{"href":"https:\/\/ofertacular.com\/index.php\/wp-json\/wp\/v2\/types\/product"}],"wp:featuredmedia":[{"embeddable":true,"href":"https:\/\/ofertacular.com\/index.php\/wp-json\/wp\/v2\/media\/3610"}],"wp:attachment":[{"href":"https:\/\/ofertacular.com\/index.php\/wp-json\/wp\/v2\/media?parent=3611"}],"wp:term":[{"taxonomy":"store","embeddable":true,"href":"https:\/\/ofertacular.com\/index.php\/wp-json\/wp\/v2\/store?post=3611"},{"taxonomy":"product_brand","embeddable":true,"href":"https:\/\/ofertacular.com\/index.php\/wp-json\/wp\/v2\/product_brand?post=3611"},{"taxonomy":"product_cat","embeddable":true,"href":"https:\/\/ofertacular.com\/index.php\/wp-json\/wp\/v2\/product_cat?post=3611"},{"taxonomy":"product_tag","embeddable":true,"href":"https:\/\/ofertacular.com\/index.php\/wp-json\/wp\/v2\/product_tag?post=3611"}],"curies":[{"name":"wp","href":"https:\/\/api.w.org\/{rel}","templated":true}]}}