{"id":3615,"date":"2025-02-25T12:00:35","date_gmt":"2025-02-25T11:00:35","guid":{"rendered":"https:\/\/ofertacular.com\/index.php\/producto\/lego-star\/"},"modified":"2025-02-25T12:00:35","modified_gmt":"2025-02-25T11:00:35","slug":"lego-star","status":"publish","type":"product","link":"https:\/\/ofertacular.com\/index.php\/producto\/lego-star\/","title":{"rendered":"LEGO Star"},"content":{"rendered":"<p>&#8211; Los fans de Star Wars: La Guerra de los Clones pueden unirse al Maestro Yoda y R2-D2 con el juego de construcci\u00f3n LEGO Star Wars Caza Estelar Jedi de Yoda para ni\u00f1os a partir de 8 a\u00f1os<br \/>\n&#8211; El veh\u00edculo LEGO Star Wars caza estelar cuenta con una cabina que se abre para colocar una minifigura, espacio detr\u00e1s para R2-D2, 2 disparadores con resorte y alas ajustables para volar y aterrizar<br \/>\n&#8211; El set de juguetes de construcci\u00f3n de Star Wars tambi\u00e9n incluye 2 personajes ic\u00f3nicos: una minifigura LEGO Star Wars de Yoda con una espada l\u00e1ser y una figura LEGO del droide R2-D2<br \/>\n&#8211; Los sets LEGO Star Wars permiten a los ni\u00f1os y a los fans adultos de La Guerra de las Galaxias recrear escenas emblem\u00e1ticas, crear sus propias aventuras de acci\u00f3n o simplemente exponer las maquetas de construcci\u00f3n<br \/>\n&#8211; Pertenece a una enorme variedad de sets de juguetes de construcci\u00f3n LEGO Star Wars que encantar\u00e1n a los fans de La Guerra de las Galaxias de todas las edades<br \/>\nDescubre la magia de la galaxia con el set de construcci\u00f3n LEGO Star Wars Caza Estelar Jedi de Yoda. Dise\u00f1ado para ni\u00f1os a partir de 8 a\u00f1os, este espectacular conjunto permite a los peque\u00f1os constructores unirse al sabio Maestro Yoda y al ic\u00f3nico R2-D2 en sus emocionantes aventuras gal\u00e1cticas. Este set cuenta con un detallado caza estelar que tiene una cabina que se abre, lo que facilita colocar la minifigura de Yoda y sentar a R2-D2 en el espacio designado detr\u00e1s. Adem\u00e1s, viene equipado con 2 disparadores con resorte y alas ajustables que permiten simular los vuelos y aterrizajes de este legendario veh\u00edculo.<\/p>\n<p>Los fans de Star Wars se deleitar\u00e1n al encontrar en este set dos personajes ic\u00f3nicos: una minifigura de Yoda con su espada l\u00e1ser, listo para cualquier desaf\u00edo, y la fiel figura del droide astromec\u00e1nico R2-D2. Con estos personajes, los ni\u00f1os pueden recrear escenas legendarias de &#8216;La Guerra de los Clones&#8217; o dejar volar su imaginaci\u00f3n creando nuevas aventuras intergal\u00e1cticas.<\/p>\n<p>El set de LEGO Star Wars no solo es ideal para jugar, sino que tambi\u00e9n es perfecto para exhibir una vez finalizada la construcci\u00f3n, convirti\u00e9ndose en una impresionante pieza decorativa para cualquier aficionado o coleccionista. Este producto pertenece a una extensa colecci\u00f3n de sets LEGO Star Wars, permitiendo a los ni\u00f1os y a los adultos unirse en la exploraci\u00f3n del universo de &#8216;La Guerra de las Galaxias&#8217;. Con m\u00faltiples opciones de set disponibles, hay un LEGO Star Wars para cada fan y cada edad. \u00a1No esperes m\u00e1s y comienza tu aventura estelar con LEGO!<\/p>\n","protected":false},"excerpt":{"rendered":"<p>&#8211; Los fans de Star Wars: La Guerra de los Clones pueden unirse al Maestro Yoda y R2-D2 con el juego de construcci\u00f3n LEGO Star Wars Caza Estelar Jedi de Yoda para ni\u00f1os a partir de 8 a\u00f1os &#8211; El veh\u00edculo LEGO Star Wars caza estelar cuenta con una cabina que se abre para colocar [&hellip;]<\/p>\n","protected":false},"featured_media":3614,"template":"","meta":{"_gspb_post_css":""},"store":[],"product_brand":[],"product_cat":[16],"product_tag":[],"class_list":{"0":"post-3615","1":"product","2":"type-product","3":"status-publish","4":"has-post-thumbnail","6":"product_cat-sin-categorizar","8":"first","9":"instock","10":"sale","11":"shipping-taxable","12":"product-type-external"},"jetpack_sharing_enabled":true,"_links":{"self":[{"href":"https:\/\/ofertacular.com\/index.php\/wp-json\/wp\/v2\/product\/3615","targetHints":{"allow":["GET"]}}],"collection":[{"href":"https:\/\/ofertacular.com\/index.php\/wp-json\/wp\/v2\/product"}],"about":[{"href":"https:\/\/ofertacular.com\/index.php\/wp-json\/wp\/v2\/types\/product"}],"wp:featuredmedia":[{"embeddable":true,"href":"https:\/\/ofertacular.com\/index.php\/wp-json\/wp\/v2\/media\/3614"}],"wp:attachment":[{"href":"https:\/\/ofertacular.com\/index.php\/wp-json\/wp\/v2\/media?parent=3615"}],"wp:term":[{"taxonomy":"store","embeddable":true,"href":"https:\/\/ofertacular.com\/index.php\/wp-json\/wp\/v2\/store?post=3615"},{"taxonomy":"product_brand","embeddable":true,"href":"https:\/\/ofertacular.com\/index.php\/wp-json\/wp\/v2\/product_brand?post=3615"},{"taxonomy":"product_cat","embeddable":true,"href":"https:\/\/ofertacular.com\/index.php\/wp-json\/wp\/v2\/product_cat?post=3615"},{"taxonomy":"product_tag","embeddable":true,"href":"https:\/\/ofertacular.com\/index.php\/wp-json\/wp\/v2\/product_tag?post=3615"}],"curies":[{"name":"wp","href":"https:\/\/api.w.org\/{rel}","templated":true}]}}