{"id":3617,"date":"2025-02-25T16:26:31","date_gmt":"2025-02-25T15:26:31","guid":{"rendered":"https:\/\/ofertacular.com\/index.php\/producto\/bergner-cookware\/"},"modified":"2025-02-25T16:26:31","modified_gmt":"2025-02-25T15:26:31","slug":"bergner-cookware","status":"publish","type":"product","link":"https:\/\/ofertacular.com\/index.php\/producto\/bergner-cookware\/","title":{"rendered":"Bergner Cookware"},"content":{"rendered":"<p>&#8211; FABRICADOS EN ALUMINIO PRENSADO: Este material hace que el calor fluya r\u00e1pida y uniformemente a trav\u00e9s de la superficie de la sart\u00e9n. Adem\u00e1s, gracias a su recubrimiento antiadherente, evita que los alimentos puedan quedarse pegados en la superficie.<br \/>\n&#8211; JUEGO DE 3 SARTENES: El set incluye 4 piezas, 3 sartenes rojas de 18, 20 y 24 cm y un mango extr\u00edble que podr\u00e1s apilar f\u00e1cilmente para guardarlas sin que ocupen demasiado espacio. Gracias a nuestro juego de cocina, \u00a1no habr\u00e1 plato que se resista!<br \/>\n&#8211; MANGO ERGON\u00d3MICO EXTRA\u00cdBLE: Dise\u00f1amos nuestras sartenes con un mango ergon\u00f3mico para ofrecerte una experiencia de uso f\u00e1cil y llena de comodidades. Adem\u00e1s, \u00a1Podr\u00e1s usar las sartenes en el horno retirando el mango con tan solo un click!<br \/>\n&#8211; V\u00c1LIDOS PARA TODO TIPO DE COCINAS: Sabemos que la versatilidad y la practicidad son imprescindibles para ti mientras cocinas, por eso nuestras sartenes son compatibles con todo tipo de cocinas de inducci\u00f3n, de gas, hal\u00f3genas, vitrocer\u00e1micas y el\u00e9ctricas.<br \/>\n&#8211; BERGNER: Nacimos en 1999 con la idea de ofrecer un menaje resistente, duradero y de calidad para todos. Combinamos la innovaci\u00f3n con los mejores materiales y dise\u00f1os para mejorar tu experiencia en casa.<br \/>\nDescubre el incre\u00edble juego de sartenes Bergner, que te ofrece una experiencia culinaria excepcional gracias a sus materiales de alta calidad. Fabricadas en aluminio prensado, estas sartenes aseguran un calentamiento r\u00e1pido y uniforme, lo que facilita la cocci\u00f3n perfecta de tus comidas favoritas. Cada juego incluye tres sartenes en tama\u00f1os de 18, 20 y 24 cm, adem\u00e1s de un mango ergon\u00f3mico extra\u00edble que permite apilar f\u00e1cilmente las sartenes, ahorrando espacio en tu cocina. Su dise\u00f1o innovador no solo es funcional, sino que tambi\u00e9n presenta un atractivo color rojo que animar\u00e1 tu cocina. El recubrimiento antiadherente evita que los alimentos se peguen, garantizando una limpieza sencilla y r\u00e1pida, permiti\u00e9ndote disfrutar de tu tiempo de cocina. Adem\u00e1s, estas sartenes son vers\u00e1tiles y son compatibles con todo tipo de cocinas: inducci\u00f3n, gas, hal\u00f3genas, vitrocer\u00e1micas y el\u00e9ctricas. As\u00ed que no importa qu\u00e9 tipo de cocina utilices, las sartenes Bergner est\u00e1n dise\u00f1adas para brindarte facilidad y comodidad. Con una trayectoria desde 1999, la marca Bergner se ha comprometido a ofrecer menaje resistente, duradero y de calidad, combinando innovaci\u00f3n con los mejores materiales y dise\u00f1o. Mejora tu experiencia culinaria hoy con el juego de sartenes Bergner, y nota la diferencia en cada bocado. No solo estar\u00e1s comprando utensilios de cocina, estar\u00e1s invirtiendo en calidad y dise\u00f1o que simplificar\u00e1 tu d\u00eda a d\u00eda en la cocina, \u00a1cada plato se convertir\u00e1 en una obra maestra!<\/p>\n","protected":false},"excerpt":{"rendered":"<p>&#8211; FABRICADOS EN ALUMINIO PRENSADO: Este material hace que el calor fluya r\u00e1pida y uniformemente a trav\u00e9s de la superficie de la sart\u00e9n. Adem\u00e1s, gracias a su recubrimiento antiadherente, evita que los alimentos puedan quedarse pegados en la superficie. &#8211; JUEGO DE 3 SARTENES: El set incluye 4 piezas, 3 sartenes rojas de 18, 20 [&hellip;]<\/p>\n","protected":false},"featured_media":3616,"template":"","meta":{"_gspb_post_css":""},"store":[],"product_brand":[],"product_cat":[16],"product_tag":[],"class_list":{"0":"post-3617","1":"product","2":"type-product","3":"status-publish","4":"has-post-thumbnail","6":"product_cat-sin-categorizar","8":"first","9":"instock","10":"sale","11":"shipping-taxable","12":"product-type-external"},"jetpack_sharing_enabled":true,"_links":{"self":[{"href":"https:\/\/ofertacular.com\/index.php\/wp-json\/wp\/v2\/product\/3617","targetHints":{"allow":["GET"]}}],"collection":[{"href":"https:\/\/ofertacular.com\/index.php\/wp-json\/wp\/v2\/product"}],"about":[{"href":"https:\/\/ofertacular.com\/index.php\/wp-json\/wp\/v2\/types\/product"}],"wp:featuredmedia":[{"embeddable":true,"href":"https:\/\/ofertacular.com\/index.php\/wp-json\/wp\/v2\/media\/3616"}],"wp:attachment":[{"href":"https:\/\/ofertacular.com\/index.php\/wp-json\/wp\/v2\/media?parent=3617"}],"wp:term":[{"taxonomy":"store","embeddable":true,"href":"https:\/\/ofertacular.com\/index.php\/wp-json\/wp\/v2\/store?post=3617"},{"taxonomy":"product_brand","embeddable":true,"href":"https:\/\/ofertacular.com\/index.php\/wp-json\/wp\/v2\/product_brand?post=3617"},{"taxonomy":"product_cat","embeddable":true,"href":"https:\/\/ofertacular.com\/index.php\/wp-json\/wp\/v2\/product_cat?post=3617"},{"taxonomy":"product_tag","embeddable":true,"href":"https:\/\/ofertacular.com\/index.php\/wp-json\/wp\/v2\/product_tag?post=3617"}],"curies":[{"name":"wp","href":"https:\/\/api.w.org\/{rel}","templated":true}]}}