{"id":3621,"date":"2025-02-25T16:33:13","date_gmt":"2025-02-25T15:33:13","guid":{"rendered":"https:\/\/ofertacular.com\/index.php\/producto\/hawkers-gafas\/"},"modified":"2025-02-25T16:33:13","modified_gmt":"2025-02-25T15:33:13","slug":"hawkers-gafas","status":"publish","type":"product","link":"https:\/\/ofertacular.com\/index.php\/producto\/hawkers-gafas\/","title":{"rendered":"HAWKERS Gafas"},"content":{"rendered":"<p>&#8211; Un dise\u00f1o cl\u00e1sico de doble puente de aviador en acero inoxidable dorado brillante, con lentes verdes polarizadas y terminales negros pulidos.<br \/>\n&#8211; Gafas de sol polarizadas: otorga una visi\u00f3n sin reflejos y contraste natural de colores. Lentes categor\u00eda 3 fabricadas con material bio tac polarizado y protecci\u00f3n uv400.<br \/>\n&#8211; Montura en acero inoxidable libre de n\u00edquel que las hace altamente resistentes a la corrosi\u00f3n y mucho m\u00e1s fuertes. Almohadillas de silicona ajustables.<br \/>\n&#8211; Producto original Hawkers. La caja incluye funda en microfibra y caja<br \/>\n&#8211; Medidas: Frontal 146 mm; Patillas 145 mm ; Puente 15 mm ; Alto 54 mm. Modelo Unisex<br \/>\nDescubre el estilo y la funcionalidad de las Gafas de Sol Hawkers, un complemento esencial para quienes buscan no solamente una protecci\u00f3n ocular de alta calidad, sino tambi\u00e9n un toque distintivo en su atuendo. Con un dise\u00f1o cl\u00e1sico de doble puente de aviador, estas gafas est\u00e1n fabricadas en acero inoxidable dorado brillante, lo que les confiere una apariencia elegante y moderna. Las lentes verdes polarizadas no solo ofrecen un estilo atractivo, sino que tambi\u00e9n garantizan una visi\u00f3n sin reflejos, permiti\u00e9ndote disfrutar de colores naturales en todo su esplendor gracias a su protecci\u00f3n UV400.<\/p>\n<p>La montura de acero inoxidable es libre de n\u00edquel, lo que a\u00f1ade un extra de seguridad para aquellos con piel sensible, adem\u00e1s de ser altamente resistente a la corrosi\u00f3n, ofreciendo una durabilidad excepcional. Este modelo cuenta con almohadillas de silicona ajustables que aseguran un confort perfecto adapt\u00e1ndose f\u00e1cilmente a la forma de tu rostro.<\/p>\n<p>Las Gafas de Sol Hawkers son un accesorio unisex, pensadas para todos aquellos que desean a\u00f1adir un toque de sofisticaci\u00f3n a su look diario. Con medidas de 146 mm en el frontal, 145 mm en las patillas, un puente de 15 mm y un alto de 54 mm, son perfectas para diversas morfolog\u00edas faciales. Adem\u00e1s, cada par de gafas se entrega en una elegante caja que incluye una funda de microfibra, brindando protecci\u00f3n adicional y un lugar seguro para almacenarlas cuando no est\u00e9n en uso.<\/p>\n<p>Ya sea que est\u00e9s disfrutando de un d\u00eda soleado en la playa, paseando por la ciudad, o participando en actividades al aire libre, las Gafas de Sol Hawkers son tu mejor aliada. No solo te proteger\u00e1n efectivamente de los da\u00f1inos rayos UV, sino que tambi\u00e9n te permitir\u00e1n lucir un estilo inconfundible. Dale un giro a cualquier outfit y destaca con este producto original. \u00a1No te quedes sin las tuyas!<\/p>\n","protected":false},"excerpt":{"rendered":"<p>&#8211; Un dise\u00f1o cl\u00e1sico de doble puente de aviador en acero inoxidable dorado brillante, con lentes verdes polarizadas y terminales negros pulidos. &#8211; Gafas de sol polarizadas: otorga una visi\u00f3n sin reflejos y contraste natural de colores. Lentes categor\u00eda 3 fabricadas con material bio tac polarizado y protecci\u00f3n uv400. &#8211; Montura en acero inoxidable libre [&hellip;]<\/p>\n","protected":false},"featured_media":3620,"template":"","meta":{"_gspb_post_css":""},"store":[],"product_brand":[],"product_cat":[16],"product_tag":[],"class_list":{"0":"post-3621","1":"product","2":"type-product","3":"status-publish","4":"has-post-thumbnail","6":"product_cat-sin-categorizar","8":"first","9":"instock","10":"sale","11":"shipping-taxable","12":"product-type-external"},"jetpack_sharing_enabled":true,"_links":{"self":[{"href":"https:\/\/ofertacular.com\/index.php\/wp-json\/wp\/v2\/product\/3621","targetHints":{"allow":["GET"]}}],"collection":[{"href":"https:\/\/ofertacular.com\/index.php\/wp-json\/wp\/v2\/product"}],"about":[{"href":"https:\/\/ofertacular.com\/index.php\/wp-json\/wp\/v2\/types\/product"}],"wp:featuredmedia":[{"embeddable":true,"href":"https:\/\/ofertacular.com\/index.php\/wp-json\/wp\/v2\/media\/3620"}],"wp:attachment":[{"href":"https:\/\/ofertacular.com\/index.php\/wp-json\/wp\/v2\/media?parent=3621"}],"wp:term":[{"taxonomy":"store","embeddable":true,"href":"https:\/\/ofertacular.com\/index.php\/wp-json\/wp\/v2\/store?post=3621"},{"taxonomy":"product_brand","embeddable":true,"href":"https:\/\/ofertacular.com\/index.php\/wp-json\/wp\/v2\/product_brand?post=3621"},{"taxonomy":"product_cat","embeddable":true,"href":"https:\/\/ofertacular.com\/index.php\/wp-json\/wp\/v2\/product_cat?post=3621"},{"taxonomy":"product_tag","embeddable":true,"href":"https:\/\/ofertacular.com\/index.php\/wp-json\/wp\/v2\/product_tag?post=3621"}],"curies":[{"name":"wp","href":"https:\/\/api.w.org\/{rel}","templated":true}]}}