{"id":3623,"date":"2025-02-26T08:55:53","date_gmt":"2025-02-26T07:55:53","guid":{"rendered":"https:\/\/ofertacular.com\/index.php\/producto\/huawei-watch\/"},"modified":"2025-02-26T08:55:53","modified_gmt":"2025-02-26T07:55:53","slug":"huawei-watch","status":"publish","type":"product","link":"https:\/\/ofertacular.com\/index.php\/producto\/huawei-watch\/","title":{"rendered":"HUAWEI Watch"},"content":{"rendered":"<p>&#8211; J Blue<br \/>\n&#8211; \u301042 dB de cancelaci\u00f3n de ruido activa con m\u00faltiples modos\u3011Si\u00e9ntase libre de elegir entre los modos de cancelaci\u00f3n de ruido Ultra, General y Acogedor, para adaptar los efectos a las situaciones<br \/>\n&#8211; \u3010Audio de \u00f3ptima resoluci\u00f3n para los o\u00eddos exigentes\u3011HUAWEI FreeBuds 5i cuenta con audio inal\u00e1mbrico de \u00f3ptima resoluci\u00f3n certificado, con una respuesta de frecuencia amplia, sonido de \u00f3ptima resoluci\u00f3n de enlace completo para fuentes de audio HD<br \/>\n&#8211; \u3010Potente duraci\u00f3n de la bater\u00eda\u3011Los auriculares pueden ofrecer hasta 28 horas de reproducci\u00f3n de m\u00fasica cuando se usan con el estuche de carga; hUAWEI FreeBuds 5i puede reproducir 4 horas de audio con una carga de solo 15 minutos<br \/>\nLos HUAWEI FreeBuds 5i son la opci\u00f3n ideal para aquellos que buscan una experiencia de audio inigualable. Con 42 dB de cancelaci\u00f3n de ruido activa y m\u00faltiples modos, estos auriculares se adaptan perfectamente a tus necesidades, ya sea que est\u00e9s en un entorno ruidoso o simplemente desees disfrutar de tu m\u00fasica sin distracciones. Gracias a su innovadora tecnolog\u00eda, puedes elegir entre los modos Ultra, General y Acogedor, permiti\u00e9ndote personalizar tu experiencia auditiva en funci\u00f3n de la situaci\u00f3n en la que te encuentres.<\/p>\n<p>La calidad del sonido es otro de los grandes fuertes de los HUAWEI FreeBuds 5i. Certificados para ofrecer una \u00f3ptima resoluci\u00f3n de audio, su amplia respuesta de frecuencia garantiza que disfrutar\u00e1s de un sonido cristalino y envolvente. Esto los convierte en una opci\u00f3n no solo para el usuario promedio, sino tambi\u00e9n para los oyentes m\u00e1s exigentes que desean un rendimiento de audio de alta definici\u00f3n. Disfruta de tu m\u00fasica, podcasts o audiolibros con una claridad impresionante que solo HUAWEI puede ofrecer.<\/p>\n<p>La duraci\u00f3n de la bater\u00eda es excepcional, lo que lo convierte en un compa\u00f1ero ideal en tu d\u00eda a d\u00eda. Podr\u00e1s escuchar hasta 28 horas de m\u00fasica con el estuche de carga, mientras que con solo 15 minutos de carga, podr\u00e1s disfrutar de 4 horas de audio. Esto significa menos tiempo cargando y m\u00e1s tiempo disfrutando de tu m\u00fasica favorita, lo que es una gran ventaja en la vida moderna tan ajetreada. <\/p>\n<p>En t\u00e9rminos de dise\u00f1o, los HUAWEI FreeBuds 5i mantienen la est\u00e9tica moderna y elegante, que caracteriza a la marca. Son ligeros y c\u00f3modos para llevar todo el d\u00eda, perfectos para quienes se desplazan o practican deporte. Adem\u00e1s, su conectividad Bluetooth asegura una conexi\u00f3n r\u00e1pida y estable, para que no tengas que preocuparte por interrupciones en tu m\u00fasica o llamadas.<\/p>\n","protected":false},"excerpt":{"rendered":"<p>&#8211; J Blue &#8211; \u301042 dB de cancelaci\u00f3n de ruido activa con m\u00faltiples modos\u3011Si\u00e9ntase libre de elegir entre los modos de cancelaci\u00f3n de ruido Ultra, General y Acogedor, para adaptar los efectos a las situaciones &#8211; \u3010Audio de \u00f3ptima resoluci\u00f3n para los o\u00eddos exigentes\u3011HUAWEI FreeBuds 5i cuenta con audio inal\u00e1mbrico de \u00f3ptima resoluci\u00f3n certificado, con [&hellip;]<\/p>\n","protected":false},"featured_media":3622,"template":"","meta":{"_gspb_post_css":""},"store":[],"product_brand":[],"product_cat":[16],"product_tag":[],"class_list":{"0":"post-3623","1":"product","2":"type-product","3":"status-publish","4":"has-post-thumbnail","6":"product_cat-sin-categorizar","8":"first","9":"instock","10":"sale","11":"shipping-taxable","12":"product-type-external"},"jetpack_sharing_enabled":true,"_links":{"self":[{"href":"https:\/\/ofertacular.com\/index.php\/wp-json\/wp\/v2\/product\/3623","targetHints":{"allow":["GET"]}}],"collection":[{"href":"https:\/\/ofertacular.com\/index.php\/wp-json\/wp\/v2\/product"}],"about":[{"href":"https:\/\/ofertacular.com\/index.php\/wp-json\/wp\/v2\/types\/product"}],"wp:featuredmedia":[{"embeddable":true,"href":"https:\/\/ofertacular.com\/index.php\/wp-json\/wp\/v2\/media\/3622"}],"wp:attachment":[{"href":"https:\/\/ofertacular.com\/index.php\/wp-json\/wp\/v2\/media?parent=3623"}],"wp:term":[{"taxonomy":"store","embeddable":true,"href":"https:\/\/ofertacular.com\/index.php\/wp-json\/wp\/v2\/store?post=3623"},{"taxonomy":"product_brand","embeddable":true,"href":"https:\/\/ofertacular.com\/index.php\/wp-json\/wp\/v2\/product_brand?post=3623"},{"taxonomy":"product_cat","embeddable":true,"href":"https:\/\/ofertacular.com\/index.php\/wp-json\/wp\/v2\/product_cat?post=3623"},{"taxonomy":"product_tag","embeddable":true,"href":"https:\/\/ofertacular.com\/index.php\/wp-json\/wp\/v2\/product_tag?post=3623"}],"curies":[{"name":"wp","href":"https:\/\/api.w.org\/{rel}","templated":true}]}}