{"id":3625,"date":"2025-02-26T08:58:03","date_gmt":"2025-02-26T07:58:03","guid":{"rendered":"https:\/\/ofertacular.com\/index.php\/producto\/mister-tee\/"},"modified":"2025-02-26T08:58:03","modified_gmt":"2025-02-26T07:58:03","slug":"mister-tee","status":"publish","type":"product","link":"https:\/\/ofertacular.com\/index.php\/producto\/mister-tee\/","title":{"rendered":"Mister Tee"},"content":{"rendered":"<p>&#8211; Comodidad y estilo: este su\u00e9ter es ideal para vestir con un outfit casual por su dise\u00f1o, incluso es adecuado para hacer deporte, gracias a su composici\u00f3n 65% algod\u00f3n, 35% poli\u00e9ster.<br \/>\n&#8211; El fondo de armario: la versatilidad de esta prenda con corte deportivo, te facilita la combinaci\u00f3n con distintos tipos de prendas, dando como resultados looks deportivos y modernos.<br \/>\n&#8211; Agradable y c\u00e1lida: se trata de una sudadera con gorro ajustable que puede lavar en la lavadora, sin perder su tacto suave y agradable, sin riesgo de estropear el estampado frontal.<br \/>\n&#8211; Un must-have: con este su\u00e9ter tendr\u00e1s siempre a mano la prenda ideal para complementar tus outfits de estilo urbano perfectos para el d\u00eda a d\u00eda activo, garantizando comodidad.<br \/>\n&#8211; Volumen de suministro: 1 x Su\u00e9ter hombre Mister Tee bolsillo delantero, manga larga, capucha ajustable, con estampado frontal, corte moderno, distintos colores, tallas XS &#8211; 5XL, de Urban Classics.<br \/>\nDescubre el Su\u00e9ter Casual de Mister Tee, una prenda imprescindible para aquellos que valoran tanto el estilo como la comodidad. Este su\u00e9ter, confeccionado con un 65% de algod\u00f3n y un 35% de poli\u00e9ster, es perfecto para cualquier ocasi\u00f3n. Su dise\u00f1o vers\u00e1til lo convierte en la opci\u00f3n ideal para un look casual o deportivo, permitiendo combinarlo f\u00e1cilmente con diferentes prendas de tu armario. Ya sea que est\u00e9s corriendo en el parque o disfrutando de un d\u00eda relajado con amigos, este su\u00e9ter se adapta a tus necesidades.  <\/p>\n<p>La suavidad de su tejido hace que cada uso sea agradable, mientras que su capucha ajustable proporciona un toque adicional de calidez en d\u00edas frescos. Este su\u00e9ter no solo es funcional, sino tambi\u00e9n f\u00e1cil de cuidar; puedes lavarlo a m\u00e1quina sin temor a que pierda su forma o la calidad de su estampado frontal. Con tallas que van desde XS hasta 5XL y disponible en una variedad de colores, Mister Tee se asegura de que encuentres el ajuste perfecto.  <\/p>\n<p>No te quedes sin esta prenda esencial en tu colecci\u00f3n. El Su\u00e9ter Casual de Mister Tee es un \u00abmust-have\u00bb para el armario urbano moderno. Comodidad, estilo y calidad se unen en esta pieza, que seguramente se convertir\u00e1 en tu favorita para el d\u00eda a d\u00eda. \u00a1Hazte con el tuyo y eleva tu estilo urbano al siguiente nivel!<\/p>\n","protected":false},"excerpt":{"rendered":"<p>&#8211; Comodidad y estilo: este su\u00e9ter es ideal para vestir con un outfit casual por su dise\u00f1o, incluso es adecuado para hacer deporte, gracias a su composici\u00f3n 65% algod\u00f3n, 35% poli\u00e9ster. &#8211; El fondo de armario: la versatilidad de esta prenda con corte deportivo, te facilita la combinaci\u00f3n con distintos tipos de prendas, dando como [&hellip;]<\/p>\n","protected":false},"featured_media":3624,"template":"","meta":{"_gspb_post_css":""},"store":[],"product_brand":[],"product_cat":[16],"product_tag":[],"class_list":{"0":"post-3625","1":"product","2":"type-product","3":"status-publish","4":"has-post-thumbnail","6":"product_cat-sin-categorizar","8":"first","9":"instock","10":"sale","11":"shipping-taxable","12":"product-type-external"},"jetpack_sharing_enabled":true,"_links":{"self":[{"href":"https:\/\/ofertacular.com\/index.php\/wp-json\/wp\/v2\/product\/3625","targetHints":{"allow":["GET"]}}],"collection":[{"href":"https:\/\/ofertacular.com\/index.php\/wp-json\/wp\/v2\/product"}],"about":[{"href":"https:\/\/ofertacular.com\/index.php\/wp-json\/wp\/v2\/types\/product"}],"wp:featuredmedia":[{"embeddable":true,"href":"https:\/\/ofertacular.com\/index.php\/wp-json\/wp\/v2\/media\/3624"}],"wp:attachment":[{"href":"https:\/\/ofertacular.com\/index.php\/wp-json\/wp\/v2\/media?parent=3625"}],"wp:term":[{"taxonomy":"store","embeddable":true,"href":"https:\/\/ofertacular.com\/index.php\/wp-json\/wp\/v2\/store?post=3625"},{"taxonomy":"product_brand","embeddable":true,"href":"https:\/\/ofertacular.com\/index.php\/wp-json\/wp\/v2\/product_brand?post=3625"},{"taxonomy":"product_cat","embeddable":true,"href":"https:\/\/ofertacular.com\/index.php\/wp-json\/wp\/v2\/product_cat?post=3625"},{"taxonomy":"product_tag","embeddable":true,"href":"https:\/\/ofertacular.com\/index.php\/wp-json\/wp\/v2\/product_tag?post=3625"}],"curies":[{"name":"wp","href":"https:\/\/api.w.org\/{rel}","templated":true}]}}