{"id":3629,"date":"2025-02-26T10:03:42","date_gmt":"2025-02-26T09:03:42","guid":{"rendered":"https:\/\/ofertacular.com\/index.php\/producto\/cecotec-airfryer\/"},"modified":"2025-02-26T10:03:42","modified_gmt":"2025-02-26T09:03:42","slug":"cecotec-airfryer","status":"publish","type":"product","link":"https:\/\/ofertacular.com\/index.php\/producto\/cecotec-airfryer\/","title":{"rendered":"Cecotec Airfryer"},"content":{"rendered":"<p>&#8211; Freidora diet\u00e9tica que permite cocinar con una sola cucharada de aceite, consiguiendo unos resultados m\u00e1s sanos.<br \/>\n&#8211; Cubeta de 6 L de capacidad para poder cocinar grandes cantidades de alimentos. 1700 W de potencia para cocinar de manera r\u00e1pida todos los platos. Resultados excepcionales en todas las recetas gracias a la tecnolog\u00eda PerfectCook de aire caliente que circula por el interior y sale por los orificios traseros.<br \/>\n&#8211; Dise\u00f1o moderno y compacto con un panel de control t\u00e1ctil multifunci\u00f3n para controlar el funcionamiento.<br \/>\n&#8211; 12 modos preconfigurados que establecen el tiempo y la temperatura necesarios para cocinar distintos tipos de alimentos. Dispone de termostato para regular la temperatura desde 80 \u00baC hasta 200 \u00baC. Tiempo ajustable de 0 a 60 minutos.<br \/>\n&#8211; Con protecci\u00f3n contra sobrecalentamiento. Base antideslizante para favorecer su apoyo durante el funcionamiento.<br \/>\nDescubre la Airfryer Cecotec, la freidora diet\u00e9tica que revoluciona la forma de cocinar. Con su avanzada tecnolog\u00eda de aire caliente PerfectCook, esta freidora permite disfrutar de comidas saludables con solo una cucharada de aceite. Su cubeta de impresionante capacidad de 6 litros es perfecta para preparar grandes cantidades de tus platos favoritos, haciendo de cada comida una experiencia \u00fanica y deliciosa. <\/p>\n<p>Con 1700 W de potencia, la Airfryer Cecotec garantiza una cocci\u00f3n r\u00e1pida y uniforme, asegurando resultados excepcionales en cada uso. Ya sea que desees cocinar pollo crujiente, patatas fritas doradas o verduras asadas, su funcionamiento eficiente y r\u00e1pido te facilitar\u00e1 conseguir la textura perfecta en cada receta. <\/p>\n<p>Adem\u00e1s, su dise\u00f1o moderno y compacto es ideal para cualquier cocina, mientras que el panel de control t\u00e1ctil multifunci\u00f3n permite ajustar f\u00e1cilmente el tiempo y la temperatura. Con 12 modos preconfigurados, cocinar nunca hab\u00eda sido tan simple; simplemente selecciona el tipo de alimento y deja que la Airfryer haga el resto. La temperatura se puede regular entre 80 \u00baC y 200 \u00baC, y el temporizador es ajustable hasta 60 minutos, lo que brinda una flexibilidad \u00fanica a la hora de cocinar.  <\/p>\n<p>La seguridad es prioridad en este aparato. La Airfryer Cecotec cuenta con protecci\u00f3n contra sobrecalentamiento y una base antideslizante que proporciona estabilidad mientras cocinas, evitando cualquier accidente indeseado.  <\/p>\n<p>No te conformes con cualquier freidora, elige la Airfryer Cecotec para disfrutar de comidas irresistibles y m\u00e1s saludables. Es la opci\u00f3n perfecta para quienes buscan combinar sabor y salud en su alimentaci\u00f3n. Adem\u00e1s, su f\u00e1cil limpieza y uso intuitivo la hacen una herramienta indispensable en la cocina.<\/p>\n","protected":false},"excerpt":{"rendered":"<p>&#8211; Freidora diet\u00e9tica que permite cocinar con una sola cucharada de aceite, consiguiendo unos resultados m\u00e1s sanos. &#8211; Cubeta de 6 L de capacidad para poder cocinar grandes cantidades de alimentos. 1700 W de potencia para cocinar de manera r\u00e1pida todos los platos. Resultados excepcionales en todas las recetas gracias a la tecnolog\u00eda PerfectCook de [&hellip;]<\/p>\n","protected":false},"featured_media":3628,"template":"","meta":{"_gspb_post_css":""},"store":[],"product_brand":[],"product_cat":[16],"product_tag":[],"class_list":{"0":"post-3629","1":"product","2":"type-product","3":"status-publish","4":"has-post-thumbnail","6":"product_cat-sin-categorizar","8":"first","9":"instock","10":"sale","11":"shipping-taxable","12":"product-type-external"},"jetpack_sharing_enabled":true,"_links":{"self":[{"href":"https:\/\/ofertacular.com\/index.php\/wp-json\/wp\/v2\/product\/3629","targetHints":{"allow":["GET"]}}],"collection":[{"href":"https:\/\/ofertacular.com\/index.php\/wp-json\/wp\/v2\/product"}],"about":[{"href":"https:\/\/ofertacular.com\/index.php\/wp-json\/wp\/v2\/types\/product"}],"wp:featuredmedia":[{"embeddable":true,"href":"https:\/\/ofertacular.com\/index.php\/wp-json\/wp\/v2\/media\/3628"}],"wp:attachment":[{"href":"https:\/\/ofertacular.com\/index.php\/wp-json\/wp\/v2\/media?parent=3629"}],"wp:term":[{"taxonomy":"store","embeddable":true,"href":"https:\/\/ofertacular.com\/index.php\/wp-json\/wp\/v2\/store?post=3629"},{"taxonomy":"product_brand","embeddable":true,"href":"https:\/\/ofertacular.com\/index.php\/wp-json\/wp\/v2\/product_brand?post=3629"},{"taxonomy":"product_cat","embeddable":true,"href":"https:\/\/ofertacular.com\/index.php\/wp-json\/wp\/v2\/product_cat?post=3629"},{"taxonomy":"product_tag","embeddable":true,"href":"https:\/\/ofertacular.com\/index.php\/wp-json\/wp\/v2\/product_tag?post=3629"}],"curies":[{"name":"wp","href":"https:\/\/api.w.org\/{rel}","templated":true}]}}