{"id":3631,"date":"2025-02-26T10:13:54","date_gmt":"2025-02-26T09:13:54","guid":{"rendered":"https:\/\/ofertacular.com\/index.php\/producto\/levis-taper\/"},"modified":"2025-02-26T10:13:54","modified_gmt":"2025-02-26T09:13:54","slug":"levis-taper","status":"publish","type":"product","link":"https:\/\/ofertacular.com\/index.php\/producto\/levis-taper\/","title":{"rendered":"Levi&#8217;s Taper"},"content":{"rendered":"<p>&#8211; Un cl\u00e1sico Taper para el d\u00eda a d\u00eda<br \/>\n&#8211; Ajuste c\u00f3modo y ancho<br \/>\n&#8211; Una alternativa elegante y moderna a los vaqueros rectos<br \/>\n&#8211; Con un toque de nuestro Comfort Stretch para comodidad durante todo el d\u00eda<br \/>\n&#8211; Ajuste regular en el muslo<br \/>\n&#8211; Pierna estrecha<br \/>\n&#8211; Se asienta en la cintura<br \/>\nDescubre los Vaqueros Taper de Levi&#8217;s, la opci\u00f3n ideal para quienes buscan estilo sin sacrificar comodidad. Estos vaqueros, con un dise\u00f1o cl\u00e1sico, son perfectos para el d\u00eda a d\u00eda, brind\u00e1ndote un ajuste c\u00f3modo y ancho que te permitir\u00e1 moverte libremente. Su elegante silueta se convierte en una alternativa moderna y sofisticada a los tradicionales vaqueros rectos, destacando por su pierna estrecha que realza tu figura. <\/p>\n<p>La innovaci\u00f3n detr\u00e1s de estos vaqueros es su Comfort Stretch, una caracter\u00edstica que asegura que te sientas c\u00f3modo durante todo el d\u00eda, independientemente de las actividades que realices. Con un ajuste regular en el muslo que proporciona espacio sin perder la forma, estos vaqueros se asientan perfectamente en la cintura, d\u00e1ndote un look equilibrado y elegante. <\/p>\n<p>Ideal para ocasiones casuales o m\u00e1s formales, los Vaqueros Taper de Levi&#8217;s se pueden combinar f\u00e1cilmente con tus camisetas favoritas, camisas o jers\u00e9is para lograr un estilo vers\u00e1til. Ya sea que est\u00e9s planeando un d\u00eda de salida, una reuni\u00f3n informal o simplemente quieras lucir bien mientras disfrutas de un d\u00eda en casa, estos vaqueros son la elecci\u00f3n perfecta. Dale a tu guardarropa un toque de modernidad y comodidad con Levi&#8217;s, una marca reconocida por su calidad y estilo. <\/p>\n<p>Incorpora estos vaqueros a tu colecci\u00f3n y experimenta la frescura y el confort que ofrecen, porque en Levi&#8217;s la moda se une a la funcionalidad. No esperes m\u00e1s para elevar tu estilo diario con los Vaqueros Taper de Levi&#8217;s, \u00a1son la prenda que estabas buscando!<\/p>\n","protected":false},"excerpt":{"rendered":"<p>&#8211; Un cl\u00e1sico Taper para el d\u00eda a d\u00eda &#8211; Ajuste c\u00f3modo y ancho &#8211; Una alternativa elegante y moderna a los vaqueros rectos &#8211; Con un toque de nuestro Comfort Stretch para comodidad durante todo el d\u00eda &#8211; Ajuste regular en el muslo &#8211; Pierna estrecha &#8211; Se asienta en la cintura Descubre los [&hellip;]<\/p>\n","protected":false},"featured_media":3630,"template":"","meta":{"_gspb_post_css":""},"store":[],"product_brand":[],"product_cat":[16],"product_tag":[],"class_list":{"0":"post-3631","1":"product","2":"type-product","3":"status-publish","4":"has-post-thumbnail","6":"product_cat-sin-categorizar","8":"first","9":"instock","10":"shipping-taxable","11":"product-type-external"},"jetpack_sharing_enabled":true,"_links":{"self":[{"href":"https:\/\/ofertacular.com\/index.php\/wp-json\/wp\/v2\/product\/3631","targetHints":{"allow":["GET"]}}],"collection":[{"href":"https:\/\/ofertacular.com\/index.php\/wp-json\/wp\/v2\/product"}],"about":[{"href":"https:\/\/ofertacular.com\/index.php\/wp-json\/wp\/v2\/types\/product"}],"wp:featuredmedia":[{"embeddable":true,"href":"https:\/\/ofertacular.com\/index.php\/wp-json\/wp\/v2\/media\/3630"}],"wp:attachment":[{"href":"https:\/\/ofertacular.com\/index.php\/wp-json\/wp\/v2\/media?parent=3631"}],"wp:term":[{"taxonomy":"store","embeddable":true,"href":"https:\/\/ofertacular.com\/index.php\/wp-json\/wp\/v2\/store?post=3631"},{"taxonomy":"product_brand","embeddable":true,"href":"https:\/\/ofertacular.com\/index.php\/wp-json\/wp\/v2\/product_brand?post=3631"},{"taxonomy":"product_cat","embeddable":true,"href":"https:\/\/ofertacular.com\/index.php\/wp-json\/wp\/v2\/product_cat?post=3631"},{"taxonomy":"product_tag","embeddable":true,"href":"https:\/\/ofertacular.com\/index.php\/wp-json\/wp\/v2\/product_tag?post=3631"}],"curies":[{"name":"wp","href":"https:\/\/api.w.org\/{rel}","templated":true}]}}