{"id":3633,"date":"2025-02-26T10:14:45","date_gmt":"2025-02-26T09:14:45","guid":{"rendered":"https:\/\/ofertacular.com\/index.php\/producto\/joma-chandal\/"},"modified":"2025-02-26T10:14:45","modified_gmt":"2025-02-26T09:14:45","slug":"joma-chandal","status":"publish","type":"product","link":"https:\/\/ofertacular.com\/index.php\/producto\/joma-chandal\/","title":{"rendered":"Joma Ch\u00e1ndal"},"content":{"rendered":"<p>&#8211; Ofrece comodidad y libertad de movimiento<br \/>\n&#8211; Tela suave<br \/>\n&#8211; Ajuste ligero<br \/>\n&#8211; Tiene detalles distintivos de la marca<br \/>\nDescubre el Ch\u00e1ndal JOMA, la combinaci\u00f3n perfecta de comodidad y estilo para tus momentos de ocio y deporte. Dise\u00f1ado con una tela suave y de alta calidad, este ch\u00e1ndal te ofrece una sensaci\u00f3n de ligereza que te permitir\u00e1 moverte con total libertad. Ideal para tus entrenamientos, paseos o simplemente para relajarte en casa, el Ch\u00e1ndal JOMA se adapta a tu cuerpo brind\u00e1ndote un ajuste ligero que favorece tu figura sin sacrificar la comodidad. <\/p>\n<p>Los detalles distintivos de la marca JOMA a\u00f1aden un toque de exclusividad a esta prenda, haci\u00e9ndola no solo pr\u00e1ctica, sino tambi\u00e9n atractiva. Con su dise\u00f1o moderno y sport, es apto tanto para hombres como para mujeres, convirti\u00e9ndolo en una excelente opci\u00f3n para compartir con amigos o familiares. Adem\u00e1s, su versatilidad permite que lo combines f\u00e1cilmente con cualquier calzado deportivo o casual. <\/p>\n<p>No dejes pasar la oportunidad de lucir un estilo fresco y din\u00e1mico. Ya sea que est\u00e9s en una sesi\u00f3n de entrenamiento intensiva o disfrutando de un d\u00eda relajado, el Ch\u00e1ndal JOMA es la elecci\u00f3n perfecta que se adaptar\u00e1 a tus necesidades deportivas y de moda. <\/p>\n<p>No busques m\u00e1s, haz que el Ch\u00e1ndal JOMA sea parte de tu armario y experimenta la libertad de movimiento que te ofrece. \u00a1Adquiere el tuyo hoy mismo! Con un dise\u00f1o que resalta la est\u00e9tica deportiva, estar\u00e1s a la vanguardia mientras disfrutas del confort. Potencia tu rendimiento con calidad y estilo, porque en cada actividad, la marca JOMA est\u00e1 contigo.<\/p>\n","protected":false},"excerpt":{"rendered":"<p>&#8211; Ofrece comodidad y libertad de movimiento &#8211; Tela suave &#8211; Ajuste ligero &#8211; Tiene detalles distintivos de la marca Descubre el Ch\u00e1ndal JOMA, la combinaci\u00f3n perfecta de comodidad y estilo para tus momentos de ocio y deporte. Dise\u00f1ado con una tela suave y de alta calidad, este ch\u00e1ndal te ofrece una sensaci\u00f3n de ligereza [&hellip;]<\/p>\n","protected":false},"featured_media":3632,"template":"","meta":{"_gspb_post_css":""},"store":[],"product_brand":[],"product_cat":[16],"product_tag":[],"class_list":{"0":"post-3633","1":"product","2":"type-product","3":"status-publish","4":"has-post-thumbnail","6":"product_cat-sin-categorizar","8":"first","9":"instock","10":"sale","11":"shipping-taxable","12":"product-type-external"},"jetpack_sharing_enabled":true,"_links":{"self":[{"href":"https:\/\/ofertacular.com\/index.php\/wp-json\/wp\/v2\/product\/3633","targetHints":{"allow":["GET"]}}],"collection":[{"href":"https:\/\/ofertacular.com\/index.php\/wp-json\/wp\/v2\/product"}],"about":[{"href":"https:\/\/ofertacular.com\/index.php\/wp-json\/wp\/v2\/types\/product"}],"wp:featuredmedia":[{"embeddable":true,"href":"https:\/\/ofertacular.com\/index.php\/wp-json\/wp\/v2\/media\/3632"}],"wp:attachment":[{"href":"https:\/\/ofertacular.com\/index.php\/wp-json\/wp\/v2\/media?parent=3633"}],"wp:term":[{"taxonomy":"store","embeddable":true,"href":"https:\/\/ofertacular.com\/index.php\/wp-json\/wp\/v2\/store?post=3633"},{"taxonomy":"product_brand","embeddable":true,"href":"https:\/\/ofertacular.com\/index.php\/wp-json\/wp\/v2\/product_brand?post=3633"},{"taxonomy":"product_cat","embeddable":true,"href":"https:\/\/ofertacular.com\/index.php\/wp-json\/wp\/v2\/product_cat?post=3633"},{"taxonomy":"product_tag","embeddable":true,"href":"https:\/\/ofertacular.com\/index.php\/wp-json\/wp\/v2\/product_tag?post=3633"}],"curies":[{"name":"wp","href":"https:\/\/api.w.org\/{rel}","templated":true}]}}