{"id":3635,"date":"2025-02-26T10:16:46","date_gmt":"2025-02-26T09:16:46","guid":{"rendered":"https:\/\/ofertacular.com\/index.php\/producto\/nike-court\/"},"modified":"2025-02-26T10:16:46","modified_gmt":"2025-02-26T09:16:46","slug":"nike-court","status":"publish","type":"product","link":"https:\/\/ofertacular.com\/index.php\/producto\/nike-court\/","title":{"rendered":"Nike Court"},"content":{"rendered":"<p>&#8211; Forro textil<br \/>\n&#8211; suela de goma flexible y antideslizante<br \/>\n&#8211; Imitaci\u00f3n de cuero liso<br \/>\nLos Zapatos Nike Court son la opci\u00f3n perfecta para quienes buscan combinar estilo y comodidad en su d\u00eda a d\u00eda. Con un dise\u00f1o moderno y elegante, estos zapatos est\u00e1n confeccionados con un forro textil que proporciona una gran transpirabilidad, manteniendo tus pies frescos y c\u00f3modos incluso durante las largas horas de uso. Adem\u00e1s, cuentan con una suela de goma flexible y antideslizante que brinda un excelente agarre en diversas superficies, ideal para actividades tanto en interiores como al aire libre.<\/p>\n<p>La imitaci\u00f3n de cuero liso no solo aporta un toque de sofisticaci\u00f3n, sino que tambi\u00e9n asegura una f\u00e1cil limpieza y mantenimiento. Esto los convierte en la elecci\u00f3n ideal para cualquier ocasi\u00f3n, ya sea casual o un poco m\u00e1s formal. Cada paso que des con los zapatos Nike Court estar\u00e1 respaldado por la calidad y la innovaci\u00f3n que caracterizan a la marca Nike, reconocida a nivel mundial por su compromiso con el rendimiento y la moda.<\/p>\n<p>Con estos zapatos, no solo te ver\u00e1s bien, sino que tambi\u00e9n sentir\u00e1s la diferencia en tu andar. La comodidad est\u00e1 garantizada, gracias a su dise\u00f1o ergon\u00f3mico que se adapta a la forma de tu pie. No importa si tienes un estilo de vida activo o prefieres un look m\u00e1s relajado, los Nike Court se convertir\u00e1n en tus aliados indispensables.<\/p>\n<p>No te pierdas la oportunidad de elevar tu estilo con estos incre\u00edbles zapatos. Disponible en diversas tallas y colores, perfectos para combinar con cualquier outfit. Ya sea que est\u00e9s buscando unos zapatos para el d\u00eda a d\u00eda, para salir con amigos o simplemente para estar en casa, los Nike Court te ofrecer\u00e1n versatilidad y practicidad. Haz de tus pasos una declaraci\u00f3n de estilo con Nike. \u00a1No esperes m\u00e1s y adquiere los tuyos hoy mismo!<\/p>\n","protected":false},"excerpt":{"rendered":"<p>&#8211; Forro textil &#8211; suela de goma flexible y antideslizante &#8211; Imitaci\u00f3n de cuero liso Los Zapatos Nike Court son la opci\u00f3n perfecta para quienes buscan combinar estilo y comodidad en su d\u00eda a d\u00eda. Con un dise\u00f1o moderno y elegante, estos zapatos est\u00e1n confeccionados con un forro textil que proporciona una gran transpirabilidad, manteniendo [&hellip;]<\/p>\n","protected":false},"featured_media":3634,"template":"","meta":{"_gspb_post_css":""},"store":[],"product_brand":[],"product_cat":[16],"product_tag":[],"class_list":{"0":"post-3635","1":"product","2":"type-product","3":"status-publish","4":"has-post-thumbnail","6":"product_cat-sin-categorizar","8":"first","9":"instock","10":"sale","11":"shipping-taxable","12":"product-type-external"},"jetpack_sharing_enabled":true,"_links":{"self":[{"href":"https:\/\/ofertacular.com\/index.php\/wp-json\/wp\/v2\/product\/3635","targetHints":{"allow":["GET"]}}],"collection":[{"href":"https:\/\/ofertacular.com\/index.php\/wp-json\/wp\/v2\/product"}],"about":[{"href":"https:\/\/ofertacular.com\/index.php\/wp-json\/wp\/v2\/types\/product"}],"wp:featuredmedia":[{"embeddable":true,"href":"https:\/\/ofertacular.com\/index.php\/wp-json\/wp\/v2\/media\/3634"}],"wp:attachment":[{"href":"https:\/\/ofertacular.com\/index.php\/wp-json\/wp\/v2\/media?parent=3635"}],"wp:term":[{"taxonomy":"store","embeddable":true,"href":"https:\/\/ofertacular.com\/index.php\/wp-json\/wp\/v2\/store?post=3635"},{"taxonomy":"product_brand","embeddable":true,"href":"https:\/\/ofertacular.com\/index.php\/wp-json\/wp\/v2\/product_brand?post=3635"},{"taxonomy":"product_cat","embeddable":true,"href":"https:\/\/ofertacular.com\/index.php\/wp-json\/wp\/v2\/product_cat?post=3635"},{"taxonomy":"product_tag","embeddable":true,"href":"https:\/\/ofertacular.com\/index.php\/wp-json\/wp\/v2\/product_tag?post=3635"}],"curies":[{"name":"wp","href":"https:\/\/api.w.org\/{rel}","templated":true}]}}