{"id":3675,"date":"2025-02-27T08:32:59","date_gmt":"2025-02-27T07:32:59","guid":{"rendered":"https:\/\/ofertacular.com\/index.php\/producto\/braun-recortadora\/"},"modified":"2025-02-27T08:32:59","modified_gmt":"2025-02-27T07:32:59","slug":"braun-recortadora","status":"publish","type":"product","link":"https:\/\/ofertacular.com\/index.php\/producto\/braun-recortadora\/","title":{"rendered":"Braun Recortadora"},"content":{"rendered":"<p>&#8211; Recortadora todo en uno 6 en 1 de Braun para barba y cara: herramientas para barba, afeitado de precisi\u00f3n y cortar el pelo en casa<br \/>\n&#8211; Consigue tu estilo sin esfuerzo: la l\u00e1mina ultraafilada es eficiente en cada pasada, incluso en las zonas de dif\u00edcil acceso, para un acabado incre\u00edble y un afeitado c\u00f3modo. Recorta la barba y el pelo<br \/>\n&#8211; Recorta f\u00e1cilmente cualquier longitud. Consigue el mejor resultado con los peines fijos de 1 y 3 mm y 2 peines deslizantes (3-21 mm)<br \/>\n&#8211; Listo para usar: esta recortadora todo en uno para hombres incluye una potente bater\u00eda Ni-MH con 50 minutos de autonom\u00eda inal\u00e1mbrica<br \/>\n&#8211; F\u00e1cil de limpiar: el dispositivo incluye cabezales y peines lavables y un cepillito de limpieza<br \/>\nLa recortadora todo en uno 6 en 1 de Braun es la herramienta definitiva que todo hombre necesita para mantener su estilo personal. Dise\u00f1ada con precisi\u00f3n, esta recortadora es perfecta para el cuidado de la barba y el cabello, ofreciendo una amplia gama de funciones en un solo dispositivo. Gracias a su tecnolog\u00eda avanzada, puedes recortar, afeitar y definir tanto la barba como el cabello en la comodidad de tu hogar. <\/p>\n<p>Con una l\u00e1mina ultraafilada, esta recortadora se desliza eficientemente en cada pasada, permitiendo un afeitado c\u00f3modo sin irritaciones, incluso en las \u00e1reas de dif\u00edcil acceso. Ya sea que desees un look bien cuidado o un estilo m\u00e1s desenfadado, esta herramienta facilita lograr el mejor resultado. Viene equipada con peines fijos de 1 mm y 3 mm y dos peines deslizantes de 3 a 21 mm, permitiendo una personalizaci\u00f3n total en el corte. <\/p>\n<p>La recortadora Braun no s\u00f3lo es eficaz, sino tambi\u00e9n extremadamente conveniente. Incluye una potente bater\u00eda Ni-MH que ofrece hasta 50 minutos de uso inal\u00e1mbrico, permiti\u00e9ndote estilizarte sin estar atado a un cable. La limpieza de la recortadora es igual de sencilla, ya que sus cabezales y peines son lavables. Adem\u00e1s, se incluye un cepillito de limpieza para mantener tu dispositivo en perfectas condiciones. <\/p>\n<p>Elegir la recortadora 6 en 1 de Braun es optar por la versatilidad y la calidad. No solo se trata de una herramienta de aseo personal, sino de un aliado en tu rutina de belleza masculina. Logra la precisi\u00f3n que deseas y mant\u00e9n tu imagen siempre impecable con este producto esencial para hombres que valoran su apariencia. Descubre un nuevo nivel de estilo y confort en el cuidado personal con la recortadora Braun, donde cada paso hacia tu look ideal es f\u00e1cil y satisfactorio.<\/p>\n","protected":false},"excerpt":{"rendered":"<p>&#8211; Recortadora todo en uno 6 en 1 de Braun para barba y cara: herramientas para barba, afeitado de precisi\u00f3n y cortar el pelo en casa &#8211; Consigue tu estilo sin esfuerzo: la l\u00e1mina ultraafilada es eficiente en cada pasada, incluso en las zonas de dif\u00edcil acceso, para un acabado incre\u00edble y un afeitado c\u00f3modo. [&hellip;]<\/p>\n","protected":false},"featured_media":3674,"template":"","meta":{"_gspb_post_css":""},"store":[],"product_brand":[],"product_cat":[16],"product_tag":[],"class_list":{"0":"post-3675","1":"product","2":"type-product","3":"status-publish","4":"has-post-thumbnail","6":"product_cat-sin-categorizar","8":"first","9":"instock","10":"sale","11":"shipping-taxable","12":"product-type-external"},"jetpack_sharing_enabled":true,"_links":{"self":[{"href":"https:\/\/ofertacular.com\/index.php\/wp-json\/wp\/v2\/product\/3675","targetHints":{"allow":["GET"]}}],"collection":[{"href":"https:\/\/ofertacular.com\/index.php\/wp-json\/wp\/v2\/product"}],"about":[{"href":"https:\/\/ofertacular.com\/index.php\/wp-json\/wp\/v2\/types\/product"}],"wp:featuredmedia":[{"embeddable":true,"href":"https:\/\/ofertacular.com\/index.php\/wp-json\/wp\/v2\/media\/3674"}],"wp:attachment":[{"href":"https:\/\/ofertacular.com\/index.php\/wp-json\/wp\/v2\/media?parent=3675"}],"wp:term":[{"taxonomy":"store","embeddable":true,"href":"https:\/\/ofertacular.com\/index.php\/wp-json\/wp\/v2\/store?post=3675"},{"taxonomy":"product_brand","embeddable":true,"href":"https:\/\/ofertacular.com\/index.php\/wp-json\/wp\/v2\/product_brand?post=3675"},{"taxonomy":"product_cat","embeddable":true,"href":"https:\/\/ofertacular.com\/index.php\/wp-json\/wp\/v2\/product_cat?post=3675"},{"taxonomy":"product_tag","embeddable":true,"href":"https:\/\/ofertacular.com\/index.php\/wp-json\/wp\/v2\/product_tag?post=3675"}],"curies":[{"name":"wp","href":"https:\/\/api.w.org\/{rel}","templated":true}]}}