{"id":3677,"date":"2025-02-27T08:40:23","date_gmt":"2025-02-27T07:40:23","guid":{"rendered":"https:\/\/ofertacular.com\/index.php\/producto\/nothing-phone\/"},"modified":"2025-02-27T08:40:23","modified_gmt":"2025-02-27T07:40:23","slug":"nothing-phone","status":"publish","type":"product","link":"https:\/\/ofertacular.com\/index.php\/producto\/nothing-phone\/","title":{"rendered":"Nothing Phone"},"content":{"rendered":"<p>&#8211; RESULTADOS PROFESIONALES &#8211; El procesador personalizado Dimensity 7200 Pro, dise\u00f1ado en colaboraci\u00f3n con Mediatek, ofrece el mejor rendimiento con un consumo \u00f3ptimo de la bater\u00eda. 8-core con velocidad hasta 2,8 GHz para disfrutar al m\u00e1ximo de la multitarea y nuevo proceso TSMC de \u00faltima generaci\u00f3n para una eficiencia de consumo innovadora.El 12 + 8 GB RAM Booster permite disfrutar a\u00fan m\u00e1s de las aplicaciones que m\u00e1s utilizas, recordando siempre d\u00f3nde las dejaste.<br \/>\n&#8211; DISE\u00d1O REFRESCANTE &#8211; Sistema de refrigeraci\u00f3n avanzado. Un gran cambio para mejorar el rendimiento y su duraci\u00f3n. Con c\u00e1mara de vapor extragrande (3200 mm\u00b2) para una distribuci\u00f3n del calor m\u00e1s r\u00e1pida y uniforme y una gran \u00e1rea de refrigeraci\u00f3n de 12.000 mm\u00b2 con una capa de grafito de 0,11mm de grosor para una r\u00e1pida disipaci\u00f3n del calor.<br \/>\n&#8211; DEP\u00d3SITO LLENO &#8211; Con 5,000 mAh,sigue adelante hasta 2 d\u00edas seguidos con nuestra bater\u00eda m\u00e1s grande hasta la fecha. Con carga r\u00e1pida de 45W, energ\u00eda para todo un d\u00eda en solo 20 minutos.<br \/>\n&#8211; FOTOS INCRE\u00cdBLES &#8211; Hardware y software de primer nivel unidos para demostrar que no se necesitan m\u00e1s c\u00e1maras para lograr la mejor calidad. 50 MP C\u00e1mara principal con OIS y EIS para fotos totalmente n\u00edtidas en todo momento. 50 MP C\u00e1mara ultra gran angular con campo de visi\u00f3n de 114\u00bapara las imagenes m\u00e1s completas.32 MP C\u00e1mara frontal y Grabaci\u00f3n de v\u00eddeo en 1080p a 60 fps. TrueLens Engine: algoritmos fotogr\u00e1ficos computacionales avanzados que dan realismo a detalles complejos en cada foto.<br \/>\n&#8211; ULTRA XDR-Desarrollado conjuntamente con Google. Para contrastes m\u00e1s profundos y precisos entre luces y sombras, tu c\u00e1mara captura 8 fotogramas a diferentes niveles de exposici\u00f3n en formato RAW para m\u00e1ximos detalles. Luego ajusta el brillo de cada p\u00edxel hasta 5 veces para mostrar resultados m\u00e1s fieles a la realidad. OPTIMIZADOR DE RETRATOS-El algoritmo de IA detecta rostros en el marco y mejora la resoluci\u00f3n incluso si el sujeto est\u00e1 lejos. Conserva el tono de piel bajo cualquier iluminaci\u00f3n.<br \/>\n&#8211; NOTHING OS 2.5 &#8211; Con Android 14, ofrece lo mejor de Android con una experiencia r\u00e1pida y fluida basada en el uso y la personalizaci\u00f3n de las funciones. Widgets de Nothing: Peque\u00f1as ventanas a tus apps que te permiten hacer m\u00e1s cosas directamente desde tu pantalla de inicio y de bloqueo. Con Nothing OS 2.5, hemos ampliado nuestra biblioteca con a\u00fan m\u00e1s widgets dise\u00f1ados por Nothing, con vistas deslizables y animaciones para m\u00e1s niveles de informaci\u00f3n e interacci\u00f3n.<br \/>\n&#8211; CLARIDAD Y BRILLO &#8211; Pantalla AMOLED flexible 6.7&#8243;. Colores vibrantes, contrastes profundos y biseles sim\u00e9tricos ultradelgados. 1300 nits de brillo m\u00e1ximo, Frecuencia de Refresco Adaptativa de 120 Hz y 1070 millones de colores vividos.<br \/>\n&#8211; MENOS RESIDUOS &#8211; 52kg de CO2e. Nuestra huella de carbono m\u00e1s baja en un smartphone. ncluye material reciclado procedente de la producci\u00f3n de Ear (2), 100% de aluminio reciclado en el marco central, 100% de esta\u00f1o reciclado en las 7 placas de circuitos, 100% de pel\u00edcula de cobre reciclada en la placa de circuito principal, acero reciclado en 22 piezas de acero estampado, y m\u00e1s del 50% de las piezas de pl\u00e1stico son de origen sostenible.<br \/>\nDescubre el Nothing Phone, un dispositivo revolucionario que combina un dise\u00f1o fresco con tecnolog\u00eda de punta para ofrecer una experiencia \u00fanica en el mundo de los smartphones. Con un potente procesador Dimensity 7200 Pro que optimiza el rendimiento y la duraci\u00f3n de la bater\u00eda, este tel\u00e9fono cuenta con una impresionante capacidad de multitarea gracias a su arquitectura de 8 n\u00facleos y velocidad de hasta 2.8 GHz. La RAM de 12 + 8 GB asegura que tus aplicaciones favoritas se ejecuten sin problemas, siempre listas para usar. <\/p>\n<p>El Nothing Phone no solo destaca por su rendimiento, sino tambi\u00e9n por su dise\u00f1o excepcional. Incorpora un innovador sistema de refrigeraci\u00f3n con una c\u00e1mara de vapor extragrande de 3200 mm\u00b2, que permite una distribuci\u00f3n del calor r\u00e1pida y eficiente, manteniendo el dispositivo fresco incluso en las tareas m\u00e1s exigentes. Con una bater\u00eda de 5,000 mAh, podr\u00e1s disfrutar de hasta dos d\u00edas de uso sin interrupciones y con la carga r\u00e1pida de 45W, obtendr\u00e1s energ\u00eda para un d\u00eda entero en solo 20 minutos.<\/p>\n<p>La calidad fotogr\u00e1fica es otro de los pilares del Nothing Phone. Con un sistema de c\u00e1maras de nivel profesional, que incluye una c\u00e1mara principal de 50 MP con OIS y EIS, as\u00ed como una c\u00e1mara ultra gran angular tambi\u00e9n de 50 MP, lograr\u00e1s capturar im\u00e1genes n\u00edtidas y detalladas en cualquier situaci\u00f3n. La c\u00e1mara frontal de 32 MP y el motor TrueLens ofrecen un procesamiento avanzado para realzar los detalles complejos y mantener tonos de piel reales en diversos tipos de luz.  <\/p>\n<p>Con Nothing OS 2.5 basado en Android 14, disfrutar\u00e1s de una experiencia fluida y totalmente personalizable. Los widgets dise\u00f1ados espec\u00edficamente te permitir\u00e1n acceder r\u00e1pidamente a tus aplicaciones m\u00e1s utilizadas. Adem\u00e1s, la espectacular pantalla AMOLED de 6.7&#8243; ofrece colores vibrantes y un brillo m\u00e1ximo de 1300 nits, garantizando una calidad visual impresionante. <\/p>\n<p>Finalmente, el compromiso con el medio ambiente es evidente, ya que el Nothing Phone ha sido dise\u00f1ado para minimizar su huella de carbono, utilizando materiales reciclados y sostenibles. Si buscas un smartphone que no solo cumpla con tus expectativas, sino que tambi\u00e9n marque la diferencia, el Nothing Phone es la elecci\u00f3n perfecta.<\/p>\n","protected":false},"excerpt":{"rendered":"<p>&#8211; RESULTADOS PROFESIONALES &#8211; El procesador personalizado Dimensity 7200 Pro, dise\u00f1ado en colaboraci\u00f3n con Mediatek, ofrece el mejor rendimiento con un consumo \u00f3ptimo de la bater\u00eda. 8-core con velocidad hasta 2,8 GHz para disfrutar al m\u00e1ximo de la multitarea y nuevo proceso TSMC de \u00faltima generaci\u00f3n para una eficiencia de consumo innovadora.El 12 + 8 [&hellip;]<\/p>\n","protected":false},"featured_media":3676,"template":"","meta":{"_gspb_post_css":""},"store":[],"product_brand":[],"product_cat":[16],"product_tag":[],"class_list":{"0":"post-3677","1":"product","2":"type-product","3":"status-publish","4":"has-post-thumbnail","6":"product_cat-sin-categorizar","8":"first","9":"instock","10":"sale","11":"shipping-taxable","12":"product-type-external"},"jetpack_sharing_enabled":true,"_links":{"self":[{"href":"https:\/\/ofertacular.com\/index.php\/wp-json\/wp\/v2\/product\/3677","targetHints":{"allow":["GET"]}}],"collection":[{"href":"https:\/\/ofertacular.com\/index.php\/wp-json\/wp\/v2\/product"}],"about":[{"href":"https:\/\/ofertacular.com\/index.php\/wp-json\/wp\/v2\/types\/product"}],"wp:featuredmedia":[{"embeddable":true,"href":"https:\/\/ofertacular.com\/index.php\/wp-json\/wp\/v2\/media\/3676"}],"wp:attachment":[{"href":"https:\/\/ofertacular.com\/index.php\/wp-json\/wp\/v2\/media?parent=3677"}],"wp:term":[{"taxonomy":"store","embeddable":true,"href":"https:\/\/ofertacular.com\/index.php\/wp-json\/wp\/v2\/store?post=3677"},{"taxonomy":"product_brand","embeddable":true,"href":"https:\/\/ofertacular.com\/index.php\/wp-json\/wp\/v2\/product_brand?post=3677"},{"taxonomy":"product_cat","embeddable":true,"href":"https:\/\/ofertacular.com\/index.php\/wp-json\/wp\/v2\/product_cat?post=3677"},{"taxonomy":"product_tag","embeddable":true,"href":"https:\/\/ofertacular.com\/index.php\/wp-json\/wp\/v2\/product_tag?post=3677"}],"curies":[{"name":"wp","href":"https:\/\/api.w.org\/{rel}","templated":true}]}}