{"id":3679,"date":"2025-02-27T08:41:18","date_gmt":"2025-02-27T07:41:18","guid":{"rendered":"https:\/\/ofertacular.com\/index.php\/producto\/colgate-pasta\/"},"modified":"2025-02-27T08:41:18","modified_gmt":"2025-02-27T07:41:18","slug":"colgate-pasta","status":"publish","type":"product","link":"https:\/\/ofertacular.com\/index.php\/producto\/colgate-pasta\/","title":{"rendered":"Colgate Pasta"},"content":{"rendered":"<p>&#8211; Triple Beneficio: Proporciona protecci\u00f3n contra la caries, ayuda a mantener los dientes blancos de forma natural y refresca el aliento<br \/>\n&#8211; Ayuda a prevenir la caries: Protecci\u00f3n anticaries probada<br \/>\n&#8211; Ayuda a eliminar las manchas de la superficie: Consigue dientes m\u00e1s blancos<br \/>\n&#8211; Aliento fresco: Previene el mal aliento. Sabor menta original<br \/>\n&#8211; Producto exclusivo en Amazon<br \/>\nDescubre la revolucionaria Pasta Dental Colgate, especialmente dise\u00f1ada para ofrecerte un cepillado excepcional y una sonrisa m\u00e1s brillante y saludable. Con su f\u00f3rmula \u00fanica de Triple Beneficio, esta pasta es tu aliada ideal en la lucha contra las caries, la eliminaci\u00f3n de manchas y el mal aliento. Su potente protecci\u00f3n anticaries ha sido cl\u00ednicamente probada, asegurando que cada cepillado minimice el riesgo de formaci\u00f3n de caries, lo que te brinda una mayor tranquilidad en tu rutina de higiene oral.<\/p>\n<p>Adem\u00e1s de proteger, la Pasta Dental Colgate se especializa en eliminar manchas superficiales, logrando que tus dientes se vean m\u00e1s blancos y radiantes. La belleza de tu sonrisa no solo se basa en la salud dental, sino tambi\u00e9n en la est\u00e9tica, y Colgate ha desarrollado esta pasta con un enfoque completo para brindarte los mejores resultados.<\/p>\n<p>El frescor que esta pasta dental aporta es inigualable; gracias a su aut\u00e9ntico sabor a menta, cada uso te proporciona un aliento fresco y duradero. Olv\u00eddate del mal aliento y si\u00e9ntete seguro en cada conversaci\u00f3n. Una boca sana y fresca es clave para una buena impresi\u00f3n.<\/p>\n<p>Utiliza la Pasta Dental Colgate como parte de tu rutina diaria y experimenta la diferencia. Su presentaci\u00f3n en un pr\u00e1ctico tubo hace que sea f\u00e1cil de usar en casa o llevar en tus viajes, asegurando que siempre cuentes con la protecci\u00f3n y frescura que necesitas a cualquier hora del d\u00eda.<\/p>\n<p>No dejes pasar la oportunidad de cuidar tu salud dental con uno de los productos m\u00e1s confiables y recomendados del mercado. Exclusivo en Amazon, la Pasta Dental Colgate es m\u00e1s que simplemente un producto de limpieza; es una garant\u00eda de calidad y efectividad. Incorpora esta pasta en tu d\u00eda a d\u00eda para gozar de la confianza que solo una sonrisa sana puede ofrecerte. \u00a1Haz de cada cepillado una experiencia revitalizante con Colgate!<\/p>\n","protected":false},"excerpt":{"rendered":"<p>&#8211; Triple Beneficio: Proporciona protecci\u00f3n contra la caries, ayuda a mantener los dientes blancos de forma natural y refresca el aliento &#8211; Ayuda a prevenir la caries: Protecci\u00f3n anticaries probada &#8211; Ayuda a eliminar las manchas de la superficie: Consigue dientes m\u00e1s blancos &#8211; Aliento fresco: Previene el mal aliento. Sabor menta original &#8211; Producto [&hellip;]<\/p>\n","protected":false},"featured_media":3678,"template":"","meta":{"_gspb_post_css":""},"store":[],"product_brand":[],"product_cat":[16],"product_tag":[],"class_list":{"0":"post-3679","1":"product","2":"type-product","3":"status-publish","4":"has-post-thumbnail","6":"product_cat-sin-categorizar","8":"first","9":"instock","10":"sale","11":"shipping-taxable","12":"product-type-external"},"jetpack_sharing_enabled":true,"_links":{"self":[{"href":"https:\/\/ofertacular.com\/index.php\/wp-json\/wp\/v2\/product\/3679","targetHints":{"allow":["GET"]}}],"collection":[{"href":"https:\/\/ofertacular.com\/index.php\/wp-json\/wp\/v2\/product"}],"about":[{"href":"https:\/\/ofertacular.com\/index.php\/wp-json\/wp\/v2\/types\/product"}],"wp:featuredmedia":[{"embeddable":true,"href":"https:\/\/ofertacular.com\/index.php\/wp-json\/wp\/v2\/media\/3678"}],"wp:attachment":[{"href":"https:\/\/ofertacular.com\/index.php\/wp-json\/wp\/v2\/media?parent=3679"}],"wp:term":[{"taxonomy":"store","embeddable":true,"href":"https:\/\/ofertacular.com\/index.php\/wp-json\/wp\/v2\/store?post=3679"},{"taxonomy":"product_brand","embeddable":true,"href":"https:\/\/ofertacular.com\/index.php\/wp-json\/wp\/v2\/product_brand?post=3679"},{"taxonomy":"product_cat","embeddable":true,"href":"https:\/\/ofertacular.com\/index.php\/wp-json\/wp\/v2\/product_cat?post=3679"},{"taxonomy":"product_tag","embeddable":true,"href":"https:\/\/ofertacular.com\/index.php\/wp-json\/wp\/v2\/product_tag?post=3679"}],"curies":[{"name":"wp","href":"https:\/\/api.w.org\/{rel}","templated":true}]}}