{"id":3683,"date":"2025-02-27T10:09:25","date_gmt":"2025-02-27T09:09:25","guid":{"rendered":"https:\/\/ofertacular.com\/index.php\/producto\/amazon-basics\/"},"modified":"2025-02-27T10:09:25","modified_gmt":"2025-02-27T09:09:25","slug":"amazon-basics","status":"publish","type":"product","link":"https:\/\/ofertacular.com\/index.php\/producto\/amazon-basics\/","title":{"rendered":"Amazon Basics"},"content":{"rendered":"<p>&#8211; ULTRARR\u00c1PIDA: 15 veces m\u00e1s r\u00e1pido que las unidades USB 2.0; Se requiere un puerto USB 3.1 Gen 1 \/ USB 3.0 en los dispositivos anfitriones para lograr una velocidad \u00f3ptima de lectura\/escritura; Compatible con dispositivos anfitriones USB 2.0 a una velocidad inferior. La velocidad de lectura es de hasta 130MB\/s y la velocidad de escritura es de hasta 30MB\/s, seg\u00fan pruebas internas realizadas en condiciones controladas. Las velocidades de lectura\/escritura reales tambi\u00e9n var\u00edan seg\u00fan los dispositivos utilizados, el tama\u00f1o de los archivos de transferencia, los tipos y otros factores.<br \/>\n&#8211; ALMACENAMIENTO DE ALTA CALIDAD: Perfecta para almacenar v\u00eddeos y pel\u00edculas en Full HD\/4K, fotograf\u00edas de alta resoluci\u00f3n y cualquier otro tipo de datos. Compatible con memorias USB 3.0 y memorias USB 2.0<br \/>\n&#8211; SUPERSEGURA: El dise\u00f1o telesc\u00f3pico port\u00e1til evita la memoria USB se da\u00f1e mientras no est\u00e1 en uso.<br \/>\n&#8211; SISTEMA PLUG AND PLAY: No necesita instalaci\u00f3n, puedes utilizar la memoria USB nada m\u00e1s sacarla de la caja<br \/>\n&#8211; La capacidad de almacenamiento real que muestra el sistema operativo de tu dispositivo podr\u00eda ser inferior a la capacidad indicada en el etiquetado del producto debido a diferentes criterios de medici\u00f3n La capacidad de almacenamiento disponible es mayor que 115 GB. Por favor, comprueba los requisitos de almacenamiento extendido de los dispositivos (por ejemplo, consola de juegos) antes de usarlos.<br \/>\nDescubre la poderosa Memoria USB de Amazon Basics, dise\u00f1ada para aquellos que buscan un rendimiento excepcional y velocidad sin igual. Esta memoria USB es 15 veces m\u00e1s r\u00e1pida que las unidades tradicionales USB 2.0, gracias a su tecnolog\u00eda USB 3.1 Gen 1 \/ USB 3.0. Imagina transferir tus archivos m\u00e1s grandes, como v\u00eddeos en Full HD\/4K o fotograf\u00edas de alta resoluci\u00f3n, con una velocidad de lectura de hasta 130MB\/s y de escritura de hasta 30MB\/s. Ideal para profesionales y entusiastas de la tecnolog\u00eda, esta memoria USB es su mejor aliada en la gesti\u00f3n de datos de gran tama\u00f1o. Con un dise\u00f1o telesc\u00f3pico, la memoria USB est\u00e1 protegida contra da\u00f1os cuando no est\u00e1 en uso, garantizando durabilidad y seguridad. Adem\u00e1s, su sistema Plug and Play la convierte en una opci\u00f3n extremadamente conveniente: solo conecta y comienza a usarla, sin necesidad de instalaciones complicadas. Aunque es potente y efectiva, recuerda que la capacidad de almacenamiento real puede ser inferior a la indicada por el dispositivo debido a diferentes criterios de medici\u00f3n, as\u00ed que aseg\u00farate de verificar los requisitos de almacenamiento de tus dispositivos. Si deseas un producto que combine velocidad, durabilidad y facilidad de uso, la Memoria USB de Amazon Basics es la opci\u00f3n perfecta para ti. No esperes m\u00e1s y mejora tu almacenamiento hoy mismo con esta impresionante unidad de Amazon.<\/p>\n","protected":false},"excerpt":{"rendered":"<p>&#8211; ULTRARR\u00c1PIDA: 15 veces m\u00e1s r\u00e1pido que las unidades USB 2.0; Se requiere un puerto USB 3.1 Gen 1 \/ USB 3.0 en los dispositivos anfitriones para lograr una velocidad \u00f3ptima de lectura\/escritura; Compatible con dispositivos anfitriones USB 2.0 a una velocidad inferior. La velocidad de lectura es de hasta 130MB\/s y la velocidad de [&hellip;]<\/p>\n","protected":false},"featured_media":3682,"template":"","meta":{"_gspb_post_css":""},"store":[],"product_brand":[],"product_cat":[16],"product_tag":[],"class_list":{"0":"post-3683","1":"product","2":"type-product","3":"status-publish","4":"has-post-thumbnail","6":"product_cat-sin-categorizar","8":"first","9":"instock","10":"sale","11":"shipping-taxable","12":"product-type-external"},"jetpack_sharing_enabled":true,"_links":{"self":[{"href":"https:\/\/ofertacular.com\/index.php\/wp-json\/wp\/v2\/product\/3683","targetHints":{"allow":["GET"]}}],"collection":[{"href":"https:\/\/ofertacular.com\/index.php\/wp-json\/wp\/v2\/product"}],"about":[{"href":"https:\/\/ofertacular.com\/index.php\/wp-json\/wp\/v2\/types\/product"}],"wp:featuredmedia":[{"embeddable":true,"href":"https:\/\/ofertacular.com\/index.php\/wp-json\/wp\/v2\/media\/3682"}],"wp:attachment":[{"href":"https:\/\/ofertacular.com\/index.php\/wp-json\/wp\/v2\/media?parent=3683"}],"wp:term":[{"taxonomy":"store","embeddable":true,"href":"https:\/\/ofertacular.com\/index.php\/wp-json\/wp\/v2\/store?post=3683"},{"taxonomy":"product_brand","embeddable":true,"href":"https:\/\/ofertacular.com\/index.php\/wp-json\/wp\/v2\/product_brand?post=3683"},{"taxonomy":"product_cat","embeddable":true,"href":"https:\/\/ofertacular.com\/index.php\/wp-json\/wp\/v2\/product_cat?post=3683"},{"taxonomy":"product_tag","embeddable":true,"href":"https:\/\/ofertacular.com\/index.php\/wp-json\/wp\/v2\/product_tag?post=3683"}],"curies":[{"name":"wp","href":"https:\/\/api.w.org\/{rel}","templated":true}]}}