{"id":3689,"date":"2025-02-27T10:14:11","date_gmt":"2025-02-27T09:14:11","guid":{"rendered":"https:\/\/ofertacular.com\/index.php\/producto\/columbia-polar\/"},"modified":"2025-02-27T10:14:11","modified_gmt":"2025-02-27T09:14:11","slug":"columbia-polar","status":"publish","type":"product","link":"https:\/\/ofertacular.com\/index.php\/producto\/columbia-polar\/","title":{"rendered":"Columbia Polar"},"content":{"rendered":"<p>&#8211; Elegante forro polar con 1\/2 cremallera para mujer para mantenerte abrigada en las fr\u00edas ma\u00f1anas de invierno<br \/>\n&#8211; Confort \u00f3ptimo gracias al confortable material el\u00e1stico<br \/>\n&#8211; Cuenta con cierre frontal de media cremallera para una retenci\u00f3n de calor ajustable<br \/>\n&#8211; Disponible en una variedad de colores, Ideal para el uso diario<br \/>\n&#8211; Contenido: 1x Columbia Glacial IV Forro polar para mujer, 1\/2 Cremallera, Microfibra 100% poli\u00e9ster, Color: Blanco (Sea Salt), Talla: M, Art.No. 1802201<br \/>\nDescubre el encantador Forro Polar Columbia, dise\u00f1ado especialmente para mujeres que buscan comodidad y estilo en los fr\u00edos d\u00edas de invierno. Este elegante forro polar cuenta con una pr\u00e1ctica cremallera de 1\/2 en el frente, lo que permite un control \u00f3ptimo de la temperatura. Ya sea que est\u00e9s paseando por el parque, disfrutando de un caf\u00e9 en una terraza o simplemente saliendo a hacer tus mandados, este forro polar te garantizar\u00e1 un abrigo ideal y una gran versatilidad de uso. <\/p>\n<p>Confeccionado en microfibra 100% poli\u00e9ster, ofrece un material el\u00e1stico que se adapta perfectamente a tu cuerpo, brindando un confort excepcional sin restringir tus movimientos. Disponible en una variedad de colores, el Forro Polar Columbia es perfecto para el uso diario, permitiendo que combines estilo y funcionalidad en cualquier ocasi\u00f3n. <\/p>\n<p>La talla M se ajusta a la mayor\u00eda de las figuras, garantizando que te ver\u00e1s y sentir\u00e1s genial. El elegante color Blanco (Sea Salt) combina f\u00e1cilmente con otras prendas de tu armario, lo que lo convierte en una pieza esencial para tu vestuario de invierno. Adem\u00e1s, el cierre frontal de media cremallera no solo te permite regular el nivel de calor, sino que tambi\u00e9n a\u00f1ade un toque moderno a su dise\u00f1o. <\/p>\n<p>No te dejes intimidar por el fr\u00edo este invierno y opta por el Forro Polar Columbia, la opci\u00f3n ideal para mantenerte abrigada y con estilo. Con este producto, estar\u00e1s lista para afrontar cualquier desaf\u00edo que el clima invernal te presente, manteniendo un aspecto chic y c\u00f3modo. As\u00ed que no esperes m\u00e1s, a\u00f1ade el Forro Polar Columbia a tu colecci\u00f3n de ropa de invierno y disfruta de su versatilidad y confort.<\/p>\n","protected":false},"excerpt":{"rendered":"<p>&#8211; Elegante forro polar con 1\/2 cremallera para mujer para mantenerte abrigada en las fr\u00edas ma\u00f1anas de invierno &#8211; Confort \u00f3ptimo gracias al confortable material el\u00e1stico &#8211; Cuenta con cierre frontal de media cremallera para una retenci\u00f3n de calor ajustable &#8211; Disponible en una variedad de colores, Ideal para el uso diario &#8211; Contenido: 1x [&hellip;]<\/p>\n","protected":false},"featured_media":3688,"template":"","meta":{"_gspb_post_css":""},"store":[],"product_brand":[],"product_cat":[16],"product_tag":[],"class_list":{"0":"post-3689","1":"product","2":"type-product","3":"status-publish","4":"has-post-thumbnail","6":"product_cat-sin-categorizar","8":"first","9":"instock","10":"sale","11":"shipping-taxable","12":"product-type-external"},"jetpack_sharing_enabled":true,"_links":{"self":[{"href":"https:\/\/ofertacular.com\/index.php\/wp-json\/wp\/v2\/product\/3689","targetHints":{"allow":["GET"]}}],"collection":[{"href":"https:\/\/ofertacular.com\/index.php\/wp-json\/wp\/v2\/product"}],"about":[{"href":"https:\/\/ofertacular.com\/index.php\/wp-json\/wp\/v2\/types\/product"}],"wp:featuredmedia":[{"embeddable":true,"href":"https:\/\/ofertacular.com\/index.php\/wp-json\/wp\/v2\/media\/3688"}],"wp:attachment":[{"href":"https:\/\/ofertacular.com\/index.php\/wp-json\/wp\/v2\/media?parent=3689"}],"wp:term":[{"taxonomy":"store","embeddable":true,"href":"https:\/\/ofertacular.com\/index.php\/wp-json\/wp\/v2\/store?post=3689"},{"taxonomy":"product_brand","embeddable":true,"href":"https:\/\/ofertacular.com\/index.php\/wp-json\/wp\/v2\/product_brand?post=3689"},{"taxonomy":"product_cat","embeddable":true,"href":"https:\/\/ofertacular.com\/index.php\/wp-json\/wp\/v2\/product_cat?post=3689"},{"taxonomy":"product_tag","embeddable":true,"href":"https:\/\/ofertacular.com\/index.php\/wp-json\/wp\/v2\/product_tag?post=3689"}],"curies":[{"name":"wp","href":"https:\/\/api.w.org\/{rel}","templated":true}]}}