{"id":3693,"date":"2025-02-27T10:26:10","date_gmt":"2025-02-27T09:26:10","guid":{"rendered":"https:\/\/ofertacular.com\/index.php\/producto\/adidas-training\/"},"modified":"2025-02-27T10:26:10","modified_gmt":"2025-02-27T09:26:10","slug":"adidas-training","status":"publish","type":"product","link":"https:\/\/ofertacular.com\/index.php\/producto\/adidas-training\/","title":{"rendered":"adidas Training"},"content":{"rendered":"<p>&#8211; Corte entallado<br \/>\n&#8211; Cremallera hasta el pecho y cuello alzado<br \/>\n&#8211; 100% poli\u00e9ster (reciclado)<br \/>\n&#8211; Tecnolog\u00eda transpirable AEROREADY<br \/>\n&#8211; Pu\u00f1os el\u00e1sticos<br \/>\nLa sudadera de entrenamiento Adidas es la combinaci\u00f3n perfecta de estilo y funcionalidad. Con un dise\u00f1o de corte entallado, esta sudadera se ajusta de manera \u00f3ptima a tu figura, permitiendo libertad de movimiento mientras entrenas. Confeccionada en un 100% poli\u00e9ster reciclado, no solo te mantendr\u00e1 c\u00f3modo, sino que tambi\u00e9n contribuir\u00e1s a la sostenibilidad del planeta. La tecnolog\u00eda AEROREADY garantiza que te mantengas seco y fresco durante tus sesiones m\u00e1s intensas, absorbiendo la humedad y facilitando la transpiraci\u00f3n. <\/p>\n<p>El dise\u00f1o incorpora una cremallera que se extiende hasta el pecho y un cuello alzado, ofreciendo una mayor protecci\u00f3n contra las inclemencias del tiempo y un toque moderno que podr\u00e1s lucir incluso fuera del gimnasio. Los pu\u00f1os el\u00e1sticos aseguran que la sudadera se mantenga en su lugar, brindando una mayor concentraci\u00f3n en tu rutina. Ideal tanto para entrenamientos en interiores como al aire libre, esta sudadera es extremadamente vers\u00e1til y se convertir\u00e1 en una de tus favoritas para el d\u00eda a d\u00eda. <\/p>\n<p>Ya sea que est\u00e9s en la carrera, levantando pesas o simplemente disfrutando de un paseo, la sudadera de entrenamiento Adidas te acompa\u00f1ar\u00e1 con estilo. Comb\u00ednala con otros art\u00edculos de la l\u00ednea Adidas para un look deportivo completo y a la vanguardia. Destaca por su durabilidad y dise\u00f1o innovador, convirti\u00e9ndola en una inversi\u00f3n inteligente para tu guardarropa deportivo. No te pierdas la oportunidad de llevar tu entrenamiento al siguiente nivel con Adidas, una marca l\u00edder en el sector del deporte. Hazte con la tuya y experimenta la diferencia.<\/p>\n","protected":false},"excerpt":{"rendered":"<p>&#8211; Corte entallado &#8211; Cremallera hasta el pecho y cuello alzado &#8211; 100% poli\u00e9ster (reciclado) &#8211; Tecnolog\u00eda transpirable AEROREADY &#8211; Pu\u00f1os el\u00e1sticos La sudadera de entrenamiento Adidas es la combinaci\u00f3n perfecta de estilo y funcionalidad. Con un dise\u00f1o de corte entallado, esta sudadera se ajusta de manera \u00f3ptima a tu figura, permitiendo libertad de movimiento [&hellip;]<\/p>\n","protected":false},"featured_media":3692,"template":"","meta":{"_gspb_post_css":""},"store":[],"product_brand":[],"product_cat":[16],"product_tag":[],"class_list":{"0":"post-3693","1":"product","2":"type-product","3":"status-publish","4":"has-post-thumbnail","6":"product_cat-sin-categorizar","8":"first","9":"instock","10":"sale","11":"shipping-taxable","12":"product-type-external"},"jetpack_sharing_enabled":true,"_links":{"self":[{"href":"https:\/\/ofertacular.com\/index.php\/wp-json\/wp\/v2\/product\/3693","targetHints":{"allow":["GET"]}}],"collection":[{"href":"https:\/\/ofertacular.com\/index.php\/wp-json\/wp\/v2\/product"}],"about":[{"href":"https:\/\/ofertacular.com\/index.php\/wp-json\/wp\/v2\/types\/product"}],"wp:featuredmedia":[{"embeddable":true,"href":"https:\/\/ofertacular.com\/index.php\/wp-json\/wp\/v2\/media\/3692"}],"wp:attachment":[{"href":"https:\/\/ofertacular.com\/index.php\/wp-json\/wp\/v2\/media?parent=3693"}],"wp:term":[{"taxonomy":"store","embeddable":true,"href":"https:\/\/ofertacular.com\/index.php\/wp-json\/wp\/v2\/store?post=3693"},{"taxonomy":"product_brand","embeddable":true,"href":"https:\/\/ofertacular.com\/index.php\/wp-json\/wp\/v2\/product_brand?post=3693"},{"taxonomy":"product_cat","embeddable":true,"href":"https:\/\/ofertacular.com\/index.php\/wp-json\/wp\/v2\/product_cat?post=3693"},{"taxonomy":"product_tag","embeddable":true,"href":"https:\/\/ofertacular.com\/index.php\/wp-json\/wp\/v2\/product_tag?post=3693"}],"curies":[{"name":"wp","href":"https:\/\/api.w.org\/{rel}","templated":true}]}}