{"id":3695,"date":"2025-02-27T10:32:01","date_gmt":"2025-02-27T09:32:01","guid":{"rendered":"https:\/\/ofertacular.com\/index.php\/producto\/le-creuset-cocotte\/"},"modified":"2025-02-27T10:32:01","modified_gmt":"2025-02-27T09:32:01","slug":"le-creuset-cocotte","status":"publish","type":"product","link":"https:\/\/ofertacular.com\/index.php\/producto\/le-creuset-cocotte\/","title":{"rendered":"Le Creuset Cocotte"},"content":{"rendered":"<p>&#8211; Cacerola Redonda De Hierro Fundido Para Guisar Y Asar Carne O Verduras, \u00d3ptimo Para Preparar Guisos Y Sopas U Hornear Pan<br \/>\n&#8211; Distribuci\u00f3n Uniforme Del Calor, Cocina Adecuada Gracias A Su Construcci\u00f3n De Hierro Fundido, Todo Tipo De Fuentes De Calor (incluso Inducci\u00f3n) Y Horno<br \/>\n&#8211; Grandes asas para una sujeci\u00f3n segura y c\u00f3moda al levantar y transportar la cacerola, incluso con guantes de horno, interior esmaltado claro<br \/>\n&#8211; Hecho En Francia, F\u00e1cil De Lavar A Mano O En Lavavajillas, Tapa De Hierro Fundido Con Pomo De Acero Inoxidable Resistente Al Calor<br \/>\n&#8211; Contenido : 1x Cocotte Evolution de hierro fundido con tapa, di\u00e1metro 20cm, redonda, Dimensiones: 27, 3&#215;21, 5&#215;14, 1cm, Peso: 3, 092kg, Color: Flint, 21177204442430<br \/>\nDescubre la incre\u00edble Cacerola Redonda Le Creuset, un imprescindible para los amantes de la cocina. Esta cocotte de hierro fundido no solo es perfecta para guisar y asar carne o verduras, sino que tambi\u00e9n es ideal para preparar deliciosos guisos, sopas y hasta hornear pan. Gracias a su construcci\u00f3n robusta, garantiza una distribuci\u00f3n uniforme del calor, lo que permite que cada alimento se cocine de manera adecuada y deliciosa. Es compatible con todo tipo de fuentes de calor, incluyendo la inducci\u00f3n y el horno, ofreci\u00e9ndote versatilidad en la cocina.  <\/p>\n<p>Su dise\u00f1o inteligente incluye grandes asas que facilitan una sujeci\u00f3n segura y c\u00f3moda al levantarla o transportarla, incluso con guantes de horno. No tendr\u00e1s que preocuparte por quemaduras mientras disfrutas de tus creaciones culinarias. El interior esmaltado claro no solo es est\u00e9ticamente atractivo, sino que tambi\u00e9n es f\u00e1cil de limpiar, ya sea a mano o en el lavavajillas, lo que significa menos tiempo de limpieza y m\u00e1s tiempo para disfrutar de tus platillos. <\/p>\n<p>Hecha en Francia, esta Cocotte Evolution de 20 cm de di\u00e1metro combina durabilidad y estilo, y su color Flint a\u00f1ade un toque moderno a tu cocina. Con un peso de 3,092 kg, es lo suficientemente ligera como para manipularla con facilidad, pero lo suficientemente pesada para brindar una cocci\u00f3n precisa.  <\/p>\n<p>Ya seas un chef experimentado o un principiante en la cocina, la Cacerola Redonda de Le Creuset ser\u00e1 tu compa\u00f1era ideal. Mejora tus habilidades culinarias y sorprende a tus seres queridos con deliciosas comidas preparadas en esta magn\u00edfica cocotte. \u00a1Haz que cada comida sea especial con Le Creuset!<\/p>\n","protected":false},"excerpt":{"rendered":"<p>&#8211; Cacerola Redonda De Hierro Fundido Para Guisar Y Asar Carne O Verduras, \u00d3ptimo Para Preparar Guisos Y Sopas U Hornear Pan &#8211; Distribuci\u00f3n Uniforme Del Calor, Cocina Adecuada Gracias A Su Construcci\u00f3n De Hierro Fundido, Todo Tipo De Fuentes De Calor (incluso Inducci\u00f3n) Y Horno &#8211; Grandes asas para una sujeci\u00f3n segura y c\u00f3moda [&hellip;]<\/p>\n","protected":false},"featured_media":3694,"template":"","meta":{"_gspb_post_css":""},"store":[],"product_brand":[],"product_cat":[16],"product_tag":[],"class_list":{"0":"post-3695","1":"product","2":"type-product","3":"status-publish","4":"has-post-thumbnail","6":"product_cat-sin-categorizar","8":"first","9":"instock","10":"sale","11":"shipping-taxable","12":"product-type-external"},"jetpack_sharing_enabled":true,"_links":{"self":[{"href":"https:\/\/ofertacular.com\/index.php\/wp-json\/wp\/v2\/product\/3695","targetHints":{"allow":["GET"]}}],"collection":[{"href":"https:\/\/ofertacular.com\/index.php\/wp-json\/wp\/v2\/product"}],"about":[{"href":"https:\/\/ofertacular.com\/index.php\/wp-json\/wp\/v2\/types\/product"}],"wp:featuredmedia":[{"embeddable":true,"href":"https:\/\/ofertacular.com\/index.php\/wp-json\/wp\/v2\/media\/3694"}],"wp:attachment":[{"href":"https:\/\/ofertacular.com\/index.php\/wp-json\/wp\/v2\/media?parent=3695"}],"wp:term":[{"taxonomy":"store","embeddable":true,"href":"https:\/\/ofertacular.com\/index.php\/wp-json\/wp\/v2\/store?post=3695"},{"taxonomy":"product_brand","embeddable":true,"href":"https:\/\/ofertacular.com\/index.php\/wp-json\/wp\/v2\/product_brand?post=3695"},{"taxonomy":"product_cat","embeddable":true,"href":"https:\/\/ofertacular.com\/index.php\/wp-json\/wp\/v2\/product_cat?post=3695"},{"taxonomy":"product_tag","embeddable":true,"href":"https:\/\/ofertacular.com\/index.php\/wp-json\/wp\/v2\/product_tag?post=3695"}],"curies":[{"name":"wp","href":"https:\/\/api.w.org\/{rel}","templated":true}]}}