{"id":3697,"date":"2025-02-27T10:35:32","date_gmt":"2025-02-27T09:35:32","guid":{"rendered":"https:\/\/ofertacular.com\/index.php\/producto\/fairy-capsulas-lavavajillas\/"},"modified":"2025-02-27T10:35:32","modified_gmt":"2025-02-27T09:35:32","slug":"fairy-capsulas-lavavajillas","status":"publish","type":"product","link":"https:\/\/ofertacular.com\/index.php\/producto\/fairy-capsulas-lavavajillas\/","title":{"rendered":"Fairy C\u00e1psulas Lavavajillas"},"content":{"rendered":"<p>&#8211; Las c\u00e1psulas Fairy Original limpian a la primera y son efectivas incluso en grasa reseca<br \/>\n&#8211; Incorpora sal y ayuda al aclarado, tambi\u00e9n protege el cristal y la plata<br \/>\n&#8211; Mantiene un aroma limpio y fresco en tu lavavajillas<br \/>\n&#8211; Las c\u00e1psulas altamente solubles se disuelven r\u00e1pido<br \/>\n&#8211; Nuestra planta funciona con electricidad comprada 100 % renovable<br \/>\nDescubre las C\u00e1psulas Lavavajillas Fairy, la soluci\u00f3n perfecta para mantener tu vajilla reluciente y libre de grasa. Estas c\u00e1psulas, dise\u00f1adas con la tecnolog\u00eda m\u00e1s avanzada, limpian a la primera, incluso en las condiciones m\u00e1s dif\u00edciles. Su potente f\u00f3rmula act\u00faa de manera efectiva en grasa reseca, lo que las convierte en un aliado indispensable en tu cocina. Adem\u00e1s, incorpora sal para ayudar al aclarado, protegiendo a su vez el cristal y la plata en tus utensilios.  <\/p>\n<p>Cada vez que uses las C\u00e1psulas Lavavajillas Fairy, no solo disfrutar\u00e1s de una vajilla impecable, sino que tambi\u00e9n experimentar\u00e1s un aroma limpio y fresco en tu lavavajillas que har\u00e1 que tu cocina se sienta como nueva. Estas c\u00e1psulas son altamente solubles y se disuelven r\u00e1pidamente, garantizando una limpieza profunda sin dejar residuos. <\/p>\n<p>Adem\u00e1s, al elegir Fairy, est\u00e1s optando por un producto sostenible. Nuestra planta utiliza electricidad 100 % renovable, lo que significa que puedes disfrutar de una limpieza eficiente, al mismo tiempo que contribuyes al cuidado del medio ambiente. No solo estar\u00e1s cuidando de tu vajilla, sino tambi\u00e9n del planeta.  <\/p>\n<p>Ya sea que est\u00e9s preparando una cena para amigos o simplemente lavando los platos despu\u00e9s de una comida familiar, las C\u00e1psulas Lavavajillas Fairy son la elecci\u00f3n perfecta para ti. Aseg\u00farate de tener siempre un suministro a mano y disfruta de la comodidad y la eficacia que solo Fairy puede ofrecer. \u00a1Tu vajilla te lo agradecer\u00e1!<\/p>\n","protected":false},"excerpt":{"rendered":"<p>&#8211; Las c\u00e1psulas Fairy Original limpian a la primera y son efectivas incluso en grasa reseca &#8211; Incorpora sal y ayuda al aclarado, tambi\u00e9n protege el cristal y la plata &#8211; Mantiene un aroma limpio y fresco en tu lavavajillas &#8211; Las c\u00e1psulas altamente solubles se disuelven r\u00e1pido &#8211; Nuestra planta funciona con electricidad comprada [&hellip;]<\/p>\n","protected":false},"featured_media":3696,"template":"","meta":{"_gspb_post_css":""},"store":[],"product_brand":[],"product_cat":[16],"product_tag":[],"class_list":{"0":"post-3697","1":"product","2":"type-product","3":"status-publish","4":"has-post-thumbnail","6":"product_cat-sin-categorizar","8":"first","9":"instock","10":"sale","11":"shipping-taxable","12":"product-type-external"},"jetpack_sharing_enabled":true,"_links":{"self":[{"href":"https:\/\/ofertacular.com\/index.php\/wp-json\/wp\/v2\/product\/3697","targetHints":{"allow":["GET"]}}],"collection":[{"href":"https:\/\/ofertacular.com\/index.php\/wp-json\/wp\/v2\/product"}],"about":[{"href":"https:\/\/ofertacular.com\/index.php\/wp-json\/wp\/v2\/types\/product"}],"wp:featuredmedia":[{"embeddable":true,"href":"https:\/\/ofertacular.com\/index.php\/wp-json\/wp\/v2\/media\/3696"}],"wp:attachment":[{"href":"https:\/\/ofertacular.com\/index.php\/wp-json\/wp\/v2\/media?parent=3697"}],"wp:term":[{"taxonomy":"store","embeddable":true,"href":"https:\/\/ofertacular.com\/index.php\/wp-json\/wp\/v2\/store?post=3697"},{"taxonomy":"product_brand","embeddable":true,"href":"https:\/\/ofertacular.com\/index.php\/wp-json\/wp\/v2\/product_brand?post=3697"},{"taxonomy":"product_cat","embeddable":true,"href":"https:\/\/ofertacular.com\/index.php\/wp-json\/wp\/v2\/product_cat?post=3697"},{"taxonomy":"product_tag","embeddable":true,"href":"https:\/\/ofertacular.com\/index.php\/wp-json\/wp\/v2\/product_tag?post=3697"}],"curies":[{"name":"wp","href":"https:\/\/api.w.org\/{rel}","templated":true}]}}