{"id":3699,"date":"2025-02-27T10:36:10","date_gmt":"2025-02-27T09:36:10","guid":{"rendered":"https:\/\/ofertacular.com\/index.php\/producto\/smart-plug\/"},"modified":"2025-02-27T10:36:10","modified_gmt":"2025-02-27T09:36:10","slug":"smart-plug","status":"publish","type":"product","link":"https:\/\/ofertacular.com\/index.php\/producto\/smart-plug\/","title":{"rendered":"Smart Plug"},"content":{"rendered":"<p>&#8211; CONTROL REMOTO &#8211; Enciende y apaga instant\u00e1neamente los dispositivos conectados donde sea que est\u00e9s a trav\u00e9s de la aplicaci\u00f3n tapo<br \/>\n&#8211; PROGRAMACI\u00d3N &#8211; Preestablezca una programaci\u00f3n para administrar dispositivos autom\u00e1ticamente<br \/>\n&#8211; TEMPORIZADOR -Crea listas de temporizadores de cuenta regresiva para los dispositivos electr\u00f3nicos conectados<br \/>\n&#8211; CONTROL POR POZ &#8211; Administre su enchufe inteligente con comandos de voz a trav\u00e9s de alexa o el asistente de google<br \/>\n&#8211; MODO AUSENTE &#8211; Enciende y apaga autom\u00e1ticamente los dispositivos en diferentes momentos para dar la apariencia de que alguien est\u00e1 en casa<br \/>\n&#8211; DISE\u00d1O COMPACTO &#8211; Tama\u00f1o peque\u00f1o para evitar el bloqueo de tomas adyacentes<br \/>\n&#8211; F\u00c1CIL CONFIGURACI\u00d3N Y USO &#8211; No se requiere concentrador, config\u00farelo r\u00e1pidamente y admin\u00edstrelo f\u00e1cilmente a trav\u00e9s de la aplicaci\u00f3n<br \/>\nDescubre el enchufe inteligente Tapo, el accesorio perfecto para llevar el control de tus dispositivos el\u00e9ctricos a un nuevo nivel. Con este innovador enchufe, puedes encender y apagar cada dispositivo conectado de forma remota, independientemente de d\u00f3nde te encuentres. A trav\u00e9s de la pr\u00e1ctica aplicaci\u00f3n Tapo, gestionar tus aparatos se convierte en un juego de ni\u00f1os. Este enchufe es ideal para aquellos que buscan comodidad y eficiencia en su hogar. Adem\u00e1s, gracias a la funci\u00f3n de programaci\u00f3n, puedes establecer horarios espec\u00edficos para que tus dispositivos se enciendan y apaguen autom\u00e1ticamente, brind\u00e1ndote una experiencia personalizada y adaptada a tu rutina diaria. \u00bfTe gustar\u00eda que tus luces se enciendan justo antes de llegar a casa? O quiz\u00e1s que tu caf\u00e9 est\u00e9 listo al despertar, todo esto es posible con el enchufe inteligente Tapo. <\/p>\n<p>Otra caracter\u00edstica destacada es su temporizador de cuenta regresiva, que te permite programar el apagado de tus aparatos el\u00e9ctricos tras un periodo de tiempo que determines, asegur\u00e1ndote de que no derrochas energ\u00eda innecesariamente. Adem\u00e1s, esta maravilla tecnol\u00f3gica es compatible con los asistentes de voz, como Alexa y Google Assistant, lo que significa que puedes gestionar tus dispositivos simplemente con tu voz.<\/p>\n<p>El modo ausente es ideal para aquellos momentos en los que te encuentras fuera; enciende y apaga dispositivos a diferentes horas, simulando que hay alguien en casa, lo cual puede ser crucial para la seguridad de tu hogar. Su dise\u00f1o compacto es otro punto a favor: no bloquea los enchufes adyacentes, lo que garantiza que sigas utilizando todas las tomas disponibles. Finalmente, la instalaci\u00f3n y configuraci\u00f3n son extremadamente sencillas; no necesitas concentrador adicional, as\u00ed que podr\u00e1s tener tu enchufe inteligente funcionando en cuesti\u00f3n de minutos. Encuentra la soluci\u00f3n que tu hogar necesita con el enchufe inteligente Tapo. No esperes m\u00e1s para hacer tu vida m\u00e1s f\u00e1cil y eficiente, \u00a1da el primer paso hacia la automatizaci\u00f3n del hogar!<\/p>\n","protected":false},"excerpt":{"rendered":"<p>&#8211; CONTROL REMOTO &#8211; Enciende y apaga instant\u00e1neamente los dispositivos conectados donde sea que est\u00e9s a trav\u00e9s de la aplicaci\u00f3n tapo &#8211; PROGRAMACI\u00d3N &#8211; Preestablezca una programaci\u00f3n para administrar dispositivos autom\u00e1ticamente &#8211; TEMPORIZADOR -Crea listas de temporizadores de cuenta regresiva para los dispositivos electr\u00f3nicos conectados &#8211; CONTROL POR POZ &#8211; Administre su enchufe inteligente con [&hellip;]<\/p>\n","protected":false},"featured_media":3698,"template":"","meta":{"_gspb_post_css":""},"store":[],"product_brand":[],"product_cat":[16],"product_tag":[],"class_list":{"0":"post-3699","1":"product","2":"type-product","3":"status-publish","4":"has-post-thumbnail","6":"product_cat-sin-categorizar","8":"first","9":"instock","10":"sale","11":"shipping-taxable","12":"product-type-external"},"jetpack_sharing_enabled":true,"_links":{"self":[{"href":"https:\/\/ofertacular.com\/index.php\/wp-json\/wp\/v2\/product\/3699","targetHints":{"allow":["GET"]}}],"collection":[{"href":"https:\/\/ofertacular.com\/index.php\/wp-json\/wp\/v2\/product"}],"about":[{"href":"https:\/\/ofertacular.com\/index.php\/wp-json\/wp\/v2\/types\/product"}],"wp:featuredmedia":[{"embeddable":true,"href":"https:\/\/ofertacular.com\/index.php\/wp-json\/wp\/v2\/media\/3698"}],"wp:attachment":[{"href":"https:\/\/ofertacular.com\/index.php\/wp-json\/wp\/v2\/media?parent=3699"}],"wp:term":[{"taxonomy":"store","embeddable":true,"href":"https:\/\/ofertacular.com\/index.php\/wp-json\/wp\/v2\/store?post=3699"},{"taxonomy":"product_brand","embeddable":true,"href":"https:\/\/ofertacular.com\/index.php\/wp-json\/wp\/v2\/product_brand?post=3699"},{"taxonomy":"product_cat","embeddable":true,"href":"https:\/\/ofertacular.com\/index.php\/wp-json\/wp\/v2\/product_cat?post=3699"},{"taxonomy":"product_tag","embeddable":true,"href":"https:\/\/ofertacular.com\/index.php\/wp-json\/wp\/v2\/product_tag?post=3699"}],"curies":[{"name":"wp","href":"https:\/\/api.w.org\/{rel}","templated":true}]}}