{"id":3727,"date":"2025-02-28T11:35:44","date_gmt":"2025-02-28T10:35:44","guid":{"rendered":"https:\/\/ofertacular.com\/index.php\/producto\/bosch-cortacesped\/"},"modified":"2025-02-28T11:35:44","modified_gmt":"2025-02-28T10:35:44","slug":"bosch-cortacesped","status":"publish","type":"product","link":"https:\/\/ofertacular.com\/index.php\/producto\/bosch-cortacesped\/","title":{"rendered":"Bosch Cortac\u00e9sped"},"content":{"rendered":"<p>&#8211; ARM 32: el potente cortac\u00e9sped multiusos<br \/>\n&#8211; Con ajuste de altura de corte en tres niveles (20\/40\/60 mm); con innovadores peines para c\u00e9sped que permiten cortar a ras en las proximidades de muros, paredes y bordes<br \/>\n&#8211; La caja colectora con 31 L de capacidad, no necesita ser vaciada con frecuencia. Adem\u00e1s, el motor Powerdrive de 1200 W permite trabajar sin esfuerzo incluso con c\u00e9sped alto<br \/>\n&#8211; F\u00e1cil de manejar y transportar, con un peso de solo 6.8 kg<br \/>\n&#8211; Incluye: ARM 32, caja colectora de 31 L, caja de cart\u00f3n (3165140785815)<br \/>\nEl Cortac\u00e9sped ARM 32 de Bosch es la soluci\u00f3n perfecta para mantener tu jard\u00edn en \u00f3ptimas condiciones. Con su potente motor Powerdrive de 1200 W, este cortac\u00e9sped garantiza un rendimiento excepcional, incluso en c\u00e9sped alto y denso. Su dise\u00f1o innovador incluye peines para c\u00e9sped que permiten un corte a ras, facilitando el acceso a bordes, muros y paredes sin dejar zonas sin cortar. Este modelo cuenta con un ajuste de altura de corte que se puede seleccionar en tres niveles diferentes (20\/40\/60 mm), adapt\u00e1ndose as\u00ed a las necesidades espec\u00edficas de tu jard\u00edn y tipo de c\u00e9sped. Con una caja colectora de 31 litros de capacidad, podr\u00e1s trabajar de manera continua sin la necesidad de interrumpir tu tarea para vaciarla con frecuencia, lo que significa m\u00e1s tiempo disfrutando de tu c\u00e9sped perfectamente cuidado. Con un peso ligero de solo 6.8 kg, el cortac\u00e9sped ARM 32 es f\u00e1cil de manejar y transportar, lo que hace que el cuidado de tu jard\u00edn sea a\u00fan m\u00e1s conveniente. Ya sea que seas un jardinero experimentado o un principiante, este cortac\u00e9sped se adapta a todos los niveles de experiencia. Adem\u00e1s, el Cortac\u00e9sped Bosch ARM 32 incluye todo lo que necesitas para comenzar: la m\u00e1quina, la caja colectora de 31 litros y un embalaje de cart\u00f3n resistente. Opta por Bosch, la marca l\u00edder en herramientas de jardiner\u00eda, y transforma el mantenimiento de tu jard\u00edn en una tarea sencilla y eficiente. No esperes m\u00e1s y haz que tu c\u00e9sped luzca impecable con la ayuda de esta herramienta innovadora y de alto rendimiento.<\/p>\n","protected":false},"excerpt":{"rendered":"<p>&#8211; ARM 32: el potente cortac\u00e9sped multiusos &#8211; Con ajuste de altura de corte en tres niveles (20\/40\/60 mm); con innovadores peines para c\u00e9sped que permiten cortar a ras en las proximidades de muros, paredes y bordes &#8211; La caja colectora con 31 L de capacidad, no necesita ser vaciada con frecuencia. Adem\u00e1s, el motor [&hellip;]<\/p>\n","protected":false},"featured_media":3726,"template":"","meta":{"_gspb_post_css":""},"store":[],"product_brand":[],"product_cat":[16],"product_tag":[],"class_list":{"0":"post-3727","1":"product","2":"type-product","3":"status-publish","4":"has-post-thumbnail","6":"product_cat-sin-categorizar","8":"first","9":"instock","10":"sale","11":"shipping-taxable","12":"product-type-external"},"jetpack_sharing_enabled":true,"_links":{"self":[{"href":"https:\/\/ofertacular.com\/index.php\/wp-json\/wp\/v2\/product\/3727","targetHints":{"allow":["GET"]}}],"collection":[{"href":"https:\/\/ofertacular.com\/index.php\/wp-json\/wp\/v2\/product"}],"about":[{"href":"https:\/\/ofertacular.com\/index.php\/wp-json\/wp\/v2\/types\/product"}],"wp:featuredmedia":[{"embeddable":true,"href":"https:\/\/ofertacular.com\/index.php\/wp-json\/wp\/v2\/media\/3726"}],"wp:attachment":[{"href":"https:\/\/ofertacular.com\/index.php\/wp-json\/wp\/v2\/media?parent=3727"}],"wp:term":[{"taxonomy":"store","embeddable":true,"href":"https:\/\/ofertacular.com\/index.php\/wp-json\/wp\/v2\/store?post=3727"},{"taxonomy":"product_brand","embeddable":true,"href":"https:\/\/ofertacular.com\/index.php\/wp-json\/wp\/v2\/product_brand?post=3727"},{"taxonomy":"product_cat","embeddable":true,"href":"https:\/\/ofertacular.com\/index.php\/wp-json\/wp\/v2\/product_cat?post=3727"},{"taxonomy":"product_tag","embeddable":true,"href":"https:\/\/ofertacular.com\/index.php\/wp-json\/wp\/v2\/product_tag?post=3727"}],"curies":[{"name":"wp","href":"https:\/\/api.w.org\/{rel}","templated":true}]}}