{"id":3735,"date":"2025-02-28T20:41:28","date_gmt":"2025-02-28T19:41:28","guid":{"rendered":"https:\/\/ofertacular.com\/index.php\/producto\/cafetera-italiana\/"},"modified":"2025-02-28T20:41:28","modified_gmt":"2025-02-28T19:41:28","slug":"cafetera-italiana","status":"publish","type":"product","link":"https:\/\/ofertacular.com\/index.php\/producto\/cafetera-italiana\/","title":{"rendered":"Cafetera Italiana"},"content":{"rendered":"<p>&#8211; Mango fabricado en baquelita termo-resistente con formato ergon\u00f3mico<br \/>\n&#8211; Capacidad para 6 tazas de caf\u00e9 &#8211; 200 ml<br \/>\n&#8211; Apta para todo tipo de encimeras, excepto inducci\u00f3n<br \/>\n&#8211; Acabado Esmaltado brillo<br \/>\n&#8211; Exterior s\u00faper resistente<br \/>\nDescubre el placer de preparar caf\u00e9 con la Cafetera Italiana, un art\u00edculo imprescindible para los amantes del caf\u00e9 que buscan calidad y dise\u00f1o en su cocina. Esta elegante cafetera tiene una capacidad de 6 tazas (200 ml), ideal para compartir momentos especiales con familiares y amigos. Su mango, fabricado en baquelita termo-resistente, ofrece un agarre ergon\u00f3mico que garantiza comodidad y seguridad al servir tu caf\u00e9 favorito. Esta cafetera es compatible con todo tipo de encimeras, exceptuando las de inducci\u00f3n, lo que la hace perfecta para cualquier cocina. Con un hermoso acabado esmaltado en brillo, no solo es funcion\u00e1l, sino que tambi\u00e9n a\u00f1ade un toque de estilo a tu cocina. Su exterior es s\u00faper resistente, lo que asegura una larga durabilidad y resistencia al uso diario. La Cafetera Italiana no es solo un utensilio de cocina, es una experiencia de sabor que evoca la tradici\u00f3n del caf\u00e9 preparado a la manera cl\u00e1sica. Con cada uso, disfrutar\u00e1s de un caf\u00e9 aut\u00e9ntico, lleno de sabor y aroma, perfecto para comenzar el d\u00eda o disfrutar de una tarde relajante. Su dise\u00f1o cl\u00e1sico y funcional se adapta a cualquier decoraci\u00f3n, convirti\u00e9ndola en una excelente opci\u00f3n para regalar o para mejorar tu propia colecci\u00f3n de utensilios de caf\u00e9. Adem\u00e1s, su f\u00e1cil limpieza y mantenimiento la hacen a\u00fan m\u00e1s atractiva para aquellos que valoran la simplicidad y la eficiencia. No pierdas la oportunidad de elevar tu ritual del caf\u00e9 al siguiente nivel con esta incre\u00edble cafetera italiana. \u00a1El caf\u00e9 perfecto te espera!<\/p>\n","protected":false},"excerpt":{"rendered":"<p>&#8211; Mango fabricado en baquelita termo-resistente con formato ergon\u00f3mico &#8211; Capacidad para 6 tazas de caf\u00e9 &#8211; 200 ml &#8211; Apta para todo tipo de encimeras, excepto inducci\u00f3n &#8211; Acabado Esmaltado brillo &#8211; Exterior s\u00faper resistente Descubre el placer de preparar caf\u00e9 con la Cafetera Italiana, un art\u00edculo imprescindible para los amantes del caf\u00e9 que [&hellip;]<\/p>\n","protected":false},"featured_media":3734,"template":"","meta":{"_gspb_post_css":""},"store":[],"product_brand":[],"product_cat":[16],"product_tag":[],"class_list":{"0":"post-3735","1":"product","2":"type-product","3":"status-publish","4":"has-post-thumbnail","6":"product_cat-sin-categorizar","8":"first","9":"instock","10":"sale","11":"shipping-taxable","12":"product-type-external"},"jetpack_sharing_enabled":true,"_links":{"self":[{"href":"https:\/\/ofertacular.com\/index.php\/wp-json\/wp\/v2\/product\/3735","targetHints":{"allow":["GET"]}}],"collection":[{"href":"https:\/\/ofertacular.com\/index.php\/wp-json\/wp\/v2\/product"}],"about":[{"href":"https:\/\/ofertacular.com\/index.php\/wp-json\/wp\/v2\/types\/product"}],"wp:featuredmedia":[{"embeddable":true,"href":"https:\/\/ofertacular.com\/index.php\/wp-json\/wp\/v2\/media\/3734"}],"wp:attachment":[{"href":"https:\/\/ofertacular.com\/index.php\/wp-json\/wp\/v2\/media?parent=3735"}],"wp:term":[{"taxonomy":"store","embeddable":true,"href":"https:\/\/ofertacular.com\/index.php\/wp-json\/wp\/v2\/store?post=3735"},{"taxonomy":"product_brand","embeddable":true,"href":"https:\/\/ofertacular.com\/index.php\/wp-json\/wp\/v2\/product_brand?post=3735"},{"taxonomy":"product_cat","embeddable":true,"href":"https:\/\/ofertacular.com\/index.php\/wp-json\/wp\/v2\/product_cat?post=3735"},{"taxonomy":"product_tag","embeddable":true,"href":"https:\/\/ofertacular.com\/index.php\/wp-json\/wp\/v2\/product_tag?post=3735"}],"curies":[{"name":"wp","href":"https:\/\/api.w.org\/{rel}","templated":true}]}}