{"id":3737,"date":"2025-02-28T20:56:24","date_gmt":"2025-02-28T19:56:24","guid":{"rendered":"https:\/\/ofertacular.com\/index.php\/producto\/msi-monitor\/"},"modified":"2025-02-28T20:56:24","modified_gmt":"2025-02-28T19:56:24","slug":"msi-monitor","status":"publish","type":"product","link":"https:\/\/ofertacular.com\/index.php\/producto\/msi-monitor\/","title":{"rendered":"MSI Monitor"},"content":{"rendered":"<p>&#8211; Panel FHD de 24,5 pulgadas: el PRO MP252 cuenta con un gran panel IPS de 24,5&#8243;con resoluci\u00f3n Full-HD (1920 x 1080); una alta tasa de refresco de 100 Hz<br \/>\n&#8211; Calidad de imagen: el PRO MP252 admite una gama de colores 100% sRGB (6 bits+FRC, 16,7 millones de colores), 300 nits de brillo y una relaci\u00f3n de contraste superior de 1300:1<br \/>\n&#8211; Orientado al confort visual: la soluci\u00f3n MSI EyesErgo incluye la certificaci\u00f3n T\u00dcV Rheinland Eye Comfort Menos luz azul y tecnolog\u00eda antiparpadeo, as\u00ed como el software Eye-Q Check<br \/>\n&#8211; Simple y a la vez flexible: el monitor incluye soportes VESA de 100 mm para montaje en pared o en brazo (por ejemplo, el brazo VESA MT81 de MSI)<br \/>\n&#8211; Conectividad moderna y legada Y LEGADA: admite control y visualizaci\u00f3n multisistema con puertos HDMI 2.0b y DisplayPort 1.4a; incluye una toma de salida de auriculares<br \/>\nDescubre el nuevo Monitor MSI PRO MP252, la soluci\u00f3n perfecta para quienes buscan una experiencia visual impresionante y un dise\u00f1o ergon\u00f3mico superior. Con su panel FHD de 24,5 pulgadas, este monitor no solo ofrece una resoluci\u00f3n Full-HD de 1920 x 1080, sino que su frecuencia de actualizaci\u00f3n de 100 Hz garantiza una visualizaci\u00f3n suave y fluida, perfecta para videojuegos, dise\u00f1o gr\u00e1fico y tareas multitasking. La tecnolog\u00eda IPS brinda colores vibrantes y un amplio \u00e1ngulo de visi\u00f3n, ofreciendo una gama de colores de 100% sRGB que hacen que cada imagen cobre vida. Con un brillo de 300 nits y una formidable relaci\u00f3n de contraste de 1300:1, podr\u00e1s disfrutar de tus contenidos favoritos con una claridad excepcional.<\/p>\n<p>La comodidad visual es fundamental, y el MSI PRO MP252 no decepciona en este aspecto. Gracias a la certificaci\u00f3n T\u00dcV Rheinland Eye Comfort y a la tecnolog\u00eda antiparpadeo, tus ojos estar\u00e1n protegidos de la fatiga visual, incluso durante largas horas de uso. Adem\u00e1s, el software Eye-Q Check te ayudar\u00e1 a mantener un ambiente visual saludable y confortable, adapt\u00e1ndose a tus necesidades.<\/p>\n<p>Flexibilidad es otra de las caracter\u00edsticas destacadas de este monitor. Dise\u00f1ado con soportes VESA de 100 mm, es f\u00e1cil montarlo en una pared o en un brazo ajustable, como el brazo VESA MT81 de MSI, permitiendo un mejor aprovechamiento del espacio y una personalizaci\u00f3n \u00f3ptima de tu \u00e1rea de trabajo o entretenimiento.<\/p>\n<p>La conectividad es crucial, y el MSI PRO MP252 no se queda atr\u00e1s. Admite m\u00faltiples dispositivos gracias a sus puertos HDMI 2.0b y DisplayPort 1.4a, lo que permite el control y la visualizaci\u00f3n multisistema con total facilidad. Para completar la experiencia, incluye una salida para auriculares, asegurando que puedes disfrutar de un sonido de alta calidad mientras trabajas o juegas. No te pierdas la oportunidad de mejorar tu configuraci\u00f3n de trabajo o videojuego con el Monitor MSI PRO MP252, un monitor que combina performance, comodidad y flexibilidad en un solo dispositivo.<\/p>\n","protected":false},"excerpt":{"rendered":"<p>&#8211; Panel FHD de 24,5 pulgadas: el PRO MP252 cuenta con un gran panel IPS de 24,5&#8243;con resoluci\u00f3n Full-HD (1920 x 1080); una alta tasa de refresco de 100 Hz &#8211; Calidad de imagen: el PRO MP252 admite una gama de colores 100% sRGB (6 bits+FRC, 16,7 millones de colores), 300 nits de brillo y [&hellip;]<\/p>\n","protected":false},"featured_media":3736,"template":"","meta":{"_gspb_post_css":""},"store":[],"product_brand":[],"product_cat":[16],"product_tag":[],"class_list":{"0":"post-3737","1":"product","2":"type-product","3":"status-publish","4":"has-post-thumbnail","6":"product_cat-sin-categorizar","8":"first","9":"instock","10":"sale","11":"shipping-taxable","12":"product-type-external"},"jetpack_sharing_enabled":true,"_links":{"self":[{"href":"https:\/\/ofertacular.com\/index.php\/wp-json\/wp\/v2\/product\/3737","targetHints":{"allow":["GET"]}}],"collection":[{"href":"https:\/\/ofertacular.com\/index.php\/wp-json\/wp\/v2\/product"}],"about":[{"href":"https:\/\/ofertacular.com\/index.php\/wp-json\/wp\/v2\/types\/product"}],"wp:featuredmedia":[{"embeddable":true,"href":"https:\/\/ofertacular.com\/index.php\/wp-json\/wp\/v2\/media\/3736"}],"wp:attachment":[{"href":"https:\/\/ofertacular.com\/index.php\/wp-json\/wp\/v2\/media?parent=3737"}],"wp:term":[{"taxonomy":"store","embeddable":true,"href":"https:\/\/ofertacular.com\/index.php\/wp-json\/wp\/v2\/store?post=3737"},{"taxonomy":"product_brand","embeddable":true,"href":"https:\/\/ofertacular.com\/index.php\/wp-json\/wp\/v2\/product_brand?post=3737"},{"taxonomy":"product_cat","embeddable":true,"href":"https:\/\/ofertacular.com\/index.php\/wp-json\/wp\/v2\/product_cat?post=3737"},{"taxonomy":"product_tag","embeddable":true,"href":"https:\/\/ofertacular.com\/index.php\/wp-json\/wp\/v2\/product_tag?post=3737"}],"curies":[{"name":"wp","href":"https:\/\/api.w.org\/{rel}","templated":true}]}}