{"id":3745,"date":"2025-03-02T09:28:57","date_gmt":"2025-03-02T08:28:57","guid":{"rendered":"https:\/\/ofertacular.com\/index.php\/producto\/calvin-klein-trunks\/"},"modified":"2025-03-02T09:28:57","modified_gmt":"2025-03-02T08:28:57","slug":"calvin-klein-trunks","status":"publish","type":"product","link":"https:\/\/ofertacular.com\/index.php\/producto\/calvin-klein-trunks\/","title":{"rendered":"Calvin Klein Trunks"},"content":{"rendered":"<p>&#8211; ELEGANTE Y MASCULINO: Los calzoncillos b\u00f3xer originales de Calvin Klein con los detalles distintivos de CK se ajustan al cuerpo El set es para usar a diario, pero tambi\u00e9n para hacer deporte<br \/>\n&#8211; C\u00d3MODO: Gracias a su tejido el\u00e1stico, este calzoncillo trunk de tiro medio se adapta bien a las caderas La cl\u00e1sica cintura el\u00e1stica con logotipo completa el dise\u00f1o minimalista<br \/>\n&#8211; MATERIAL Y CUIDADO: Calzoncillos b\u00f3xer suaves confeccionados con 95 % algod\u00f3n y 5 % elastano Se puede lavar a m\u00e1quina, pero no es apta para secadora<br \/>\n&#8211; ALGOD\u00d3N EL\u00c1STICO: La colecci\u00f3n se caracteriza por su dise\u00f1o cl\u00e1sico en algod\u00f3n el\u00e1stico suave El corte hace que los calzoncillos b\u00f3xer de la colecci\u00f3n COTTON STRETCH sean \u00fanicos<br \/>\n&#8211; EMOCIONANTE Y CLARO: La marca de moda Calvin Klein, fundada en 1968, es conocida por su singular look y lleva conquistando el mundo de la moda desde entonces La marca americana apuesta por una est\u00e9tica minimalista<br \/>\nLos calzoncillos b\u00f3xer de Calvin Klein son la combinaci\u00f3n perfecta de estilo y comodidad. Dise\u00f1ados con un enfoque en la elegancia masculina, estos trunks son ideales tanto para el uso diario como para actividades deportivas. Su tejido el\u00e1stico, compuesto por un 95% de algod\u00f3n y un 5% de elastano, proporciona un ajuste \u00f3ptimo a las caderas, adem\u00e1s de ser extremadamente suave al tacto. <\/p>\n<p>La cintura el\u00e1stica con el logotipo emblem\u00e1tico de Calvin Klein no solo ofrece soporte, sino que tambi\u00e9n a\u00f1ade un toque distintivo a tu look. Con un dise\u00f1o minimalista que refleja la est\u00e9tica moderna de la marca, estos calzoncillos b\u00f3xer son un esencial en tu armario masculino.<\/p>\n<p>Mercados como el de la moda \u00edntima han visto en la marca una verdadera referencia de calidad y estilo desde su fundaci\u00f3n en 1968. Calvin Klein sigue siendo un pionero en moda masculina, y sus calzoncillos son una prueba de su compromiso con la innovaci\u00f3n y el confort.  <\/p>\n<p>El cuidado de tus calzoncillos CK es sencillo; se recomienda lavarlos a m\u00e1quina para mantener su calidad, aunque no son aptos para secadora. Esta atenci\u00f3n a los detalles es solo una de las razones por las que millones de hombres eligen Calvin Klein para su ropa interior. <\/p>\n<p>Descubre la colecci\u00f3n COTTON STRETCH y experimenta la comodidad que solo Calvin Klein puede ofrecer. Este modelo de calzoncillos es indispensable para quienes buscan un producto que una funcionalidad y dise\u00f1o atractivo. Atr\u00e9vete a conquistar cada d\u00eda con los calzoncillos Calvin Klein, donde la elegancia se encuentra con el confort en cada prenda.<\/p>\n","protected":false},"excerpt":{"rendered":"<p>&#8211; ELEGANTE Y MASCULINO: Los calzoncillos b\u00f3xer originales de Calvin Klein con los detalles distintivos de CK se ajustan al cuerpo El set es para usar a diario, pero tambi\u00e9n para hacer deporte &#8211; C\u00d3MODO: Gracias a su tejido el\u00e1stico, este calzoncillo trunk de tiro medio se adapta bien a las caderas La cl\u00e1sica cintura [&hellip;]<\/p>\n","protected":false},"featured_media":3744,"template":"","meta":{"_gspb_post_css":""},"store":[],"product_brand":[],"product_cat":[16],"product_tag":[],"class_list":{"0":"post-3745","1":"product","2":"type-product","3":"status-publish","4":"has-post-thumbnail","6":"product_cat-sin-categorizar","8":"first","9":"instock","10":"sale","11":"shipping-taxable","12":"product-type-external"},"jetpack_sharing_enabled":true,"_links":{"self":[{"href":"https:\/\/ofertacular.com\/index.php\/wp-json\/wp\/v2\/product\/3745","targetHints":{"allow":["GET"]}}],"collection":[{"href":"https:\/\/ofertacular.com\/index.php\/wp-json\/wp\/v2\/product"}],"about":[{"href":"https:\/\/ofertacular.com\/index.php\/wp-json\/wp\/v2\/types\/product"}],"wp:featuredmedia":[{"embeddable":true,"href":"https:\/\/ofertacular.com\/index.php\/wp-json\/wp\/v2\/media\/3744"}],"wp:attachment":[{"href":"https:\/\/ofertacular.com\/index.php\/wp-json\/wp\/v2\/media?parent=3745"}],"wp:term":[{"taxonomy":"store","embeddable":true,"href":"https:\/\/ofertacular.com\/index.php\/wp-json\/wp\/v2\/store?post=3745"},{"taxonomy":"product_brand","embeddable":true,"href":"https:\/\/ofertacular.com\/index.php\/wp-json\/wp\/v2\/product_brand?post=3745"},{"taxonomy":"product_cat","embeddable":true,"href":"https:\/\/ofertacular.com\/index.php\/wp-json\/wp\/v2\/product_cat?post=3745"},{"taxonomy":"product_tag","embeddable":true,"href":"https:\/\/ofertacular.com\/index.php\/wp-json\/wp\/v2\/product_tag?post=3745"}],"curies":[{"name":"wp","href":"https:\/\/api.w.org\/{rel}","templated":true}]}}