{"id":3749,"date":"2025-03-02T19:38:00","date_gmt":"2025-03-02T18:38:00","guid":{"rendered":"https:\/\/ofertacular.com\/index.php\/producto\/mochila-viaje\/"},"modified":"2025-03-02T19:38:00","modified_gmt":"2025-03-02T18:38:00","slug":"mochila-viaje","status":"publish","type":"product","link":"https:\/\/ofertacular.com\/index.php\/producto\/mochila-viaje\/","title":{"rendered":"Mochila Viaje"},"content":{"rendered":"<p>&#8211; \u3010MOCHILA VIAJE CABINA AVION\u3011La mochila viaje mide 40x20x25 cm con capacidad de 20L, que cumple con las dimensiones m\u00e1ximas de equipaje de mano de Ryanair. No hay que preocuparse por las tasas adicionales de facturaci\u00f3n. La mochila cabina es apta para la mayor\u00eda de las compa\u00f1\u00edas a\u00e9reas y cabe en los portaequipajes superiores y debajo del asiento. C\u00f3moda para embarcar r\u00e1pidamente, lo que facilita los viajes cortos<br \/>\n&#8211; \u3010BOLSA ANTIRROBO Y COMPARTIMENTOS SEPARADOS\u3011Dispone de bolsillo antirrobo con cremallera en la espalda de la mochila viaje y un compartimento independiente para el port\u00e1til de 14 pulgadas. El bolsillo laterale de la mochila de viaje pueden utilizarse para guardar objetos como botella de agua o paraguas. Hay muchos compartimentos peque\u00f1os en el espacio principal de la mochila cabina para guardar otros objetos peque\u00f1os<br \/>\n&#8211; \u3010ORIFICIO PARA CABLE USB Y BANDA EL\u00c1STICA\u3011La mochila Ryanair se abre 180\u00b0 como una maleta. Hay una correa el\u00e1stica en el interior de la mochila que puede fijar su ropa, permite organizar y empaquetar el equipaje m\u00e1s f\u00e1cil y r\u00e1pidamente. Carga su tel\u00e9fono m\u00f3vil a trav\u00e9s del orificio USB situado en el lateral de la mochila cabina, sin necesidad de sujetar el cargador durante mucho tiempo, lo que hace la carga sea m\u00e1s c\u00f3moda<br \/>\n&#8211; \u3010LA MOCHILA C\u00d3MODA Y DURADERA\u3011La mochila cabina est\u00e1 hecha de tela impermeable duradera. El asa de transporte, las correas para los hombros y la espalda son de malla transpirable, rellenas de esponja para reducir la presi\u00f3n eficazmente sobre los hombros y la espalda, que permite moverse m\u00e1s f\u00e1cil y c\u00f3modo. Hay una correa el\u00e1stica en la espalda para sujetar la mochila a la barra del carro de equipajes,usado como suplemento de equipaje<br \/>\n&#8211; \u3010MOCHILA AVION MULTIFUNCIONAL\u3011La capacidad y el tama\u00f1o de esta mochila de viaje 40x20x25 para mujeres y hombres satisface las necesidades de viajes cortos de 2-3 d\u00edas o escapadas de fin de semana. Adecuada para la escuela, viajes de negocios a corto plazo, trabajo, actividades al aire libre, y tambi\u00e9n se puede utilizar como una mochila para port\u00e1til. (No apta para viajes largos con demasiado equipaje)<br \/>\nDescubre la mochila de viaje perfecta para tus escapadas y aventuras cortas: la Mochila Viaje. Dise\u00f1ada para cumplir con las dimensiones m\u00e1ximas de equipaje de mano de las aerol\u00edneas, incluyendo Ryanair, esta mochila es ideal para quienes buscan comodidad y eficiencia en sus viajes. Con unas medidas de 40x20x25 cm y una capacidad de 20 litros, no tendr\u00e1s que preocuparte por las tasas de facturaci\u00f3n adicionales. Su dise\u00f1o compacto permite que se ajuste f\u00e1cilmente en los compartimentos superiores y debajo del asiento, facilitando un embarque r\u00e1pido y sin complicaciones. <\/p>\n<p>Una de las caracter\u00edsticas m\u00e1s destacadas de esta mochila viaje es su bolsillo antirrobo, que se encuentra estrat\u00e9gicamente ubicado en la parte trasera, ofreciendo seguridad para tus pertenencias m\u00e1s valiosas. Adem\u00e1s, cuenta con un compartimento especial para laptops de hasta 14 pulgadas, asegurando que tu dispositivo est\u00e9 protegido y accesible en todo momento. El dise\u00f1o inteligente incluye tambi\u00e9n bolsillos laterales, perfectos para portar una botella de agua o un paraguas, y numerosos compartimientos en el compartimento principal para organizar todos tus objetos peque\u00f1os. <\/p>\n<p>Otra funcionalidad que har\u00e1 tu vida m\u00e1s f\u00e1cil es el orificio para cargar tu tel\u00e9fono m\u00f3vil a trav\u00e9s de un puerto USB, lo que te permite mantener tus dispositivos cargados y listos para usar sin complicaciones. La mochila se abre 180 grados, facilitando el acceso a tu ropa y pertenencias, mientras que una correa el\u00e1stica mantiene todo en su lugar durante el transporte. <\/p>\n<p>La Mochila Viaje no solo es pr\u00e1ctica, sino que tambi\u00e9n est\u00e1 fabricada con materiales de alta calidad, incluyendo una tela impermeable que asegura la durabilidad del producto. Las correas para los hombros son acolchadas y con malla transpirable, haciendo que el transporte sea c\u00f3modo, incluso en viajes m\u00e1s largos. Tambi\u00e9n incluye una correa trasera que te permite fijarla a un carro de equipaje, convirti\u00e9ndola en un estupendo complemento a tu equipaje. Todo esto la convierte en una mochila multifuncional, perfecta para escapadas de fin de semana, viajes de negocios o incluso como mochila escolar. Eleva tu experiencia de viaje con la Mochila Viaje, ideal para hombres y mujeres que quieren comodidades y estilo al mismo tiempo.<\/p>\n","protected":false},"excerpt":{"rendered":"<p>&#8211; \u3010MOCHILA VIAJE CABINA AVION\u3011La mochila viaje mide 40x20x25 cm con capacidad de 20L, que cumple con las dimensiones m\u00e1ximas de equipaje de mano de Ryanair. No hay que preocuparse por las tasas adicionales de facturaci\u00f3n. La mochila cabina es apta para la mayor\u00eda de las compa\u00f1\u00edas a\u00e9reas y cabe en los portaequipajes superiores y [&hellip;]<\/p>\n","protected":false},"featured_media":3748,"template":"","meta":{"_gspb_post_css":""},"store":[],"product_brand":[],"product_cat":[16],"product_tag":[],"class_list":{"0":"post-3749","1":"product","2":"type-product","3":"status-publish","4":"has-post-thumbnail","6":"product_cat-sin-categorizar","8":"first","9":"instock","10":"sale","11":"shipping-taxable","12":"product-type-external"},"jetpack_sharing_enabled":true,"_links":{"self":[{"href":"https:\/\/ofertacular.com\/index.php\/wp-json\/wp\/v2\/product\/3749","targetHints":{"allow":["GET"]}}],"collection":[{"href":"https:\/\/ofertacular.com\/index.php\/wp-json\/wp\/v2\/product"}],"about":[{"href":"https:\/\/ofertacular.com\/index.php\/wp-json\/wp\/v2\/types\/product"}],"wp:featuredmedia":[{"embeddable":true,"href":"https:\/\/ofertacular.com\/index.php\/wp-json\/wp\/v2\/media\/3748"}],"wp:attachment":[{"href":"https:\/\/ofertacular.com\/index.php\/wp-json\/wp\/v2\/media?parent=3749"}],"wp:term":[{"taxonomy":"store","embeddable":true,"href":"https:\/\/ofertacular.com\/index.php\/wp-json\/wp\/v2\/store?post=3749"},{"taxonomy":"product_brand","embeddable":true,"href":"https:\/\/ofertacular.com\/index.php\/wp-json\/wp\/v2\/product_brand?post=3749"},{"taxonomy":"product_cat","embeddable":true,"href":"https:\/\/ofertacular.com\/index.php\/wp-json\/wp\/v2\/product_cat?post=3749"},{"taxonomy":"product_tag","embeddable":true,"href":"https:\/\/ofertacular.com\/index.php\/wp-json\/wp\/v2\/product_tag?post=3749"}],"curies":[{"name":"wp","href":"https:\/\/api.w.org\/{rel}","templated":true}]}}