{"id":3753,"date":"2025-03-03T08:27:22","date_gmt":"2025-03-03T07:27:22","guid":{"rendered":"https:\/\/ofertacular.com\/index.php\/producto\/dreame-d10\/"},"modified":"2025-03-03T08:27:22","modified_gmt":"2025-03-03T07:27:22","slug":"dreame-d10","status":"publish","type":"product","link":"https:\/\/ofertacular.com\/index.php\/producto\/dreame-d10\/","title":{"rendered":"DREAME D10"},"content":{"rendered":"<p>&#8211; Recolecci\u00f3n autom\u00e1tica de polvo: Disfrute de una verdadera limpieza aut\u00f3noma con nuestro sistema de recolecci\u00f3n de polvo. Su funcionalidad autom\u00e1tica revoluciona tu limpieza, eliminando la molestia de quitar el polvo; Su gran bolsa para el polvo de 4 L te garantiza hasta 90 d\u00edas* de limpieza ininterrumpida.<br \/>\n&#8211; Potente limpieza de alfombras\/alfombras: Benef\u00edciate de un poder de limpieza inigualable gracias a la succi\u00f3n Vormax 6.000 Pa, que elimina la suciedad y el pelo de mascotas gracias a su motor de alto rendimiento y 4 niveles de succi\u00f3n personalizables; El innovador cepillo de goma flotante garantiza alfombras impecables al eliminar eficazmente el polvo y minimizar los enredos, lo que lo convierte en una herramienta imprescindible para los due\u00f1os de mascotas.<br \/>\n&#8211; Aspiradora y trapeador 2 en 1: personalice f\u00e1cilmente los niveles de humedad con la aspiradora y trapeador 2 en 1 D10 Plus Gen 2; Disfrute de un pr\u00e1ctico dep\u00f3sito de agua limpia de 150 ml con tres ajustes de flujo, mientras que su compartimento para el polvo de alta capacidad atrapa la suciedad, evitando fugas y olores desagradables.<br \/>\n&#8211; Mapeo inteligente y evitaci\u00f3n de obst\u00e1culos: revolucione su rutina de limpieza con la tecnolog\u00eda inteligente Pathfinder y la evitaci\u00f3n de obst\u00e1culos de precisi\u00f3n, generando mapas intuitivos y editables para una cobertura completa del \u00e1rea mientras evita obst\u00e1culos con una precisi\u00f3n inigualable.<br \/>\n&#8211; Limpieza f\u00e1cilmente personalizable: personalice su experiencia de limpieza con mapas de m\u00faltiples superficies, asegurando una limpieza optimizada en varias superficies mientras protege las \u00e1reas delicadas, con zonas prohibidas personalizables y l\u00edmites virtuales a trav\u00e9s de la aplicaci\u00f3n Dreamehome.<br \/>\nLa Aspiradora DREAME D10 Plus Gen 2 es la soluci\u00f3n definitiva para aquellos que buscan una limpieza eficiente y sin esfuerzo en su hogar. Con un sistema de recolecci\u00f3n autom\u00e1tica de polvo, olv\u00eddate de la molestia de vaciar la bolsa cada vez que limpias. Su capacidad de 4 litros permite hasta 90 d\u00edas de limpieza continua. Dise\u00f1ada para ofrecer un potente rendimiento, cuenta con una succi\u00f3n Vormax de 6.000 Pa que hace que las alfombras y tapetes queden impecables, eliminando adem\u00e1s pelo de mascotas y suciedad m\u00e1s dif\u00edcil de alcanzar. Asimismo, su innovador cepillo de goma flotante evita enredos de pelo, lo que la convierte en la mejor aliada para los due\u00f1os de mascotas.<\/p>\n<p>Adem\u00e1s, esta aspiradora DREAME D10 no solo aspira, sino que tambi\u00e9n trapea. Gracias a su sistema 2 en 1, podr\u00e1s ajustar los niveles de humedad con un dep\u00f3sito de agua limpia de 150 ml, evitando fugas y olores desagradables al mismo tiempo que limpias tus superficies. La tecnolog\u00eda de mapeo inteligente Pathfinder permite generar mapas precisos y editables, garantizando una cobertura completa de tu hogar mientras evita obst\u00e1culos como muebles o cables.<\/p>\n<p>Tu experiencia de limpieza se vuelve completamente personalizable, ya que podr\u00e1s establecer zonas prohibidas y l\u00edmites virtuales a trav\u00e9s de la aplicaci\u00f3n Dreamehome. Esta herramienta no solo es eficaz, sino que tambi\u00e9n se adapta a tus necesidades y asegura una limpieza optimizada en diversas superficies. Con la DREAME D10, tendr\u00e1s m\u00e1s tiempo para disfrutar de las cosas que realmente importan, mientras te aseguras de que tu hogar est\u00e9 siempre limpio y acogedor. No esperes m\u00e1s y descubre c\u00f3mo esta aspiradora puede revolucionar tu rutina de limpieza.<\/p>\n","protected":false},"excerpt":{"rendered":"<p>&#8211; Recolecci\u00f3n autom\u00e1tica de polvo: Disfrute de una verdadera limpieza aut\u00f3noma con nuestro sistema de recolecci\u00f3n de polvo. Su funcionalidad autom\u00e1tica revoluciona tu limpieza, eliminando la molestia de quitar el polvo; Su gran bolsa para el polvo de 4 L te garantiza hasta 90 d\u00edas* de limpieza ininterrumpida. &#8211; Potente limpieza de alfombras\/alfombras: Benef\u00edciate de [&hellip;]<\/p>\n","protected":false},"featured_media":3752,"template":"","meta":{"_gspb_post_css":""},"store":[],"product_brand":[],"product_cat":[16],"product_tag":[],"class_list":{"0":"post-3753","1":"product","2":"type-product","3":"status-publish","4":"has-post-thumbnail","6":"product_cat-sin-categorizar","8":"first","9":"instock","10":"sale","11":"shipping-taxable","12":"product-type-external"},"jetpack_sharing_enabled":true,"_links":{"self":[{"href":"https:\/\/ofertacular.com\/index.php\/wp-json\/wp\/v2\/product\/3753","targetHints":{"allow":["GET"]}}],"collection":[{"href":"https:\/\/ofertacular.com\/index.php\/wp-json\/wp\/v2\/product"}],"about":[{"href":"https:\/\/ofertacular.com\/index.php\/wp-json\/wp\/v2\/types\/product"}],"wp:featuredmedia":[{"embeddable":true,"href":"https:\/\/ofertacular.com\/index.php\/wp-json\/wp\/v2\/media\/3752"}],"wp:attachment":[{"href":"https:\/\/ofertacular.com\/index.php\/wp-json\/wp\/v2\/media?parent=3753"}],"wp:term":[{"taxonomy":"store","embeddable":true,"href":"https:\/\/ofertacular.com\/index.php\/wp-json\/wp\/v2\/store?post=3753"},{"taxonomy":"product_brand","embeddable":true,"href":"https:\/\/ofertacular.com\/index.php\/wp-json\/wp\/v2\/product_brand?post=3753"},{"taxonomy":"product_cat","embeddable":true,"href":"https:\/\/ofertacular.com\/index.php\/wp-json\/wp\/v2\/product_cat?post=3753"},{"taxonomy":"product_tag","embeddable":true,"href":"https:\/\/ofertacular.com\/index.php\/wp-json\/wp\/v2\/product_tag?post=3753"}],"curies":[{"name":"wp","href":"https:\/\/api.w.org\/{rel}","templated":true}]}}