{"id":3763,"date":"2025-03-03T09:48:43","date_gmt":"2025-03-03T08:48:43","guid":{"rendered":"https:\/\/ofertacular.com\/index.php\/producto\/xiaomi-vacuum\/"},"modified":"2025-03-03T09:48:43","modified_gmt":"2025-03-03T08:48:43","slug":"xiaomi-vacuum","status":"publish","type":"product","link":"https:\/\/ofertacular.com\/index.php\/producto\/xiaomi-vacuum\/","title":{"rendered":"Xiaomi Vacuum"},"content":{"rendered":"<p>&#8211; Compacto y ligero. El cuerpo compacto de 300 mm permite al robot moverse f\u00e1cilmente en espacios reducidos y limpiar hasta el \u00faltimo rinc\u00f3n. Con una altura de 70 mm, puede maniobrar f\u00e1cilmente debajo de los muebles<br \/>\n&#8211; Dep\u00f3sito grande de 400 ml. Acumula m\u00e1s cantidad de polvo para reducir la frecuencia de vaciado. Dep\u00f3sito dise\u00f1ado para montarlo y desmontarlo r\u00e1pidamente. Desmontaje y montaje r\u00e1pidos, lo que facilita la limpieza<br \/>\n&#8211; Capacidad de la bater\u00eda de 2600 mAh. 110 minutos de bater\u00eda en modo Est\u00e1ndar<br \/>\n&#8211; Cepillos laterales dobles para recoger el polvo. Eficiencia de limpieza mejorada. Potencia m\u00e1xima de succi\u00f3n del ventilador de 2000 Pa. Tres niveles de succi\u00f3n para una limpieza profunda del pelo y el polvo. Dep\u00f3sito de agua filtrada. Almohadilla de la mopa lavable. Satisface f\u00e1cilmente tus necesidades diarias de limpieza del suelo<br \/>\n&#8211; Planificaci\u00f3n inteligente de rutas. Ruta de limpieza en zigzag. Mantente al d\u00eda, minimiza las zonas sin limpiar y disfruta de una alta eficiencia. M\u00faltiples sensores inteligentes. Navegaci\u00f3n flexible de obst\u00e1culos para evitar atascos. Detecci\u00f3n de salientes. Retroceso inmediato al detectar un escal\u00f3n para evitar ca\u00eddas<br \/>\nLa aspiradora robot Xiaomi es la soluci\u00f3n perfecta para aquellos que buscan una limpieza profunda y eficiente en su hogar. Con un dise\u00f1o compacto y ligero de solo 300 mm de ancho, este aspirador se desliza sin esfuerzo por espacios reducidos, facilitando la limpieza de cada rinc\u00f3n y bajo los muebles gracias a su altura de 70 mm. Su dep\u00f3sito de 400 ml permite acumular m\u00e1s polvo, lo que reduce la necesidad de vaciarlo con frecuencia. Adem\u00e1s, el dise\u00f1o del dep\u00f3sito est\u00e1 pensado para un montaje y desmontaje r\u00e1pido, haciendo que la limpieza sea un proceso sencillo y directo.<\/p>\n<p>Equipada con una potente bater\u00eda de 2600 mAh, esta aspiradora ofrece hasta 110 minutos de autonom\u00eda en modo est\u00e1ndar, asegurando que puede abarcar \u00e1reas m\u00e1s grandes sin interrupciones. Los cepillos laterales dobles mejoran la eficiencia de limpieza al recoger el polvo de esquinas y otros lugares dif\u00edciles de alcanzar. Con una succi\u00f3n m\u00e1xima de 2000 Pa y tres niveles ajustables, esta aspiradora es capaz de adaptarse a las diferentes necesidades de limpieza, desde el pelo de mascotas hasta el polvo m\u00e1s fino.<\/p>\n<p>La planificaci\u00f3n inteligente de rutas es otra caracter\u00edstica destacada de la aspiradora Xiaomi. Utiliza un algoritmo de limpieza en zigzag que optimiza el recorrido, minimizando zonas olvidadas y asegurando una limpieza eficiente. Sus m\u00faltiples sensores inteligentes permiten una navegaci\u00f3n flexible y segura, evitando obst\u00e1culos que podr\u00edan causar atascos y detectando huecos o escalones para prevenir ca\u00eddas. Con todo esto, la aspiradora Xiami no solo facilita la tarea de mantener tu hogar limpio, sino que tambi\u00e9n lo hace de manera inteligente y segura, dejando m\u00e1s tiempo para disfrutar de lo que realmente importa en tu vida.<\/p>\n","protected":false},"excerpt":{"rendered":"<p>&#8211; Compacto y ligero. El cuerpo compacto de 300 mm permite al robot moverse f\u00e1cilmente en espacios reducidos y limpiar hasta el \u00faltimo rinc\u00f3n. Con una altura de 70 mm, puede maniobrar f\u00e1cilmente debajo de los muebles &#8211; Dep\u00f3sito grande de 400 ml. Acumula m\u00e1s cantidad de polvo para reducir la frecuencia de vaciado. Dep\u00f3sito [&hellip;]<\/p>\n","protected":false},"featured_media":3762,"template":"","meta":{"_gspb_post_css":""},"store":[],"product_brand":[],"product_cat":[16],"product_tag":[],"class_list":{"0":"post-3763","1":"product","2":"type-product","3":"status-publish","4":"has-post-thumbnail","6":"product_cat-sin-categorizar","8":"first","9":"instock","10":"sale","11":"shipping-taxable","12":"product-type-external"},"jetpack_sharing_enabled":true,"_links":{"self":[{"href":"https:\/\/ofertacular.com\/index.php\/wp-json\/wp\/v2\/product\/3763","targetHints":{"allow":["GET"]}}],"collection":[{"href":"https:\/\/ofertacular.com\/index.php\/wp-json\/wp\/v2\/product"}],"about":[{"href":"https:\/\/ofertacular.com\/index.php\/wp-json\/wp\/v2\/types\/product"}],"wp:featuredmedia":[{"embeddable":true,"href":"https:\/\/ofertacular.com\/index.php\/wp-json\/wp\/v2\/media\/3762"}],"wp:attachment":[{"href":"https:\/\/ofertacular.com\/index.php\/wp-json\/wp\/v2\/media?parent=3763"}],"wp:term":[{"taxonomy":"store","embeddable":true,"href":"https:\/\/ofertacular.com\/index.php\/wp-json\/wp\/v2\/store?post=3763"},{"taxonomy":"product_brand","embeddable":true,"href":"https:\/\/ofertacular.com\/index.php\/wp-json\/wp\/v2\/product_brand?post=3763"},{"taxonomy":"product_cat","embeddable":true,"href":"https:\/\/ofertacular.com\/index.php\/wp-json\/wp\/v2\/product_cat?post=3763"},{"taxonomy":"product_tag","embeddable":true,"href":"https:\/\/ofertacular.com\/index.php\/wp-json\/wp\/v2\/product_tag?post=3763"}],"curies":[{"name":"wp","href":"https:\/\/api.w.org\/{rel}","templated":true}]}}