{"id":3771,"date":"2025-03-03T11:55:55","date_gmt":"2025-03-03T10:55:55","guid":{"rendered":"https:\/\/ofertacular.com\/index.php\/producto\/mecedora-gris\/"},"modified":"2025-03-03T11:55:55","modified_gmt":"2025-03-03T10:55:55","slug":"mecedora-gris","status":"publish","type":"product","link":"https:\/\/ofertacular.com\/index.php\/producto\/mecedora-gris\/","title":{"rendered":"Mecedora Gris"},"content":{"rendered":"<p>&#8211; Como en ondas suaves: si\u00e9ntate en esta mecedora con forma curva, ajusta el reposapi\u00e9s a la altura deseada (ajustable en 5 posiciones), cierra los ojos y relaja el cuerpo y el alma mientras se balancea hacia adelante y hacia atr\u00e1s<br \/>\n&#8211; Es fiable: la estructura de madera de abedul y la estructura met\u00e1lica en el interior le dan al columpio una alta capacidad de carga (hasta 150 kg) y le dan suficiente sujeci\u00f3n fiable. El fieltro antideslizante en las patas protege el suelo de ara\u00f1azos<br \/>\n&#8211; TU PIEL TAMBI\u00c9N SE FRENTE: \u00a1Dile adi\u00f3s a las sillas cuya funda no es transpirable y se adhiere a tu piel! Esta silla cuenta con una funda de algod\u00f3n suave extra\u00edble que proporciona una experiencia de asiento c\u00f3moda<br \/>\n&#8211; AHHH, MUY C\u00d3MODO! Este sill\u00f3n balanc\u00edn ergon\u00f3mico se adapta a la forma de tu cuerpo. Acolchado de espuma de alta densidad, reposacabezas desmontable: una vez que te sientas en este sill\u00f3n, no querr\u00e1s levantarte<br \/>\n&#8211; El paquete incluye: Una c\u00f3moda mecedora de estilo escandinavo y una gu\u00eda comprensible para simplificar el montaje. \u00bfQuieres utilizar esta silla en la sala de estar, habitaci\u00f3n de los ni\u00f1os o dormitorios? \u00a1Su decisi\u00f3n!<br \/>\nDescubre la incre\u00edble Mecedora Gris, el mueble ideal que transformar\u00e1 cualquier espacio de tu hogar en un refugio de confort y estilo. Esta elegante mecedora con dise\u00f1o en onda suave est\u00e1 pensada para que disfrutes de momentos de relajaci\u00f3n inigualables. Con su reposapi\u00e9s ajustable en 5 posiciones, puedes adaptar la mecedora a tus necesidades, permiti\u00e9ndote balancearte hacia adelante y hacia atr\u00e1s mientras te desconectas del estr\u00e9s diario. Su estructura robusta de madera de abedul y metal proporciona una gran capacidad de carga, soportando hasta 150 kg, mientras que el fieltro antideslizante en las patas protege tus suelos de ara\u00f1azos. <\/p>\n<p>Una de las caracter\u00edsticas m\u00e1s destacadas de esta mecedora es su funda de algod\u00f3n suave y transpirable, que evita que el calor se acumule y te brinda una experiencia de asiento realmente c\u00f3moda. Con el acolchado de espuma de alta densidad y un reposacabezas desmontable, este sill\u00f3n balanc\u00edn se amolda perfectamente a la forma de tu cuerpo, asegurando que disfrutar\u00e1s de horas de relajaci\u00f3n sin querer levantarte. <\/p>\n<p>Adem\u00e1s, su estilo escandinavo moderno la convierte en una pieza vers\u00e1til que puedes integrar f\u00e1cilmente en cualquier habitaci\u00f3n: desde la sala de estar hasta la habitaci\u00f3n de los ni\u00f1os o el dormitorio. El paquete incluye no solo la mecedora, sino tambi\u00e9n una gu\u00eda clara que facilita su montaje. <\/p>\n<p>No pierdas la oportunidad de transformar tu hogar con la Mecedora Gris, donde cada movimiento es una ola de tranquilidad y elegancia. \u00a1Descubre el equilibrio perfecto entre funcionalidad y dise\u00f1o!<\/p>\n","protected":false},"excerpt":{"rendered":"<p>&#8211; Como en ondas suaves: si\u00e9ntate en esta mecedora con forma curva, ajusta el reposapi\u00e9s a la altura deseada (ajustable en 5 posiciones), cierra los ojos y relaja el cuerpo y el alma mientras se balancea hacia adelante y hacia atr\u00e1s &#8211; Es fiable: la estructura de madera de abedul y la estructura met\u00e1lica en [&hellip;]<\/p>\n","protected":false},"featured_media":3770,"template":"","meta":{"_gspb_post_css":""},"store":[],"product_brand":[],"product_cat":[16],"product_tag":[],"class_list":{"0":"post-3771","1":"product","2":"type-product","3":"status-publish","4":"has-post-thumbnail","6":"product_cat-sin-categorizar","8":"first","9":"instock","10":"sale","11":"shipping-taxable","12":"product-type-external"},"jetpack_sharing_enabled":true,"_links":{"self":[{"href":"https:\/\/ofertacular.com\/index.php\/wp-json\/wp\/v2\/product\/3771","targetHints":{"allow":["GET"]}}],"collection":[{"href":"https:\/\/ofertacular.com\/index.php\/wp-json\/wp\/v2\/product"}],"about":[{"href":"https:\/\/ofertacular.com\/index.php\/wp-json\/wp\/v2\/types\/product"}],"wp:featuredmedia":[{"embeddable":true,"href":"https:\/\/ofertacular.com\/index.php\/wp-json\/wp\/v2\/media\/3770"}],"wp:attachment":[{"href":"https:\/\/ofertacular.com\/index.php\/wp-json\/wp\/v2\/media?parent=3771"}],"wp:term":[{"taxonomy":"store","embeddable":true,"href":"https:\/\/ofertacular.com\/index.php\/wp-json\/wp\/v2\/store?post=3771"},{"taxonomy":"product_brand","embeddable":true,"href":"https:\/\/ofertacular.com\/index.php\/wp-json\/wp\/v2\/product_brand?post=3771"},{"taxonomy":"product_cat","embeddable":true,"href":"https:\/\/ofertacular.com\/index.php\/wp-json\/wp\/v2\/product_cat?post=3771"},{"taxonomy":"product_tag","embeddable":true,"href":"https:\/\/ofertacular.com\/index.php\/wp-json\/wp\/v2\/product_tag?post=3771"}],"curies":[{"name":"wp","href":"https:\/\/api.w.org\/{rel}","templated":true}]}}