{"id":3802,"date":"2025-03-03T17:45:58","date_gmt":"2025-03-03T16:45:58","guid":{"rendered":"https:\/\/ofertacular.com\/index.php\/producto\/msi-monitor-2\/"},"modified":"2025-03-03T17:45:58","modified_gmt":"2025-03-03T16:45:58","slug":"msi-monitor-2","status":"publish","type":"product","link":"https:\/\/ofertacular.com\/index.php\/producto\/msi-monitor-2\/","title":{"rendered":"MSI Monitor"},"content":{"rendered":"<p>&#8211; Panel WQHD DE 27\u00bb: el P MP273QP E2 cuenta con un gran panel IPS de 27 pulgadas con resoluci\u00f3n WQHD (2560 x 1440); una alta tasa de refresco de 100 Hz mejora la experiencia visual diaria<br \/>\n&#8211; Calidad de imagen: el PRO MP273QP E2 admite una gama de colores sRGB del 118% (8 bits+FRC, 1,07B colores), 400 nits de brillo, relaci\u00f3n de contraste superior de 1300:1 y DisplayHDR 400; MSI Display Kit App desbloquea ajustes adicionales de pantalla<br \/>\n&#8211; Orientado al confort visual: la soluci\u00f3n MSI EyesErgo incluye tecnolog\u00eda Less Blue Light PRO y Anti-Flicker certificada por T\u00dcV Rheinland Eye Comfort, as\u00ed como hardware Eye-Q Check para evitar tensiones durante per\u00edodos prolongados de uso<br \/>\n&#8211; Conectividad moderna: admite control y visualizaci\u00f3n de m\u00faltiples sistemas con puerto DisplayPort 1.2a y puertos CEC HDMITM 2.0b (WQHD@100Hz)<br \/>\n&#8211; Simple pero flexible: el monitor viene con 75mm soportes VESA para montaje, mientras que el soporte es 4 v\u00edas ajustable e incluye un dise\u00f1o de mini-PC montable y un clip de gesti\u00f3n de cable pr\u00e1ctico; altavoces incorporados 3W son convenientes para las ll<br \/>\nDescubre el Monitor MSI PRO MP273QP E2, una impresionante pantalla de 27 pulgadas que redefine la experiencia visual. Con su panel IPS WQHD que ofrece una resoluci\u00f3n de 2560 x 1440 p\u00edxeles, disfrutar\u00e1s de im\u00e1genes asombrosas y n\u00edtidas que hacen que tus juegos, pel\u00edculas y gr\u00e1ficos cobren vida. La alta tasa de refresco de 100 Hz garantiza fluidez en cada movimiento, ideal para los amantes de los videojuegos y aquellos que trabajan con contenido visual exigente. <\/p>\n<p>La calidad de imagen es excepcional con un 118% de cobertura de colores sRGB, lo que significa que los colores son vibrantes y precisos, perfectos para dise\u00f1adores gr\u00e1ficos y fot\u00f3grafos. Con un brillo de 400 nits y un contraste sorprendente de 1300:1, cada detalle es visible, incluso en entornos iluminados. Adem\u00e1s, con la certificaci\u00f3n DisplayHDR 400, podr\u00e1s disfrutar de un rango din\u00e1mico m\u00e1s amplio que enriquecer\u00e1 tus visuales. Utilizando la aplicaci\u00f3n MSI Display Kit, tendr\u00e1s acceso a ajustes adicionales que mejoran a\u00fan m\u00e1s la personalizaci\u00f3n de tu pantalla.<\/p>\n<p>Tu comodidad visual es primordial, y por ello, el monitor cuenta con la tecnolog\u00eda MSI EyesErgo que reduce la emisi\u00f3n de luz azul y est\u00e1 certificado por T\u00dcV Rheinland Eye Comfort. Junto a la tecnolog\u00eda Anti-Flicker y el hardware Eye-Q Check, podr\u00e1s utilizarlo durante horas sin sentir la tensi\u00f3n en tus ojos. Esto lo convierte en una opci\u00f3n perfecta para largas jornadas de trabajo o entretenimiento.<\/p>\n<p>En cuanto a conectividad, el MSI PRO MP273QP E2 es moderno y vers\u00e1til, permitiendo la conexi\u00f3n de m\u00faltiples sistemas a trav\u00e9s de su puerto DisplayPort 1.2a y puertos HDMI 2.0b, ambos capaces de soportar WQHD a 100 Hz. Su dise\u00f1o simple pero flexible incluye soportes VESA de 75 mm para montaje y un soporte ajustable en 4 direcciones, lo que te permite encontrar la posici\u00f3n perfecta para tu espacio de trabajo. Adicionalmente, cuenta con altavoces incorporados de 3W, eliminando la necesidad de altavoces externos. No busques m\u00e1s, el Monitor MSI PRO MP273QP E2 es la elecci\u00f3n ideal para una experiencia visual total.<\/p>\n","protected":false},"excerpt":{"rendered":"<p>&#8211; Panel WQHD DE 27\u00bb: el P MP273QP E2 cuenta con un gran panel IPS de 27 pulgadas con resoluci\u00f3n WQHD (2560 x 1440); una alta tasa de refresco de 100 Hz mejora la experiencia visual diaria &#8211; Calidad de imagen: el PRO MP273QP E2 admite una gama de colores sRGB del 118% (8 bits+FRC, [&hellip;]<\/p>\n","protected":false},"featured_media":3801,"template":"","meta":{"_gspb_post_css":""},"store":[],"product_brand":[],"product_cat":[16],"product_tag":[],"class_list":{"0":"post-3802","1":"product","2":"type-product","3":"status-publish","4":"has-post-thumbnail","6":"product_cat-sin-categorizar","8":"first","9":"instock","10":"sale","11":"shipping-taxable","12":"product-type-external"},"jetpack_sharing_enabled":true,"_links":{"self":[{"href":"https:\/\/ofertacular.com\/index.php\/wp-json\/wp\/v2\/product\/3802","targetHints":{"allow":["GET"]}}],"collection":[{"href":"https:\/\/ofertacular.com\/index.php\/wp-json\/wp\/v2\/product"}],"about":[{"href":"https:\/\/ofertacular.com\/index.php\/wp-json\/wp\/v2\/types\/product"}],"wp:featuredmedia":[{"embeddable":true,"href":"https:\/\/ofertacular.com\/index.php\/wp-json\/wp\/v2\/media\/3801"}],"wp:attachment":[{"href":"https:\/\/ofertacular.com\/index.php\/wp-json\/wp\/v2\/media?parent=3802"}],"wp:term":[{"taxonomy":"store","embeddable":true,"href":"https:\/\/ofertacular.com\/index.php\/wp-json\/wp\/v2\/store?post=3802"},{"taxonomy":"product_brand","embeddable":true,"href":"https:\/\/ofertacular.com\/index.php\/wp-json\/wp\/v2\/product_brand?post=3802"},{"taxonomy":"product_cat","embeddable":true,"href":"https:\/\/ofertacular.com\/index.php\/wp-json\/wp\/v2\/product_cat?post=3802"},{"taxonomy":"product_tag","embeddable":true,"href":"https:\/\/ofertacular.com\/index.php\/wp-json\/wp\/v2\/product_tag?post=3802"}],"curies":[{"name":"wp","href":"https:\/\/api.w.org\/{rel}","templated":true}]}}