{"id":3804,"date":"2025-03-04T07:58:39","date_gmt":"2025-03-04T06:58:39","guid":{"rendered":"https:\/\/ofertacular.com\/index.php\/producto\/munich-dash\/"},"modified":"2025-03-04T07:58:39","modified_gmt":"2025-03-04T06:58:39","slug":"munich-dash","status":"publish","type":"product","link":"https:\/\/ofertacular.com\/index.php\/producto\/munich-dash\/","title":{"rendered":"Munich Dash"},"content":{"rendered":"<p>&#8211; Material exterior: Sint\u00e9tico<br \/>\n&#8211; Cierre: Cordones<br \/>\n&#8211; Material de la suela: Caucho<br \/>\n\u00a1Descubre las Zapatillas Munich Dash, el calzado que combina estilo y comodidad para el d\u00eda a d\u00eda! Dise\u00f1adas con un exterior sint\u00e9tico de alta calidad, estas zapatillas son perfectas para quienes buscan durabilidad y un look moderno. Su cierre de cordones asegura un ajuste perfecto, permiti\u00e9ndote disfrutar de una experiencia c\u00f3moda en cada paso. La suela de caucho no solo proporciona una excelente tracci\u00f3n, sino que tambi\u00e9n es resistente al desgaste, ideal para actividades cotidianas y ligeras pr\u00e1cticas deportivas. <\/p>\n<p>Las Munich Dash son vers\u00e1tiles y se adaptan a diferentes estilos, ya sea que salgas a correr, pasear o simplemente quieras lucir un look casual y deportivo. Su dise\u00f1o contempor\u00e1neo permite combinarlas f\u00e1cilmente con jeans, pantalones deportivos o shorts, integr\u00e1ndose a la perfecci\u00f3n en tu guardarropa. El logo distintivo de Munich a\u00f1ade un toque chic y aut\u00e9ntico, resaltando el car\u00e1cter \u00fanico de cada par.<\/p>\n<p>Si buscas un calzado que garantice confort y soporte, las Munich Dash son tu mejor opci\u00f3n. Adem\u00e1s, est\u00e1n dise\u00f1adas para permitir una buena ventilaci\u00f3n, lo que ayuda a mantener tus pies frescos durante todo el d\u00eda. Perfectas para cualquier temporada, estas zapatillas son ideales tanto para hombre como para mujer. \u00a1No esperes m\u00e1s para a\u00f1adir un par de Zapatillas Munich Dash a tu colecci\u00f3n y experimentar la fusi\u00f3n ideal de moda y funcionalidad!<\/p>\n","protected":false},"excerpt":{"rendered":"<p>&#8211; Material exterior: Sint\u00e9tico &#8211; Cierre: Cordones &#8211; Material de la suela: Caucho \u00a1Descubre las Zapatillas Munich Dash, el calzado que combina estilo y comodidad para el d\u00eda a d\u00eda! Dise\u00f1adas con un exterior sint\u00e9tico de alta calidad, estas zapatillas son perfectas para quienes buscan durabilidad y un look moderno. Su cierre de cordones asegura [&hellip;]<\/p>\n","protected":false},"featured_media":3803,"template":"","meta":{"_gspb_post_css":""},"store":[],"product_brand":[],"product_cat":[16],"product_tag":[],"class_list":{"0":"post-3804","1":"product","2":"type-product","3":"status-publish","4":"has-post-thumbnail","6":"product_cat-sin-categorizar","8":"first","9":"instock","10":"sale","11":"shipping-taxable","12":"product-type-external"},"jetpack_sharing_enabled":true,"_links":{"self":[{"href":"https:\/\/ofertacular.com\/index.php\/wp-json\/wp\/v2\/product\/3804","targetHints":{"allow":["GET"]}}],"collection":[{"href":"https:\/\/ofertacular.com\/index.php\/wp-json\/wp\/v2\/product"}],"about":[{"href":"https:\/\/ofertacular.com\/index.php\/wp-json\/wp\/v2\/types\/product"}],"wp:featuredmedia":[{"embeddable":true,"href":"https:\/\/ofertacular.com\/index.php\/wp-json\/wp\/v2\/media\/3803"}],"wp:attachment":[{"href":"https:\/\/ofertacular.com\/index.php\/wp-json\/wp\/v2\/media?parent=3804"}],"wp:term":[{"taxonomy":"store","embeddable":true,"href":"https:\/\/ofertacular.com\/index.php\/wp-json\/wp\/v2\/store?post=3804"},{"taxonomy":"product_brand","embeddable":true,"href":"https:\/\/ofertacular.com\/index.php\/wp-json\/wp\/v2\/product_brand?post=3804"},{"taxonomy":"product_cat","embeddable":true,"href":"https:\/\/ofertacular.com\/index.php\/wp-json\/wp\/v2\/product_cat?post=3804"},{"taxonomy":"product_tag","embeddable":true,"href":"https:\/\/ofertacular.com\/index.php\/wp-json\/wp\/v2\/product_tag?post=3804"}],"curies":[{"name":"wp","href":"https:\/\/api.w.org\/{rel}","templated":true}]}}