{"id":3810,"date":"2025-03-04T10:01:47","date_gmt":"2025-03-04T09:01:47","guid":{"rendered":"https:\/\/ofertacular.com\/index.php\/producto\/benq-monitor\/"},"modified":"2025-03-04T10:01:47","modified_gmt":"2025-03-04T09:01:47","slug":"benq-monitor","status":"publish","type":"product","link":"https:\/\/ofertacular.com\/index.php\/producto\/benq-monitor\/","title":{"rendered":"BenQ Monitor"},"content":{"rendered":"<p>&#8211; MODOS DE COLOR: con modo de codificaci\u00f3n y modo ePaper, que garantizan una legibilidad sin esfuerzo y comodidad ocular en largas sesiones de lectura.<br \/>\n&#8211; INPUT HOTKEY: monitor de ordenador IPS 1080P FHD de 23,8 pulgadas que incorpora una tecla de acceso directo a la entrada para alternar sin problemas entre el trabajo y el ocio con un solo clic.<br \/>\n&#8211; LOW BLUE LIGHT PLUS: filtra la radiaci\u00f3n azul-violeta m\u00e1s corta y de mayor energ\u00eda, perjudicial para los ojos, al tiempo que mantiene la calidad de los colores vivos.<br \/>\n&#8211; BRIGHTNESS INTELLIGENCE TECH: ajusta autom\u00e1ticamente el brillo al contenido de la pantalla y a las condiciones de luz ambiental, mientras que B.I.Gen2 permite una flexibilidad personalizable<br \/>\nDescubre el incre\u00edble Monitor BenQ de 23,8 pulgadas, dise\u00f1ado para ofrecer la mejor experiencia visual tanto en ambientes de trabajo como de ocio. Con una resoluci\u00f3n Full HD de 1080P, disfrutar\u00e1s de im\u00e1genes n\u00edtidas y colores vibrantes que transformar\u00e1n tu forma de ver el contenido. Este monitor incluye innovadoras caracter\u00edsticas como Modos de Color que optimizan la legibilidad y la comodidad ocular, perfectos para largas sesiones de lectura y trabajos de edici\u00f3n.<\/p>\n<p>La tecnolog\u00eda Low Blue Light Plus integrada reduce la radiaci\u00f3n azul-violeta, ayudando a proteger tus ojos sin sacrificar la calidad de los colores. Ya no tendr\u00e1s que preocuparte por la fatiga ocular, gracias a su dise\u00f1o pensado para el bienestar de tus ojos. Adem\u00e1s, el Brightness Intelligence Tech ajusta autom\u00e1ticamente el brillo de la pantalla seg\u00fan el contenido que est\u00e9s visualizando y las condiciones de luz ambiental, lo que garantiza una experiencia visual confortable en todo momento. <\/p>\n<p>Cambiar entre actividades de trabajo y entretenimiento es sencillo con el Input Hotkey, que permite alternar entre diferentes fuentes de entrada con un solo clic. Esto facilita una multitarea fluida y eficiente, permiti\u00e9ndote disfrutar de tus juegos, pel\u00edculas y tareas de oficina sin interrupciones. <\/p>\n<p>El Monitor BenQ no solo se centra en la calidad visual, sino tambi\u00e9n en la ergonom\u00eda, ofreciendo una experiencia de usuario excepcional. Ideal para estudiantes, profesionales y gamers, este monitor se adapta a todas tus necesidades. Mejora tu setup de trabajo o entretenimiento hoy mismo con este elegante y funcional Monitor BenQ, y descubre un nuevo mundo de colores y confort ocular que har\u00e1 que tus tardes frente a la pantalla sean mucho m\u00e1s placenteras.<\/p>\n","protected":false},"excerpt":{"rendered":"<p>&#8211; MODOS DE COLOR: con modo de codificaci\u00f3n y modo ePaper, que garantizan una legibilidad sin esfuerzo y comodidad ocular en largas sesiones de lectura. &#8211; INPUT HOTKEY: monitor de ordenador IPS 1080P FHD de 23,8 pulgadas que incorpora una tecla de acceso directo a la entrada para alternar sin problemas entre el trabajo y [&hellip;]<\/p>\n","protected":false},"featured_media":3809,"template":"","meta":{"_gspb_post_css":""},"store":[],"product_brand":[],"product_cat":[16],"product_tag":[],"class_list":{"0":"post-3810","1":"product","2":"type-product","3":"status-publish","4":"has-post-thumbnail","6":"product_cat-sin-categorizar","8":"first","9":"instock","10":"sale","11":"shipping-taxable","12":"product-type-external"},"jetpack_sharing_enabled":true,"_links":{"self":[{"href":"https:\/\/ofertacular.com\/index.php\/wp-json\/wp\/v2\/product\/3810","targetHints":{"allow":["GET"]}}],"collection":[{"href":"https:\/\/ofertacular.com\/index.php\/wp-json\/wp\/v2\/product"}],"about":[{"href":"https:\/\/ofertacular.com\/index.php\/wp-json\/wp\/v2\/types\/product"}],"wp:featuredmedia":[{"embeddable":true,"href":"https:\/\/ofertacular.com\/index.php\/wp-json\/wp\/v2\/media\/3809"}],"wp:attachment":[{"href":"https:\/\/ofertacular.com\/index.php\/wp-json\/wp\/v2\/media?parent=3810"}],"wp:term":[{"taxonomy":"store","embeddable":true,"href":"https:\/\/ofertacular.com\/index.php\/wp-json\/wp\/v2\/store?post=3810"},{"taxonomy":"product_brand","embeddable":true,"href":"https:\/\/ofertacular.com\/index.php\/wp-json\/wp\/v2\/product_brand?post=3810"},{"taxonomy":"product_cat","embeddable":true,"href":"https:\/\/ofertacular.com\/index.php\/wp-json\/wp\/v2\/product_cat?post=3810"},{"taxonomy":"product_tag","embeddable":true,"href":"https:\/\/ofertacular.com\/index.php\/wp-json\/wp\/v2\/product_tag?post=3810"}],"curies":[{"name":"wp","href":"https:\/\/api.w.org\/{rel}","templated":true}]}}