{"id":3816,"date":"2025-03-04T10:06:04","date_gmt":"2025-03-04T09:06:04","guid":{"rendered":"https:\/\/ofertacular.com\/index.php\/producto\/drumfit-cycle\/"},"modified":"2025-03-04T10:06:04","modified_gmt":"2025-03-04T09:06:04","slug":"drumfit-cycle","status":"publish","type":"product","link":"https:\/\/ofertacular.com\/index.php\/producto\/drumfit-cycle\/","title":{"rendered":"DrumFit Cycle"},"content":{"rendered":"<p>&#8211; Ejercita piernas o brazos de forma manual.<br \/>\n&#8211; Tama\u00f1o compacto ultra reducido que facilita su transporte y almacenamiento en cualquier lugar.<br \/>\n&#8211; Funcionamiento sencillo e intuitivo.<br \/>\n&#8211; Pantalla LCD de alta visibilidad que muestra: tiempo, velocidad, calor\u00edas, distancia, modo y rpm.<br \/>\n&#8211; Niveles de resistencia regulables manualmente para adaptar el entrenamiento a las condiciones de cada uno.<br \/>\nDescubre el innovador DrumFit Cycle, el compa\u00f1ero perfecto para tus entrenamientos en casa. Este aparato multiuso est\u00e1 dise\u00f1ado para ejercitar tanto brazos como piernas, adapt\u00e1ndose a tus necesidades y objetivos espec\u00edficos. Gracias a su tama\u00f1o compacto ultra reducido, el DrumFit Cycle puede ser f\u00e1cilmente transportado y almacenado en cualquier rinc\u00f3n de tu hogar, convirti\u00e9ndolo en una opci\u00f3n ideal para quienes tienen espacios limitados. <\/p>\n<p>Su funcionamiento es sencillo e intuitivo, lo que permite que tanto principiantes como expertos puedan disfrutar de un ejercicio eficiente sin complicaciones. Adem\u00e1s, cuenta con una pantalla LCD de alta visibilidad que te mantendr\u00e1 informado sobre tu progreso en tiempo real, mostrando datos tales como el tiempo transcurrido, la velocidad alcanzada, las calor\u00edas quemadas, la distancia recorrida, el modo de entrenamiento seleccionado y las revoluciones por minuto (rpm). <\/p>\n<p>Un aspecto destacado del DrumFit Cycle son sus niveles de resistencia ajustables manualmente, permitiendo que cada usuario pueda personalizar la intensidad de su entrenamiento. Esto significa que puedes comenzar con un nivel bajo para sesiones suaves, o aumentar la resistencia para un desaf\u00edo mayor conforme vayas mejorando tu forma f\u00edsica. Adem\u00e1s, este aparato es perfecto para quienes buscan una alternativa a los gimnasios, brindando la conveniencia de ejercitarse en casa a cualquier hora. <\/p>\n<p>En resumen, el DrumFit Cycle no solo es una herramienta eficaz para mejorar tu salud y estado f\u00edsico, sino que tambi\u00e9n es una inversi\u00f3n inteligente para aquellos que buscan mantenerse activos de manera pr\u00e1ctica y eficiente. Elige DrumFit Cycle y transforma tu rutina de ejercicios hoy mismo. \u00a1No esperes m\u00e1s para empezar a disfrutar de todos los beneficios que este equipamento ofrece!<\/p>\n","protected":false},"excerpt":{"rendered":"<p>&#8211; Ejercita piernas o brazos de forma manual. &#8211; Tama\u00f1o compacto ultra reducido que facilita su transporte y almacenamiento en cualquier lugar. &#8211; Funcionamiento sencillo e intuitivo. &#8211; Pantalla LCD de alta visibilidad que muestra: tiempo, velocidad, calor\u00edas, distancia, modo y rpm. &#8211; Niveles de resistencia regulables manualmente para adaptar el entrenamiento a las condiciones [&hellip;]<\/p>\n","protected":false},"featured_media":3815,"template":"","meta":{"_gspb_post_css":""},"store":[],"product_brand":[],"product_cat":[16],"product_tag":[],"class_list":{"0":"post-3816","1":"product","2":"type-product","3":"status-publish","4":"has-post-thumbnail","6":"product_cat-sin-categorizar","8":"first","9":"instock","10":"sale","11":"shipping-taxable","12":"product-type-external"},"jetpack_sharing_enabled":true,"_links":{"self":[{"href":"https:\/\/ofertacular.com\/index.php\/wp-json\/wp\/v2\/product\/3816","targetHints":{"allow":["GET"]}}],"collection":[{"href":"https:\/\/ofertacular.com\/index.php\/wp-json\/wp\/v2\/product"}],"about":[{"href":"https:\/\/ofertacular.com\/index.php\/wp-json\/wp\/v2\/types\/product"}],"wp:featuredmedia":[{"embeddable":true,"href":"https:\/\/ofertacular.com\/index.php\/wp-json\/wp\/v2\/media\/3815"}],"wp:attachment":[{"href":"https:\/\/ofertacular.com\/index.php\/wp-json\/wp\/v2\/media?parent=3816"}],"wp:term":[{"taxonomy":"store","embeddable":true,"href":"https:\/\/ofertacular.com\/index.php\/wp-json\/wp\/v2\/store?post=3816"},{"taxonomy":"product_brand","embeddable":true,"href":"https:\/\/ofertacular.com\/index.php\/wp-json\/wp\/v2\/product_brand?post=3816"},{"taxonomy":"product_cat","embeddable":true,"href":"https:\/\/ofertacular.com\/index.php\/wp-json\/wp\/v2\/product_cat?post=3816"},{"taxonomy":"product_tag","embeddable":true,"href":"https:\/\/ofertacular.com\/index.php\/wp-json\/wp\/v2\/product_tag?post=3816"}],"curies":[{"name":"wp","href":"https:\/\/api.w.org\/{rel}","templated":true}]}}