{"id":3857,"date":"2025-03-05T12:05:28","date_gmt":"2025-03-05T11:05:28","guid":{"rendered":"https:\/\/ofertacular.com\/index.php\/producto\/cafetera-italiana-2\/"},"modified":"2025-03-05T12:05:28","modified_gmt":"2025-03-05T11:05:28","slug":"cafetera-italiana-2","status":"publish","type":"product","link":"https:\/\/ofertacular.com\/index.php\/producto\/cafetera-italiana-2\/","title":{"rendered":"Cafetera Italiana"},"content":{"rendered":"<p>&#8211; Capacidad: 9 tazas<br \/>\n&#8211; Se utiliza en cocinas a gas, el\u00e9ctricas y de vitrocer\u00e1mica<br \/>\n&#8211; Mango ergon\u00f3mico<br \/>\n&#8211; Interior de f\u00e1cil limpieza<br \/>\n&#8211; V\u00e1lvula de seguridad<br \/>\nDescubre la cafetera italiana ideal para preparar el mejor caf\u00e9 en la comodidad de tu hogar. Esta cafetera, dise\u00f1ada para ofrecer una capacidad de 9 tazas, es perfecta para disfrutar de ese delicioso caf\u00e9 con tus amigos o familia. Compatible con cocinas a gas, el\u00e9ctricas y de vitrocer\u00e1mica, esta cafetera se adapta a cualquier tipo de cocina. Su mango ergon\u00f3mico permite un agarre c\u00f3modo y seguro durante su uso, brindando una experiencia agradable al preparar tu caf\u00e9 favorito. <\/p>\n<p>Uno de los mayores beneficios de la cafetera italiana es su interior de f\u00e1cil limpieza, lo que te ahorrar\u00e1 tiempo y esfuerzo en tu rutina diaria. Adem\u00e1s, est\u00e1 equipada con una v\u00e1lvula de seguridad que garantiza que puedas disfrutar de tu caf\u00e9 sin preocupaciones. La cafetera italiana es una opci\u00f3n cl\u00e1sica en la elaboraci\u00f3n del caf\u00e9, proporcionando un sabor aut\u00e9ntico e intenso que solo se consigue con los mejores m\u00e9todos de preparaci\u00f3n.  <\/p>\n<p>Ya sea que prefieras un espresso fuerte o un caf\u00e9 m\u00e1s suave, esta cafetera te brindar\u00e1 una bebida deliciosa en cada uso. No dejes pasar la oportunidad de sorprender a tus invitados con un caf\u00e9 preparado de manera tradicional. <\/p>\n<p>Con esta cafetera italiana, cada taza se convierte en un momento especial. Su dise\u00f1o funcional y elegante la convierte tambi\u00e9n en un objeto decorativo para tu cocina.  <\/p>\n<p>No esperes m\u00e1s y adquiere la cafetera italiana que cambiar\u00e1 tus ma\u00f1anas. Aseg\u00farate de tener siempre a mano el mejor caf\u00e9 y disfruta de cada sorbo en buena compa\u00f1\u00eda. La tradici\u00f3n y la calidad se unen en este magn\u00edfico producto, que sin duda se convertir\u00e1 en tu aliado perfecto para esos momentos de caf\u00e9.<\/p>\n","protected":false},"excerpt":{"rendered":"<p>&#8211; Capacidad: 9 tazas &#8211; Se utiliza en cocinas a gas, el\u00e9ctricas y de vitrocer\u00e1mica &#8211; Mango ergon\u00f3mico &#8211; Interior de f\u00e1cil limpieza &#8211; V\u00e1lvula de seguridad Descubre la cafetera italiana ideal para preparar el mejor caf\u00e9 en la comodidad de tu hogar. Esta cafetera, dise\u00f1ada para ofrecer una capacidad de 9 tazas, es perfecta [&hellip;]<\/p>\n","protected":false},"featured_media":3856,"template":"","meta":{"_gspb_post_css":""},"store":[],"product_brand":[],"product_cat":[16],"product_tag":[],"class_list":{"0":"post-3857","1":"product","2":"type-product","3":"status-publish","4":"has-post-thumbnail","6":"product_cat-sin-categorizar","8":"first","9":"instock","10":"sale","11":"shipping-taxable","12":"product-type-external"},"jetpack_sharing_enabled":true,"_links":{"self":[{"href":"https:\/\/ofertacular.com\/index.php\/wp-json\/wp\/v2\/product\/3857","targetHints":{"allow":["GET"]}}],"collection":[{"href":"https:\/\/ofertacular.com\/index.php\/wp-json\/wp\/v2\/product"}],"about":[{"href":"https:\/\/ofertacular.com\/index.php\/wp-json\/wp\/v2\/types\/product"}],"wp:featuredmedia":[{"embeddable":true,"href":"https:\/\/ofertacular.com\/index.php\/wp-json\/wp\/v2\/media\/3856"}],"wp:attachment":[{"href":"https:\/\/ofertacular.com\/index.php\/wp-json\/wp\/v2\/media?parent=3857"}],"wp:term":[{"taxonomy":"store","embeddable":true,"href":"https:\/\/ofertacular.com\/index.php\/wp-json\/wp\/v2\/store?post=3857"},{"taxonomy":"product_brand","embeddable":true,"href":"https:\/\/ofertacular.com\/index.php\/wp-json\/wp\/v2\/product_brand?post=3857"},{"taxonomy":"product_cat","embeddable":true,"href":"https:\/\/ofertacular.com\/index.php\/wp-json\/wp\/v2\/product_cat?post=3857"},{"taxonomy":"product_tag","embeddable":true,"href":"https:\/\/ofertacular.com\/index.php\/wp-json\/wp\/v2\/product_tag?post=3857"}],"curies":[{"name":"wp","href":"https:\/\/api.w.org\/{rel}","templated":true}]}}