{"id":3876,"date":"2025-03-06T10:31:38","date_gmt":"2025-03-06T09:31:38","guid":{"rendered":"https:\/\/ofertacular.com\/index.php\/producto\/adidas-galaxy\/"},"modified":"2025-03-06T10:31:38","modified_gmt":"2025-03-06T09:31:38","slug":"adidas-galaxy","status":"publish","type":"product","link":"https:\/\/ofertacular.com\/index.php\/producto\/adidas-galaxy\/","title":{"rendered":"adidas Galaxy"},"content":{"rendered":"<p>&#8211; Horma cl\u00e1sica<br \/>\n&#8211; Cierre de cordones<br \/>\n&#8211; Empeine textil<br \/>\n&#8211; Forro textil<br \/>\n&#8211; Mediasuela Cloudfoam<br \/>\n&#8211; Suela de TPU<br \/>\nDescubre las Zapatillas Galaxy de adidas, una opci\u00f3n ideal para los amantes del deporte y quienes buscan comodidad y estilo. Con una horma cl\u00e1sica que se adapta perfectamente a tu pie, estas zapatillas cuentan con un cierre de cordones que proporciona un ajuste seguro y personalizado. El empeine textil permite una excelente transpirabilidad, manteniendo tus pies frescos durante todo el d\u00eda, mientras que el forro textil suave proporciona una sensaci\u00f3n de confort inigualable. <\/p>\n<p>Una de las caracter\u00edsticas m\u00e1s destacadas de las adidas Galaxy es su mediasuela Cloudfoam, que ofrece una amortiguaci\u00f3n superior, ideal para correr o caminar largas distancias. Esta tecnolog\u00eda revolucionaria se traduce en una experiencia de pisada m\u00e1s suave y placentera, reduciendo el impacto en las articulaciones.  <\/p>\n<p>La suela de TPU garantiza una durabilidad excepcional y un agarre firme en diferentes superficies, permiti\u00e9ndote tener confianza en cada paso que das. Ya sea que est\u00e9s en el gimnasio, explorando la ciudad o disfrutando de un d\u00eda activo al aire libre, las Zapatillas Galaxy de adidas son el complemento perfecto para tu guardarropa deportivo. <\/p>\n<p>Dise\u00f1adas no solo para el rendimiento, estas zapatillas tambi\u00e9n destacan por su estilo contempor\u00e1neo, lo que te permite lucir bien mientras te mantienes activo. Comb\u00ednalas con tus leggings favoritos o tu ropa deportiva y estar\u00e1s listo para cualquier actividad. No esperes m\u00e1s y lleva tu estilo y comodidad al siguiente nivel con las Zapatillas adidas Galaxy. \u00a1Tu nuevo par favorito te espera!<\/p>\n","protected":false},"excerpt":{"rendered":"<p>&#8211; Horma cl\u00e1sica &#8211; Cierre de cordones &#8211; Empeine textil &#8211; Forro textil &#8211; Mediasuela Cloudfoam &#8211; Suela de TPU Descubre las Zapatillas Galaxy de adidas, una opci\u00f3n ideal para los amantes del deporte y quienes buscan comodidad y estilo. Con una horma cl\u00e1sica que se adapta perfectamente a tu pie, estas zapatillas cuentan con [&hellip;]<\/p>\n","protected":false},"featured_media":3875,"template":"","meta":{"_gspb_post_css":""},"store":[],"product_brand":[],"product_cat":[16],"product_tag":[],"class_list":{"0":"post-3876","1":"product","2":"type-product","3":"status-publish","4":"has-post-thumbnail","6":"product_cat-sin-categorizar","8":"first","9":"instock","10":"sale","11":"shipping-taxable","12":"product-type-external"},"jetpack_sharing_enabled":true,"_links":{"self":[{"href":"https:\/\/ofertacular.com\/index.php\/wp-json\/wp\/v2\/product\/3876","targetHints":{"allow":["GET"]}}],"collection":[{"href":"https:\/\/ofertacular.com\/index.php\/wp-json\/wp\/v2\/product"}],"about":[{"href":"https:\/\/ofertacular.com\/index.php\/wp-json\/wp\/v2\/types\/product"}],"wp:featuredmedia":[{"embeddable":true,"href":"https:\/\/ofertacular.com\/index.php\/wp-json\/wp\/v2\/media\/3875"}],"wp:attachment":[{"href":"https:\/\/ofertacular.com\/index.php\/wp-json\/wp\/v2\/media?parent=3876"}],"wp:term":[{"taxonomy":"store","embeddable":true,"href":"https:\/\/ofertacular.com\/index.php\/wp-json\/wp\/v2\/store?post=3876"},{"taxonomy":"product_brand","embeddable":true,"href":"https:\/\/ofertacular.com\/index.php\/wp-json\/wp\/v2\/product_brand?post=3876"},{"taxonomy":"product_cat","embeddable":true,"href":"https:\/\/ofertacular.com\/index.php\/wp-json\/wp\/v2\/product_cat?post=3876"},{"taxonomy":"product_tag","embeddable":true,"href":"https:\/\/ofertacular.com\/index.php\/wp-json\/wp\/v2\/product_tag?post=3876"}],"curies":[{"name":"wp","href":"https:\/\/api.w.org\/{rel}","templated":true}]}}