{"id":3878,"date":"2025-03-06T10:53:49","date_gmt":"2025-03-06T09:53:49","guid":{"rendered":"https:\/\/ofertacular.com\/index.php\/producto\/pijama-hombre\/"},"modified":"2025-03-06T10:53:49","modified_gmt":"2025-03-06T09:53:49","slug":"pijama-hombre","status":"publish","type":"product","link":"https:\/\/ofertacular.com\/index.php\/producto\/pijama-hombre\/","title":{"rendered":"Pijama Hombre"},"content":{"rendered":"<p>&#8211; \u2744\ufe0fIDEAL PARA EL INVIERNO: El tejido coralina es ideal para invierno o climas fr\u00edos por su grosor y suavidad. Los pijamas de coralina retienen el calor corporal, bloquean la humedad y brindan comodidad, siendo perfectos para estar en casa de forma relajada sin pasar fr\u00edo<br \/>\n&#8211; \ud83d\udeb6\u200d\u2642\ufe0fPIJAMA DE HOMBRE INVIERNO: Cada conjunto de hombre de Tramas+ incluye una camiseta de manga larga y un pantal\u00f3n largo todo lo necesario para un descanso ideal Gracias a su corte y acabado de calidad, el pijama de hombre se ajusta perfectamente al cuerpo aportando una sensaci\u00f3n de suavidad y confort<br \/>\n&#8211; \ud83c\udfa8TE OFRECEMOS EL MEJOR DISE\u00d1O: El verdadero encanto de Tramas+ reside en su habilidad para ofrecer unos dise\u00f1os modernos y elegantes que se convierten en una opci\u00f3n ideal. Cada estampado est\u00e1 cuidadosamente seleccionado para satisfacer todos los gustos y estilos, transformando la moda de hombre, para sentirse ideal en casa<br \/>\n&#8211; \ud83d\udca7F\u00c1CIL DE CUIDAR: Los pijamas de hombre de Tramas+ combinan practicidad y belleza. L\u00e1valas a m\u00e1quina en fr\u00edo, ciclo delicado, sin lej\u00eda. As\u00ed, mantendr\u00e1s su frescura y durabilidad a lo largo del tiempo<br \/>\n&#8211; \ud83d\udecd\ufe0fTRAMAS+: Con una historia de dedicaci\u00f3n y excelencia, Tramas+ es l\u00edder en ropa para el hogar en Espa\u00f1a, Italia y Portugal, con presencia en tiendas f\u00edsicas y online. Con una red de 200 tiendas, cada una es un punto de encuentro donde el confort y la alegr\u00eda se encuentran, inundando cada espacio y hogar con textiles que abrazan y reconfortan<br \/>\nDescubre el Pijama de Hombre de Tramas+, una prenda dise\u00f1ada para proporcionar la m\u00e1xima comodidad en los d\u00edas fr\u00edos de invierno. Hecho de suave tejido coralina, este pijama no solo ofrece un tacto acogedor, sino que tambi\u00e9n retiene eficazmente el calor corporal, permiti\u00e9ndote disfrutar de agradables momentos de relax sin preocuparte por el fr\u00edo. La confecci\u00f3n de este conjunto incluye una camiseta de manga larga y pantal\u00f3n largo, que se ajustan con precisi\u00f3n a la silueta masculina, brindando un toque de elegancia y modernidad a la vestimenta de hogar. Cada dise\u00f1o de Tramas+ ha sido meticulosamente seleccionado, asegurando que satisface la diversidad de estilos y gustos, convirti\u00e9ndolo en una opci\u00f3n ideal para el hombre contempor\u00e1neo que valora la est\u00e9tica junto a la funcionalidad. Adem\u00e1s, su f\u00e1cil cuidado lo convierte en una elecci\u00f3n pr\u00e1ctica; se puede lavar a m\u00e1quina en fr\u00edo y en un ciclo delicado, manteniendo su frescura y calidad a lo largo del tiempo. La marca Tramas+, conocida en Espa\u00f1a, Italia y Portugal, se ha posicionado como l\u00edder en ropa para el hogar, gracias a su dedicaci\u00f3n y excelencia. Con m\u00e1s de 200 tiendas, cada espacio es un refugio donde la comodidad y el estilo se unen. Al elegir el Pijama de Hombre de Tramas+, te aseguras de disfrutar no solo de una prenda de calidad, sino tambi\u00e9n de una experiencia completa de confort para tus momentos de descanso. Ya sea que est\u00e9s disfrutando de una tranquila noche en casa o prepar\u00e1ndote para un largo d\u00eda de relax, este pijama es la elecci\u00f3n perfecta para quienes no quieren renunciar al estilo ni a la comodidad.<\/p>\n","protected":false},"excerpt":{"rendered":"<p>&#8211; \u2744\ufe0fIDEAL PARA EL INVIERNO: El tejido coralina es ideal para invierno o climas fr\u00edos por su grosor y suavidad. Los pijamas de coralina retienen el calor corporal, bloquean la humedad y brindan comodidad, siendo perfectos para estar en casa de forma relajada sin pasar fr\u00edo &#8211; \ud83d\udeb6\u200d\u2642\ufe0fPIJAMA DE HOMBRE INVIERNO: Cada conjunto de hombre [&hellip;]<\/p>\n","protected":false},"featured_media":3877,"template":"","meta":{"_gspb_post_css":""},"store":[],"product_brand":[],"product_cat":[16],"product_tag":[],"class_list":{"0":"post-3878","1":"product","2":"type-product","3":"status-publish","4":"has-post-thumbnail","6":"product_cat-sin-categorizar","8":"first","9":"instock","10":"sale","11":"shipping-taxable","12":"product-type-external"},"jetpack_sharing_enabled":true,"_links":{"self":[{"href":"https:\/\/ofertacular.com\/index.php\/wp-json\/wp\/v2\/product\/3878","targetHints":{"allow":["GET"]}}],"collection":[{"href":"https:\/\/ofertacular.com\/index.php\/wp-json\/wp\/v2\/product"}],"about":[{"href":"https:\/\/ofertacular.com\/index.php\/wp-json\/wp\/v2\/types\/product"}],"wp:featuredmedia":[{"embeddable":true,"href":"https:\/\/ofertacular.com\/index.php\/wp-json\/wp\/v2\/media\/3877"}],"wp:attachment":[{"href":"https:\/\/ofertacular.com\/index.php\/wp-json\/wp\/v2\/media?parent=3878"}],"wp:term":[{"taxonomy":"store","embeddable":true,"href":"https:\/\/ofertacular.com\/index.php\/wp-json\/wp\/v2\/store?post=3878"},{"taxonomy":"product_brand","embeddable":true,"href":"https:\/\/ofertacular.com\/index.php\/wp-json\/wp\/v2\/product_brand?post=3878"},{"taxonomy":"product_cat","embeddable":true,"href":"https:\/\/ofertacular.com\/index.php\/wp-json\/wp\/v2\/product_cat?post=3878"},{"taxonomy":"product_tag","embeddable":true,"href":"https:\/\/ofertacular.com\/index.php\/wp-json\/wp\/v2\/product_tag?post=3878"}],"curies":[{"name":"wp","href":"https:\/\/api.w.org\/{rel}","templated":true}]}}