{"id":3884,"date":"2025-03-06T11:20:22","date_gmt":"2025-03-06T10:20:22","guid":{"rendered":"https:\/\/ofertacular.com\/index.php\/producto\/nuki-smart\/"},"modified":"2025-03-06T11:20:22","modified_gmt":"2025-03-06T10:20:22","slug":"nuki-smart","status":"publish","type":"product","link":"https:\/\/ofertacular.com\/index.php\/producto\/nuki-smart\/","title":{"rendered":"Nuki Smart"},"content":{"rendered":"<p>&#8211; Cerradura electr\u00f3nica: instalaci\u00f3n sencilla en la puerta principal. El smartphone en lugar de la llave. Controla tu cerradura de la puerta a distancia: con WiFi integrado o Acceso Remoto a trav\u00e9s de Thread. Apertura autom\u00e1tica de la puerta, protocolo y f\u00e1cil integraci\u00f3n en tu Smart Home.<br \/>\n&#8211; Llaves digitales: asigna hasta 200 autorizaciones de acceso individuales a todas las personas importantes para ti. Por ejemplo, una autorizaci\u00f3n v\u00e1lida una vez para el t\u00e9cnico de la casa, siempre los mi\u00e9rcoles de 14 a 16 horas para la canguro o siempre para tu pareja.<br \/>\n&#8211; F\u00e1cil de instalar: en menos de 3 minutos. En el interior de la puerta, encima de la cerradura existente. Sin necesidad de taladrar ni atornillar. Completamente invisible desde el exterior. Se puede retirar sin dejar residuos. Comprueba en la web de Nuki si Nuki sirva para tu puerta.<br \/>\n&#8211; Apertura autom\u00e1tica de la puerta: entra directamente en casa cuando lleves las manos ocupadas. La cerradura el\u00e9ctrica de Nuki lo hace posible: tu smartphone no sale del bolsillo. Nuki se convierte en un abrepuertas autom\u00e1tico con Auto Unlock.<br \/>\n&#8211; Cierre autom\u00e1tico: siempre una buena sensaci\u00f3n con Nuki, la cerradura inteligente. Tu puerta siempre estar\u00e1 cerrada de forma segura. Nuki Smart Lock se cierra autom\u00e1ticamente cuando sales de casa con Lock&#8217;n&#8217;Go.<br \/>\n&#8211; Integraci\u00f3n Smart Home: ahora tambi\u00e9n con Matter, el nuevo est\u00e1ndar para Smart Home. Conecta tu Smart Lock con Amazon Alexa, Google Home o Apple. Controla Nuki con comandos de voz y crea rutinas automatizadas.<br \/>\nDescubre la Cerradura Electr\u00f3nica Nuki Smart, la soluci\u00f3n perfecta para quienes buscan seguridad, comodidad y tecnolog\u00eda avanzada en su hogar. Esta cerradura transforma la forma en que entras y sales de casa, permiti\u00e9ndote dejar las llaves tradicionales atr\u00e1s. Con su instalaci\u00f3n sencilla y r\u00e1pida, en menos de 3 minutos puedes instalarla en la parte interior de tu puerta sin necesidad de taladrar o atornillar. Una vez instalada, disfruta de la libertad de abrir tu puerta usando solo tu smartphone, gracias a su conectividad WiFi integrada y el Acceso Remoto a trav\u00e9s de Thread. Gracias a su funci\u00f3n de Auto Unlock, la cerradura detecta autom\u00e1ticamente cuando te acercas, facilitando la entrada sin tener que sacar el tel\u00e9fono de tu bolsillo, ideal para esos momentos en los que tienes las manos ocupadas.<\/p>\n<p>Nuki Smart tambi\u00e9n te permite gestionar hasta 200 llaves digitales, ideales para tus familiares, amigos o visitantes temporales. Asigna autorizaciones espec\u00edficas y limita el acceso con horarios determinados, como por ejemplo, brindando acceso a tu canguro solo los mi\u00e9rcoles por la tarde. Tu seguridad est\u00e1 garantizada con su funci\u00f3n de cierre autom\u00e1tico Lock&#8217;n&#8217;Go, que asegura que tu puerta est\u00e9 siempre cerrada al salir de casa.<\/p>\n<p>La integraci\u00f3n con sistemas de Smart Home es otro de sus puntos destacados; es compatible con Amazon Alexa, Google Home y Apple, lo que te permite controlar la cerradura con \u00f3rdenes de voz y crear rutinas automatizadas que se integren con tu hogar inteligente. Nuki se adapta a tu estilo de vida moderno y te proporciona la tranquilidad que necesitas al saber que tu hogar est\u00e1 seguro y f\u00e1cil de gestionar desde cualquier lugar. No esperes m\u00e1s para convertir tu hogar en un espacio m\u00e1s seguro y c\u00f3modo, hazte con tu Cerradura Nuki Smart hoy mismo y experimenta la libertad que proporciona la tecnolog\u00eda inteligente.<\/p>\n","protected":false},"excerpt":{"rendered":"<p>&#8211; Cerradura electr\u00f3nica: instalaci\u00f3n sencilla en la puerta principal. El smartphone en lugar de la llave. Controla tu cerradura de la puerta a distancia: con WiFi integrado o Acceso Remoto a trav\u00e9s de Thread. Apertura autom\u00e1tica de la puerta, protocolo y f\u00e1cil integraci\u00f3n en tu Smart Home. &#8211; Llaves digitales: asigna hasta 200 autorizaciones de [&hellip;]<\/p>\n","protected":false},"featured_media":3883,"template":"","meta":{"_gspb_post_css":""},"store":[],"product_brand":[],"product_cat":[16],"product_tag":[],"class_list":{"0":"post-3884","1":"product","2":"type-product","3":"status-publish","4":"has-post-thumbnail","6":"product_cat-sin-categorizar","8":"first","9":"instock","10":"sale","11":"shipping-taxable","12":"product-type-external"},"jetpack_sharing_enabled":true,"_links":{"self":[{"href":"https:\/\/ofertacular.com\/index.php\/wp-json\/wp\/v2\/product\/3884","targetHints":{"allow":["GET"]}}],"collection":[{"href":"https:\/\/ofertacular.com\/index.php\/wp-json\/wp\/v2\/product"}],"about":[{"href":"https:\/\/ofertacular.com\/index.php\/wp-json\/wp\/v2\/types\/product"}],"wp:featuredmedia":[{"embeddable":true,"href":"https:\/\/ofertacular.com\/index.php\/wp-json\/wp\/v2\/media\/3883"}],"wp:attachment":[{"href":"https:\/\/ofertacular.com\/index.php\/wp-json\/wp\/v2\/media?parent=3884"}],"wp:term":[{"taxonomy":"store","embeddable":true,"href":"https:\/\/ofertacular.com\/index.php\/wp-json\/wp\/v2\/store?post=3884"},{"taxonomy":"product_brand","embeddable":true,"href":"https:\/\/ofertacular.com\/index.php\/wp-json\/wp\/v2\/product_brand?post=3884"},{"taxonomy":"product_cat","embeddable":true,"href":"https:\/\/ofertacular.com\/index.php\/wp-json\/wp\/v2\/product_cat?post=3884"},{"taxonomy":"product_tag","embeddable":true,"href":"https:\/\/ofertacular.com\/index.php\/wp-json\/wp\/v2\/product_tag?post=3884"}],"curies":[{"name":"wp","href":"https:\/\/api.w.org\/{rel}","templated":true}]}}