{"id":3911,"date":"2025-03-06T17:25:21","date_gmt":"2025-03-06T16:25:21","guid":{"rendered":"https:\/\/ofertacular.com\/index.php\/producto\/apple-ipad\/"},"modified":"2025-03-06T17:25:21","modified_gmt":"2025-03-06T16:25:21","slug":"apple-ipad","status":"publish","type":"product","link":"https:\/\/ofertacular.com\/index.php\/producto\/apple-ipad\/","title":{"rendered":"Apple iPad"},"content":{"rendered":"<p>\ud83d\udd34 <b> iPad Apple <\/b> <\/p>\n<p>\u2705 <b>AHORA 449 \u20ac<\/b> \u2714\ufe0f\ud83d\udfe1<br \/>\n\u274c Antes 529.00 \u20ac <\/p>\n<p>\u2b50\ufe0f &#8211; Espectacular pantalla Liquid Retina de 10,9 pulgadas con True Tone<br \/>\n&#8211; Chip A14 Bionic con CPU de 6 n\u00facleos y GPU de 4 n\u00facleos<br \/>\n&#8211; Gran angular trasero de 12 Mpx<br \/>\n&#8211; Ultra gran angular frontal de 12 Mpx en horizontal con Encuadre Centrado<br \/>\n&#8211; Touch ID para autenticarse de forma segura y usar Apple Pay<br \/>\n&#8211; Conexi\u00f3n Wi-Fi 6 superveloz<br \/>\n&#8211; Conector USB-C para cargar el iPad y conectar accesorios<br \/>\n&#8211; Autonom\u00eda para un d\u00eda entero<br \/>\n&#8211; Compatibilidad con el Apple Pencil (USB-C), el Apple Pencil (1.\u00aa generaci\u00f3n) y el Magic Keyboard Folio<br \/>\n&#8211; Nuevas prestaciones de productividad y colaboraci\u00f3n en iPadOS 17 que multiplican las posibilidades del iPad<\/p>\n<p>\ud83d\uded2: https:\/\/btz.es\/4EGwwN9<\/p>\n<p>\ud83d\udfe2 Ofertacular.com<\/p>\n<p>Descubre el nuevo iPad Apple, un dispositivo que redefine lo que es un tablet moderno, gracias a su impresionante pantalla Liquid Retina de 10,9 pulgadas que no solo ofrece colores vibrantes, sino que tambi\u00e9n cuenta con tecnolog\u00eda True Tone para una experiencia visual adaptativa. Este iPad est\u00e1 impulsado por el potente chip A14 Bionic, que proporciona una velocidad y eficiencia excepcionales, convirti\u00e9ndolo en la herramienta ideal tanto para el entretenimiento como para la productividad. Captura momentos inolvidables con su c\u00e1mara gran angular trasera de 12 Mpx y disfruta de videollamadas de alta calidad con la c\u00e1mara ultra gran angular frontal, que tambi\u00e9n ofrece la opci\u00f3n de Encuadre Centrado. La seguridad no es un problema gracias a Touch ID, que permite autenticarse de forma segura y facilita el uso de Apple Pay. Con la conexi\u00f3n Wi-Fi 6, la navegaci\u00f3n y las descargas son m\u00e1s r\u00e1pidas que nunca. Adem\u00e1s, el conector USB-C ofrece flexibilidad para cargar y conectar accesorios, lo que maximiza la funcionalidad del dispositivo. La impresionante autonom\u00eda del iPad te acompa\u00f1a todo el d\u00eda, sin necesidad de recargarlo constantemente. Adem\u00e1s, es completamente compatible con el Apple Pencil (USB-C y 1.\u00aa generaci\u00f3n) y el Magic Keyboard Folio, lo que te permitir\u00e1 llevar tus proyectos al siguiente nivel. Mejora tu forma de trabajar y colaborar con las nuevas prestaciones que ofrece iPadOS 17, creando un entorno de productividad que nunca imaginaste. Tanto si eres un estudiante, un profesional en movimiento o un creativo, el iPad Apple es la opci\u00f3n perfecta para tus necesidades diarias.<\/p>\n","protected":false},"excerpt":{"rendered":"<p>\ud83d\udd34 iPad Apple \u2705 AHORA 449 \u20ac \u2714\ufe0f\ud83d\udfe1 \u274c Antes 529.00 \u20ac \u2b50\ufe0f &#8211; Espectacular pantalla Liquid Retina de 10,9 pulgadas con True Tone &#8211; Chip A14 Bionic con CPU de 6 n\u00facleos y GPU de 4 n\u00facleos &#8211; Gran angular trasero de 12 Mpx &#8211; Ultra gran angular frontal de 12 Mpx en horizontal [&hellip;]<\/p>\n","protected":false},"featured_media":3910,"template":"","meta":{"_gspb_post_css":""},"store":[],"product_brand":[],"product_cat":[16],"product_tag":[],"class_list":{"0":"post-3911","1":"product","2":"type-product","3":"status-publish","4":"has-post-thumbnail","6":"product_cat-sin-categorizar","8":"first","9":"instock","10":"sale","11":"shipping-taxable","12":"product-type-external"},"jetpack_sharing_enabled":true,"_links":{"self":[{"href":"https:\/\/ofertacular.com\/index.php\/wp-json\/wp\/v2\/product\/3911","targetHints":{"allow":["GET"]}}],"collection":[{"href":"https:\/\/ofertacular.com\/index.php\/wp-json\/wp\/v2\/product"}],"about":[{"href":"https:\/\/ofertacular.com\/index.php\/wp-json\/wp\/v2\/types\/product"}],"wp:featuredmedia":[{"embeddable":true,"href":"https:\/\/ofertacular.com\/index.php\/wp-json\/wp\/v2\/media\/3910"}],"wp:attachment":[{"href":"https:\/\/ofertacular.com\/index.php\/wp-json\/wp\/v2\/media?parent=3911"}],"wp:term":[{"taxonomy":"store","embeddable":true,"href":"https:\/\/ofertacular.com\/index.php\/wp-json\/wp\/v2\/store?post=3911"},{"taxonomy":"product_brand","embeddable":true,"href":"https:\/\/ofertacular.com\/index.php\/wp-json\/wp\/v2\/product_brand?post=3911"},{"taxonomy":"product_cat","embeddable":true,"href":"https:\/\/ofertacular.com\/index.php\/wp-json\/wp\/v2\/product_cat?post=3911"},{"taxonomy":"product_tag","embeddable":true,"href":"https:\/\/ofertacular.com\/index.php\/wp-json\/wp\/v2\/product_tag?post=3911"}],"curies":[{"name":"wp","href":"https:\/\/api.w.org\/{rel}","templated":true}]}}