{"id":3917,"date":"2025-03-07T07:54:17","date_gmt":"2025-03-07T06:54:17","guid":{"rendered":"https:\/\/ofertacular.com\/index.php\/producto\/beurer-tensiometro\/"},"modified":"2025-03-07T07:54:17","modified_gmt":"2025-03-07T06:54:17","slug":"beurer-tensiometro","status":"publish","type":"product","link":"https:\/\/ofertacular.com\/index.php\/producto\/beurer-tensiometro\/","title":{"rendered":"Beurer Tensi\u00f3metro"},"content":{"rendered":"<div class=\"oferta-container\">\n<p>\ud83d\udfe5 <b>EXCLUSIVO<\/b> \ud83d\udfe5 #Publicidad #Amazon<\/p>\n<p>\ud83d\udd34 <b>Tensi\u00f3metro Beurer <\/b><\/p>\n<p>\u2705 <b>AHORA 13.95 \u20ac<\/b> \u2714\ufe0f\ud83d\udfe1<\/p>\n<p>\u274c Antes 29.99 \u20ac<\/p>\n<p>\ud83d\uded2: <a href=\"https:\/\/btz.es\/4EJThRR\" target=\"_blank\" rel=\"nofollow noopener\">https:\/\/btz.es\/4EJThRR<\/a><\/p>\n<\/p>\n<p>Descubre el tensi\u00f3metro Beurer, una herramienta esencial para el cuidado de tu salud. Este dispositivo cuenta con 4 memorias de usuario, lo que permite almacenar y comparar hasta 30 lecturas por usuario, asegurando que siempre tengas acceso a tus datos hist\u00f3ricos sin confusiones. Su brazalete universal se adapta a cualquier tama\u00f1o de brazo, con una circunferencia de 22 a 42 cm, brindando comodidad y versatilidad para todos los miembros de la familia.<\/p>\n<p>La seguridad es primordial, y por eso, el tensi\u00f3metro Beurer incluye un sistema de comprobaci\u00f3n de ajuste que garantiza que el brazalete est\u00e9 correctamente colocado. Este sistema te avisar\u00e1 si el manguito est\u00e1 demasiado suelto o apretado, lo que se traduce en mediciones m\u00e1s fiables y precisas de tu presi\u00f3n arterial. Adem\u00e1s, su tecnolog\u00eda avanzada de detecci\u00f3n de arritmias alertar\u00e1 sobre cualquier irregularidad card\u00edaca, proporcionando tranquilidad en cada medici\u00f3n.<\/p>\n<p>La facilidad de uso del tensi\u00f3metro Beurer no tiene comparaci\u00f3n. Con su medici\u00f3n autom\u00e1tica de la presi\u00f3n arterial y el pulso, obtendr\u00e1s resultados en segundos. La pantalla de f\u00e1cil lectura te permitir\u00e1 visualizar tus mediciones de forma clara y precisa, para que puedas estar al tanto de tu salud en todo momento. Ideal tanto para usuarios experimentados como para aquellos que inician su camino en el cuidado de su salud cardiovascular, el tensi\u00f3metro Beurer es el aliado perfecto.<\/p>\n<p>Si est\u00e1s buscando un medidor de presi\u00f3n arterial confiable y f\u00e1cil de usar, no busques m\u00e1s. El tensi\u00f3metro Beurer combina una tecnolog\u00eda de vanguardia con un dise\u00f1o pr\u00e1ctico, asegurando que cuides de tu salud de manera efectiva. Haz de tu bienestar una prioridad hoy mismo con el tensi\u00f3metro Beurer, el dispositivo que simplifica el cuidado de tu presi\u00f3n arterial.<\/p>\n<\/p><\/div>\n","protected":false},"excerpt":{"rendered":"<p>\ud83d\udfe5 EXCLUSIVO \ud83d\udfe5 #Publicidad #Amazon \ud83d\udd34 Tensi\u00f3metro Beurer \u2705 AHORA 13.95 \u20ac \u2714\ufe0f\ud83d\udfe1 \u274c Antes 29.99 \u20ac \ud83d\uded2: https:\/\/btz.es\/4EJThRR Descubre el tensi\u00f3metro Beurer, una herramienta esencial para el cuidado de tu salud. Este dispositivo cuenta con 4 memorias de usuario, lo que permite almacenar y comparar hasta 30 lecturas por usuario, asegurando que siempre tengas [&hellip;]<\/p>\n","protected":false},"featured_media":3916,"template":"","meta":{"_gspb_post_css":""},"store":[],"product_brand":[],"product_cat":[16],"product_tag":[],"class_list":{"0":"post-3917","1":"product","2":"type-product","3":"status-publish","4":"has-post-thumbnail","6":"product_cat-sin-categorizar","8":"first","9":"instock","10":"sale","11":"shipping-taxable","12":"product-type-external"},"jetpack_sharing_enabled":true,"_links":{"self":[{"href":"https:\/\/ofertacular.com\/index.php\/wp-json\/wp\/v2\/product\/3917","targetHints":{"allow":["GET"]}}],"collection":[{"href":"https:\/\/ofertacular.com\/index.php\/wp-json\/wp\/v2\/product"}],"about":[{"href":"https:\/\/ofertacular.com\/index.php\/wp-json\/wp\/v2\/types\/product"}],"wp:featuredmedia":[{"embeddable":true,"href":"https:\/\/ofertacular.com\/index.php\/wp-json\/wp\/v2\/media\/3916"}],"wp:attachment":[{"href":"https:\/\/ofertacular.com\/index.php\/wp-json\/wp\/v2\/media?parent=3917"}],"wp:term":[{"taxonomy":"store","embeddable":true,"href":"https:\/\/ofertacular.com\/index.php\/wp-json\/wp\/v2\/store?post=3917"},{"taxonomy":"product_brand","embeddable":true,"href":"https:\/\/ofertacular.com\/index.php\/wp-json\/wp\/v2\/product_brand?post=3917"},{"taxonomy":"product_cat","embeddable":true,"href":"https:\/\/ofertacular.com\/index.php\/wp-json\/wp\/v2\/product_cat?post=3917"},{"taxonomy":"product_tag","embeddable":true,"href":"https:\/\/ofertacular.com\/index.php\/wp-json\/wp\/v2\/product_tag?post=3917"}],"curies":[{"name":"wp","href":"https:\/\/api.w.org\/{rel}","templated":true}]}}