{"id":3921,"date":"2025-03-07T08:32:54","date_gmt":"2025-03-07T07:32:54","guid":{"rendered":"https:\/\/ofertacular.com\/index.php\/producto\/1005007671985503\/"},"modified":"2025-03-07T08:32:54","modified_gmt":"2025-03-07T07:32:54","slug":"1005007671985503","status":"publish","type":"product","link":"https:\/\/ofertacular.com\/index.php\/producto\/1005007671985503\/","title":{"rendered":"Bater\u00eda Cocina"},"content":{"rendered":"<div class=\"oferta-container\">\n<p>\ud83d\udfe5 <b>\u00a1OFERT\u00d3N!<\/b> \ud83d\udfe5 #Publicidad #Aliexpress<\/p>\n<p>\ud83d\udd34 <b>Bater\u00eda Cocina <\/b><\/p>\n<p>\u2705 <b>AHORA 38.13\u20ac \u20ac<\/b> \u2714\ufe0f\ud83d\udfe1<\/p>\n<p>\u274c Antes 80.00<\/p>\n<p>\ud83d\uded2: <a href=\"https:\/\/btz.es\/4EKcPCK\" target=\"_blank\" rel=\"nofollow noopener\">https:\/\/btz.es\/4EKcPCK<\/a><\/p>\n<\/p>\n<p>La bater\u00eda de cocina de la marca prestigiosa Tefal es el complemento perfecto para cualquier aficionado a la gastronom\u00eda. Este set incluye ollas, sartenes y otros utensilios, fabricados con materiales de alta calidad que garantizan durabilidad y un rendimiento excepcional. Con tecnolog\u00eda antiadherente, cocinar y limpiar nunca ha sido tan f\u00e1cil. Dise\u00f1ado para distribuir el calor de manera uniforme, esta bater\u00eda asegura platos cocinados a la perfecci\u00f3n, Independientemente de si eres un chef experimentado o un principiante, tendr\u00e1s herramientas de cocina que responden a tus necesidades. Adem\u00e1s, su dise\u00f1o elegante y moderno no solo ofrece funcionalidad, sino que tambi\u00e9n realza la est\u00e9tica de tu cocina. La bater\u00eda de cocina Tefal es apta para todo tipo de cocinas, incluyendo inducci\u00f3n, y es f\u00e1cil de manejar, lo que permite una experiencia de cocci\u00f3n sencilla y placentera. Con este set, podr\u00e1s preparar desde simplemente fre\u00edr hasta comidas m\u00e1s elaboradas como guisos o arroces. Adem\u00e1s, su limpieza es r\u00e1pida y sencilla, lo que te brinda m\u00e1s tiempo para disfrutar de tus creaciones culinarias. No dejes pasar la oportunidad de mejorar tus habilidades culinarias y hacer que la hora de la comida sea un momento especial. Con la bater\u00eda de cocina Tefal, cada receta ser\u00e1 un \u00e9xito. No solo estar\u00e1s invirtiendo en utensilios, sino tambi\u00e9n en una experiencia de cocina que disfrutar\u00e1 toda la familia. Aprovecha nuestras ofertas y transforma tu forma de cocinar hoy mismo. \u00a1No esperes m\u00e1s!<\/p>\n<\/p><\/div>\n","protected":false},"excerpt":{"rendered":"<p>\ud83d\udfe5 \u00a1OFERT\u00d3N! \ud83d\udfe5 #Publicidad #Aliexpress \ud83d\udd34 Bater\u00eda Cocina \u2705 AHORA 38.13\u20ac \u20ac \u2714\ufe0f\ud83d\udfe1 \u274c Antes 80.00 \ud83d\uded2: https:\/\/btz.es\/4EKcPCK La bater\u00eda de cocina de la marca prestigiosa Tefal es el complemento perfecto para cualquier aficionado a la gastronom\u00eda. Este set incluye ollas, sartenes y otros utensilios, fabricados con materiales de alta calidad que garantizan durabilidad y [&hellip;]<\/p>\n","protected":false},"featured_media":3920,"template":"","meta":{"_gspb_post_css":""},"store":[],"product_brand":[],"product_cat":[16],"product_tag":[],"class_list":{"0":"post-3921","1":"product","2":"type-product","3":"status-publish","4":"has-post-thumbnail","6":"product_cat-sin-categorizar","8":"first","9":"instock","10":"shipping-taxable","11":"product-type-external"},"jetpack_sharing_enabled":true,"_links":{"self":[{"href":"https:\/\/ofertacular.com\/index.php\/wp-json\/wp\/v2\/product\/3921","targetHints":{"allow":["GET"]}}],"collection":[{"href":"https:\/\/ofertacular.com\/index.php\/wp-json\/wp\/v2\/product"}],"about":[{"href":"https:\/\/ofertacular.com\/index.php\/wp-json\/wp\/v2\/types\/product"}],"wp:featuredmedia":[{"embeddable":true,"href":"https:\/\/ofertacular.com\/index.php\/wp-json\/wp\/v2\/media\/3920"}],"wp:attachment":[{"href":"https:\/\/ofertacular.com\/index.php\/wp-json\/wp\/v2\/media?parent=3921"}],"wp:term":[{"taxonomy":"store","embeddable":true,"href":"https:\/\/ofertacular.com\/index.php\/wp-json\/wp\/v2\/store?post=3921"},{"taxonomy":"product_brand","embeddable":true,"href":"https:\/\/ofertacular.com\/index.php\/wp-json\/wp\/v2\/product_brand?post=3921"},{"taxonomy":"product_cat","embeddable":true,"href":"https:\/\/ofertacular.com\/index.php\/wp-json\/wp\/v2\/product_cat?post=3921"},{"taxonomy":"product_tag","embeddable":true,"href":"https:\/\/ofertacular.com\/index.php\/wp-json\/wp\/v2\/product_tag?post=3921"}],"curies":[{"name":"wp","href":"https:\/\/api.w.org\/{rel}","templated":true}]}}