{"id":3925,"date":"2025-03-07T11:26:36","date_gmt":"2025-03-07T10:26:36","guid":{"rendered":"https:\/\/ofertacular.com\/index.php\/producto\/1005007131439886\/"},"modified":"2025-03-07T11:26:36","modified_gmt":"2025-03-07T10:26:36","slug":"1005007131439886","status":"publish","type":"product","link":"https:\/\/ofertacular.com\/index.php\/producto\/1005007131439886\/","title":{"rendered":"OBD2 Scanner"},"content":{"rendered":"<div class=\"oferta-container\">\n<p>\ud83d\udfe5 <b>DATE PRISA<\/b> \ud83d\udfe5 #Publicidad #Aliexpress<\/p>\n<p>\ud83d\udd34 <b>Esc\u00e1ner OBD2 <\/b><\/p>\n<p>\u2705 <b>AHORA 2.59\u20ac \u20ac<\/b> \u2714\ufe0f\ud83d\udfe1<\/p>\n<p>\u274c Antes <\/p>\n<p>\ud83d\uded2: <a href=\"https:\/\/btz.es\/4EKK96x\" target=\"_blank\" rel=\"nofollow noopener\">https:\/\/btz.es\/4EKK96x<\/a><\/p>\n<\/p>\n<p>El esc\u00e1ner OBD2 es una herramienta esencial para cualquier amante del automovilismo y profesionales del mantenimiento de veh\u00edculos, dise\u00f1ada para facilitar diagn\u00f3sticos precisos y r\u00e1pidamente solucionar problemas de autom\u00f3viles. Con funciones avanzadas, este dispositivo permite leer y borrar c\u00f3digos de error, ver datos en tiempo real y ofrecer informaci\u00f3n detallada sobre el rendimiento del motor. Ideal para talleres mec\u00e1nicos, as\u00ed como para personas que desean llevar un control exhaustivo del estado de su veh\u00edculo.<\/p>\n<\/p><\/div>\n","protected":false},"excerpt":{"rendered":"<p>\ud83d\udfe5 DATE PRISA \ud83d\udfe5 #Publicidad #Aliexpress \ud83d\udd34 Esc\u00e1ner OBD2 \u2705 AHORA 2.59\u20ac \u20ac \u2714\ufe0f\ud83d\udfe1 \u274c Antes \ud83d\uded2: https:\/\/btz.es\/4EKK96x El esc\u00e1ner OBD2 es una herramienta esencial para cualquier amante del automovilismo y profesionales del mantenimiento de veh\u00edculos, dise\u00f1ada para facilitar diagn\u00f3sticos precisos y r\u00e1pidamente solucionar problemas de autom\u00f3viles. Con funciones avanzadas, este dispositivo permite leer y [&hellip;]<\/p>\n","protected":false},"featured_media":3924,"template":"","meta":{"_gspb_post_css":""},"store":[],"product_brand":[],"product_cat":[16],"product_tag":[],"class_list":{"0":"post-3925","1":"product","2":"type-product","3":"status-publish","4":"has-post-thumbnail","6":"product_cat-sin-categorizar","8":"first","9":"instock","10":"shipping-taxable","11":"product-type-external"},"jetpack_sharing_enabled":true,"_links":{"self":[{"href":"https:\/\/ofertacular.com\/index.php\/wp-json\/wp\/v2\/product\/3925","targetHints":{"allow":["GET"]}}],"collection":[{"href":"https:\/\/ofertacular.com\/index.php\/wp-json\/wp\/v2\/product"}],"about":[{"href":"https:\/\/ofertacular.com\/index.php\/wp-json\/wp\/v2\/types\/product"}],"wp:featuredmedia":[{"embeddable":true,"href":"https:\/\/ofertacular.com\/index.php\/wp-json\/wp\/v2\/media\/3924"}],"wp:attachment":[{"href":"https:\/\/ofertacular.com\/index.php\/wp-json\/wp\/v2\/media?parent=3925"}],"wp:term":[{"taxonomy":"store","embeddable":true,"href":"https:\/\/ofertacular.com\/index.php\/wp-json\/wp\/v2\/store?post=3925"},{"taxonomy":"product_brand","embeddable":true,"href":"https:\/\/ofertacular.com\/index.php\/wp-json\/wp\/v2\/product_brand?post=3925"},{"taxonomy":"product_cat","embeddable":true,"href":"https:\/\/ofertacular.com\/index.php\/wp-json\/wp\/v2\/product_cat?post=3925"},{"taxonomy":"product_tag","embeddable":true,"href":"https:\/\/ofertacular.com\/index.php\/wp-json\/wp\/v2\/product_tag?post=3925"}],"curies":[{"name":"wp","href":"https:\/\/api.w.org\/{rel}","templated":true}]}}