{"id":3936,"date":"2025-03-07T17:55:22","date_gmt":"2025-03-07T16:55:22","guid":{"rendered":"https:\/\/ofertacular.com\/index.php\/producto\/fasola-protector\/"},"modified":"2025-03-07T17:55:22","modified_gmt":"2025-03-07T16:55:22","slug":"fasola-protector","status":"publish","type":"product","link":"https:\/\/ofertacular.com\/index.php\/producto\/fasola-protector\/","title":{"rendered":"Fasola Protector"},"content":{"rendered":"<div class=\"oferta-container\">\n<p>\ud83d\udfe5 <b>ES UN CHOLL\u00d3N<\/b> \ud83d\udfe5 #Publicidad #Amazon<\/p>\n<p>\ud83d\udd34 <b>Protector Fasola <\/b><\/p>\n<p>\u2705 <b>AHORA 9.99 \u20ac<\/b> \u2714\ufe0f\ud83d\udfe1<\/p>\n<p>\u274c Antes 15.99 \u20ac<\/p>\n<p>\ud83d\uded2: <a href=\"https:\/\/btz.es\/4EMu2iP\" target=\"_blank\" rel=\"nofollow noopener\">https:\/\/btz.es\/4EMu2iP<\/a><\/p>\n<\/p>\n<p>Descubre el Protector Fasola, el accesorio imprescindible para asegurar la protecci\u00f3n de tus pies y tobillos durante la recuperaci\u00f3n de cualquier lesi\u00f3n. Dise\u00f1ado espec\u00edficamente para mantener seco y protegido tu vendaje o escayola, este innovador protector se convierte en tu mejor aliado tras una herida. Su dise\u00f1o impermeable y su eficaz sellado evitan que el agua ingrese, lo que significa que ya no tendr\u00e1s que preocuparte por las dificultades de ba\u00f1o. Est\u00e1 elaborado con materiales duraderos que garantizan su uso a largo plazo, eliminando la necesidad de costosos reemplazos de escayola. Adem\u00e1s, est\u00e1 construido respetando la piel, minimizando las posibilidades de sufrir reacciones al\u00e9rgicas y manteniendo tu comodidad mientras sanas. Su uso es sencillo: solo desliza el protector sobre tu pie, cubriendo la lesi\u00f3n y el yeso, y aseg\u00faralo con el anillo de sellado. Gracias a su dise\u00f1o reutilizable, puedes confiar en que el Protector Fasola mantendr\u00e1 su resistencia a lo largo del tiempo. Ideal para utilizarlo tras una visita al m\u00e9dico o durante cualquier actividad que implique riesgo de mojarse. Almacenarlo es igual de sencillo, cuenta con un gancho \u00fanico que facilita su colgado en cualquier lugar. Permite que tu piel respire, cuida de ti y evita problemas posteriores gracias a esta eficaz soluci\u00f3n para la hidrataci\u00f3n y la limpieza. Apuesta por la seguridad y la comodidad con Fasola, un paso sencillo hacia la recuperaci\u00f3n.<\/p>\n<\/p><\/div>\n","protected":false},"excerpt":{"rendered":"<p>\ud83d\udfe5 ES UN CHOLL\u00d3N \ud83d\udfe5 #Publicidad #Amazon \ud83d\udd34 Protector Fasola \u2705 AHORA 9.99 \u20ac \u2714\ufe0f\ud83d\udfe1 \u274c Antes 15.99 \u20ac \ud83d\uded2: https:\/\/btz.es\/4EMu2iP Descubre el Protector Fasola, el accesorio imprescindible para asegurar la protecci\u00f3n de tus pies y tobillos durante la recuperaci\u00f3n de cualquier lesi\u00f3n. Dise\u00f1ado espec\u00edficamente para mantener seco y protegido tu vendaje o escayola, este [&hellip;]<\/p>\n","protected":false},"featured_media":3935,"template":"","meta":{"_gspb_post_css":""},"store":[],"product_brand":[],"product_cat":[16],"product_tag":[],"class_list":{"0":"post-3936","1":"product","2":"type-product","3":"status-publish","4":"has-post-thumbnail","6":"product_cat-sin-categorizar","8":"first","9":"instock","10":"sale","11":"shipping-taxable","12":"product-type-external"},"jetpack_sharing_enabled":true,"_links":{"self":[{"href":"https:\/\/ofertacular.com\/index.php\/wp-json\/wp\/v2\/product\/3936","targetHints":{"allow":["GET"]}}],"collection":[{"href":"https:\/\/ofertacular.com\/index.php\/wp-json\/wp\/v2\/product"}],"about":[{"href":"https:\/\/ofertacular.com\/index.php\/wp-json\/wp\/v2\/types\/product"}],"wp:featuredmedia":[{"embeddable":true,"href":"https:\/\/ofertacular.com\/index.php\/wp-json\/wp\/v2\/media\/3935"}],"wp:attachment":[{"href":"https:\/\/ofertacular.com\/index.php\/wp-json\/wp\/v2\/media?parent=3936"}],"wp:term":[{"taxonomy":"store","embeddable":true,"href":"https:\/\/ofertacular.com\/index.php\/wp-json\/wp\/v2\/store?post=3936"},{"taxonomy":"product_brand","embeddable":true,"href":"https:\/\/ofertacular.com\/index.php\/wp-json\/wp\/v2\/product_brand?post=3936"},{"taxonomy":"product_cat","embeddable":true,"href":"https:\/\/ofertacular.com\/index.php\/wp-json\/wp\/v2\/product_cat?post=3936"},{"taxonomy":"product_tag","embeddable":true,"href":"https:\/\/ofertacular.com\/index.php\/wp-json\/wp\/v2\/product_tag?post=3936"}],"curies":[{"name":"wp","href":"https:\/\/api.w.org\/{rel}","templated":true}]}}