{"id":3942,"date":"2025-03-08T08:20:29","date_gmt":"2025-03-08T07:20:29","guid":{"rendered":"https:\/\/ofertacular.com\/index.php\/producto\/canon-pixma\/"},"modified":"2025-03-08T08:20:29","modified_gmt":"2025-03-08T07:20:29","slug":"canon-pixma","status":"publish","type":"product","link":"https:\/\/ofertacular.com\/index.php\/producto\/canon-pixma\/","title":{"rendered":"Canon Pixma"},"content":{"rendered":"<div class=\"oferta-container\">\n<p>\ud83d\udfe5 <b>\u00a1NO TE LA PIERDAS!<\/b> \ud83d\udfe5 #Publicidad #Amazon<\/p>\n<p>\ud83d\udd34 <b>Impresora Canon <\/b><\/p>\n<p>\u2705 <b>AHORA 49 \u20ac<\/b> \u2714\ufe0f\ud83d\udfe1<\/p>\n<p>\u274c Antes 89.00 \u20ac<\/p>\n<p>\ud83d\uded2: <a href=\"https:\/\/btz.es\/4EPQp5O\" target=\"_blank\" rel=\"nofollow noopener\">https:\/\/btz.es\/4EPQp5O<\/a><\/p>\n<\/p>\n<p>Descubre la impresora Canon Pixma, una soluci\u00f3n multifuncional dise\u00f1ada para satisfacer todas tus necesidades de impresi\u00f3n en casa. Con su dise\u00f1o inteligente y minimalista, esta impresora 3 en 1 permite imprimir, escanear y copiar con una calidad excepcional. Gracias a su compatibilidad con el PIXMA Print Plan, nunca te quedar\u00e1s sin tinta, ya que puedes optar por una suscripci\u00f3n mensual que te enviar\u00e1 los cartuchos de tinta justo a tiempo, adapt\u00e1ndose a tu consumo. La impresora Canon Pixma se convierte en el aliado perfecto para aquellos que buscan eficiencia y calidad. <\/p>\n<p>La conectividad es uno de los puntos fuertes de esta impresora. Con la app Canon PRINT, puedes controlar todas sus funciones desde tu dispositivo m\u00f3vil y disfrutar de la impresi\u00f3n directa v\u00eda AirPrint en iOS y Mopria en Android, facilitando el proceso de impresi\u00f3n desde cualquier lugar de tu hogar. Adem\u00e1s, si te gusta ser creativo, la app Creative Park y Easy PhotoPrint Editor te invitan a dise\u00f1ar tarjetas, calendarios y otros art\u00edculos \u00fanicos con tus fotograf\u00edas favoritas.  <\/p>\n<p>La configuraci\u00f3n es igualmente sencilla gracias a su pantalla OLED de 1,44<\/p>\n<\/p><\/div>\n","protected":false},"excerpt":{"rendered":"<p>\ud83d\udfe5 \u00a1NO TE LA PIERDAS! \ud83d\udfe5 #Publicidad #Amazon \ud83d\udd34 Impresora Canon \u2705 AHORA 49 \u20ac \u2714\ufe0f\ud83d\udfe1 \u274c Antes 89.00 \u20ac \ud83d\uded2: https:\/\/btz.es\/4EPQp5O Descubre la impresora Canon Pixma, una soluci\u00f3n multifuncional dise\u00f1ada para satisfacer todas tus necesidades de impresi\u00f3n en casa. Con su dise\u00f1o inteligente y minimalista, esta impresora 3 en 1 permite imprimir, escanear y [&hellip;]<\/p>\n","protected":false},"featured_media":3941,"template":"","meta":{"_gspb_post_css":""},"store":[],"product_brand":[],"product_cat":[16],"product_tag":[],"class_list":{"0":"post-3942","1":"product","2":"type-product","3":"status-publish","4":"has-post-thumbnail","6":"product_cat-sin-categorizar","8":"first","9":"instock","10":"sale","11":"shipping-taxable","12":"product-type-external"},"jetpack_sharing_enabled":true,"_links":{"self":[{"href":"https:\/\/ofertacular.com\/index.php\/wp-json\/wp\/v2\/product\/3942","targetHints":{"allow":["GET"]}}],"collection":[{"href":"https:\/\/ofertacular.com\/index.php\/wp-json\/wp\/v2\/product"}],"about":[{"href":"https:\/\/ofertacular.com\/index.php\/wp-json\/wp\/v2\/types\/product"}],"wp:featuredmedia":[{"embeddable":true,"href":"https:\/\/ofertacular.com\/index.php\/wp-json\/wp\/v2\/media\/3941"}],"wp:attachment":[{"href":"https:\/\/ofertacular.com\/index.php\/wp-json\/wp\/v2\/media?parent=3942"}],"wp:term":[{"taxonomy":"store","embeddable":true,"href":"https:\/\/ofertacular.com\/index.php\/wp-json\/wp\/v2\/store?post=3942"},{"taxonomy":"product_brand","embeddable":true,"href":"https:\/\/ofertacular.com\/index.php\/wp-json\/wp\/v2\/product_brand?post=3942"},{"taxonomy":"product_cat","embeddable":true,"href":"https:\/\/ofertacular.com\/index.php\/wp-json\/wp\/v2\/product_cat?post=3942"},{"taxonomy":"product_tag","embeddable":true,"href":"https:\/\/ofertacular.com\/index.php\/wp-json\/wp\/v2\/product_tag?post=3942"}],"curies":[{"name":"wp","href":"https:\/\/api.w.org\/{rel}","templated":true}]}}