{"id":3944,"date":"2025-03-08T08:23:04","date_gmt":"2025-03-08T07:23:04","guid":{"rendered":"https:\/\/ofertacular.com\/index.php\/producto\/adidas-shoes\/"},"modified":"2025-03-08T08:23:04","modified_gmt":"2025-03-08T07:23:04","slug":"adidas-shoes","status":"publish","type":"product","link":"https:\/\/ofertacular.com\/index.php\/producto\/adidas-shoes\/","title":{"rendered":"adidas Shoes"},"content":{"rendered":"<div class=\"oferta-container\">\n<p>\ud83d\udfe5 <b>REBAJA<\/b> \ud83d\udfe5 #Publicidad #Amazon<\/p>\n<p>\ud83d\udd34 <b>Zapatos Adidas <\/b><\/p>\n<p>\u2705 <b>AHORA 49.99 \u20ac<\/b> \u2714\ufe0f\ud83d\udfe1<\/p>\n<p>\u274c Antes 80.00 \u20ac<\/p>\n<p>\ud83d\uded2: <a href=\"https:\/\/btz.es\/4EPQTPB\" target=\"_blank\" rel=\"nofollow noopener\">https:\/\/btz.es\/4EPQTPB<\/a><\/p>\n<\/p>\n<p>Descubre la fusi\u00f3n perfecta de comodidad y estilo con los zapatos Adidas. Estos calzados est\u00e1n dise\u00f1ados para aquellos que buscan no solo un buen rendimiento, sino tambi\u00e9n un look atractivo. La horma cl\u00e1sica proporciona un ajuste ideal que se adapta a la forma de tu pie, mientras que el cierre de cordones garantiza una sujeci\u00f3n firme y segura, permiti\u00e9ndote moverte con confianza en cada paso. <\/p>\n<p>El empeine sint\u00e9tico no solo le otorga durabilidad, sino que tambi\u00e9n a\u00f1ade un toque moderno a tu atuendo. Con un forro textil suave, tus pies se sentir\u00e1n c\u00f3modos durante todo el d\u00eda, sin importar si est\u00e1s caminando por la ciudad o disfrutando de una actividad deportiva.<\/p>\n<p>La plantilla de EVA es otro punto fuerte de estos zapatos, proporcionando una excelente amortiguaci\u00f3n y soporte, lo que te permite disfrutar de largas jornadas sin sentir fatiga en tus pies. La suela con plataforma no solo mejora la tracci\u00f3n en diferentes superficies, sino que tambi\u00e9n a\u00f1ade un toque de estilo, elevando cualquier look casual o deportivo. <\/p>\n<p>Ya sea que est\u00e9s buscando un par de zapatos para tu rutina diaria o para llevar al gimnasio, los zapatos Adidas son la elecci\u00f3n perfecta. Con su combinaci\u00f3n de tecnolog\u00eda avanzada y dise\u00f1o contempor\u00e1neo, son ideales para quienes no quieren sacrificar la moda por la funcionalidad. No esperes m\u00e1s y dale a tus pies el confort que merecen. Hazte con los tuyos y disfruta de la calidad que solo Adidas puede ofrecerte. Perfectos para el uso diario o para actividades deportivas, estos zapatos se convertir\u00e1n en un b\u00e1sico indispensable en tu guardarropa.<\/p>\n<\/p><\/div>\n","protected":false},"excerpt":{"rendered":"<p>\ud83d\udfe5 REBAJA \ud83d\udfe5 #Publicidad #Amazon \ud83d\udd34 Zapatos Adidas \u2705 AHORA 49.99 \u20ac \u2714\ufe0f\ud83d\udfe1 \u274c Antes 80.00 \u20ac \ud83d\uded2: https:\/\/btz.es\/4EPQTPB Descubre la fusi\u00f3n perfecta de comodidad y estilo con los zapatos Adidas. Estos calzados est\u00e1n dise\u00f1ados para aquellos que buscan no solo un buen rendimiento, sino tambi\u00e9n un look atractivo. La horma cl\u00e1sica proporciona un ajuste [&hellip;]<\/p>\n","protected":false},"featured_media":3943,"template":"","meta":{"_gspb_post_css":""},"store":[],"product_brand":[],"product_cat":[16],"product_tag":[],"class_list":{"0":"post-3944","1":"product","2":"type-product","3":"status-publish","4":"has-post-thumbnail","6":"product_cat-sin-categorizar","8":"first","9":"instock","10":"sale","11":"shipping-taxable","12":"product-type-external"},"jetpack_sharing_enabled":true,"_links":{"self":[{"href":"https:\/\/ofertacular.com\/index.php\/wp-json\/wp\/v2\/product\/3944","targetHints":{"allow":["GET"]}}],"collection":[{"href":"https:\/\/ofertacular.com\/index.php\/wp-json\/wp\/v2\/product"}],"about":[{"href":"https:\/\/ofertacular.com\/index.php\/wp-json\/wp\/v2\/types\/product"}],"wp:featuredmedia":[{"embeddable":true,"href":"https:\/\/ofertacular.com\/index.php\/wp-json\/wp\/v2\/media\/3943"}],"wp:attachment":[{"href":"https:\/\/ofertacular.com\/index.php\/wp-json\/wp\/v2\/media?parent=3944"}],"wp:term":[{"taxonomy":"store","embeddable":true,"href":"https:\/\/ofertacular.com\/index.php\/wp-json\/wp\/v2\/store?post=3944"},{"taxonomy":"product_brand","embeddable":true,"href":"https:\/\/ofertacular.com\/index.php\/wp-json\/wp\/v2\/product_brand?post=3944"},{"taxonomy":"product_cat","embeddable":true,"href":"https:\/\/ofertacular.com\/index.php\/wp-json\/wp\/v2\/product_cat?post=3944"},{"taxonomy":"product_tag","embeddable":true,"href":"https:\/\/ofertacular.com\/index.php\/wp-json\/wp\/v2\/product_tag?post=3944"}],"curies":[{"name":"wp","href":"https:\/\/api.w.org\/{rel}","templated":true}]}}