{"id":3946,"date":"2025-03-08T12:09:39","date_gmt":"2025-03-08T11:09:39","guid":{"rendered":"https:\/\/ofertacular.com\/index.php\/producto\/levis-jeans\/"},"modified":"2025-03-08T12:09:39","modified_gmt":"2025-03-08T11:09:39","slug":"levis-jeans","status":"publish","type":"product","link":"https:\/\/ofertacular.com\/index.php\/producto\/levis-jeans\/","title":{"rendered":"Levi&#8217;s Jeans"},"content":{"rendered":"<div class=\"oferta-container\">\n<p>\ud83d\udfe5 <b>CHOLLAZO<\/b> \ud83d\udfe5 #Publicidad #Amazon<\/p>\n<p>\ud83d\udd34 <b>Jeans Levi&#8217;s <\/b><\/p>\n<p>\u2705 <b>AHORA 37.48 \u20ac<\/b> \u2714\ufe0f\ud83d\udfe1<\/p>\n<p>\u274c Antes 120.00 \u20ac<\/p>\n<p>\ud83d\uded2: <a href=\"https:\/\/btz.es\/4EQLW8I\" target=\"_blank\" rel=\"nofollow noopener\">https:\/\/btz.es\/4EQLW8I<\/a><\/p>\n<\/p>\n<p>Descubre los emblem\u00e1ticos jeans Levi&#8217;s, una prenda que ha trascendido el tiempo y se ha convertido en un b\u00e1sico indispensable en el armario de cualquier amante de la moda. Con un dise\u00f1o que combina a la perfecci\u00f3n estilo y comodidad, estos jeans son ideales para cualquier ocasi\u00f3n, desde un d\u00eda cotidiano hasta una salida nocturna. Con sus distintivos detalles de la marca, son f\u00e1cilmente reconocibles y dan un toque de autenticidad a tu outfit.  <\/p>\n<p>Fabricados con materiales de alta calidad, los jeans Levi&#8217;s no solo te ofrecen un estilo \u00fanico, sino tambi\u00e9n una durabilidad excepcional. Las trabillas para el cintur\u00f3n son una caracter\u00edstica fundamental, permiti\u00e9ndote ajustar el ajuste de manera f\u00e1cil y c\u00f3moda, adapt\u00e1ndose a tu figura para un look moderno y atractivo. Este dise\u00f1o funcional no compromete la est\u00e9tica; al contrario, realza el conjunto final.  <\/p>\n<p>Un estilo casual nunca hab\u00eda sido tan vers\u00e1til; los jeans Levi&#8217;s se pueden combinar con una simple camiseta para un look relajado o con una camisa elegante para un evento m\u00e1s formal. Adem\u00e1s, est\u00e1n disponibles en diversas tonalidades y cortes para que encuentres el que mejor se adapte a tu personalidad y estilo de vida.  <\/p>\n<p>Optar por los jeans Levi&#8217;s significa elegir tendencia, calidad y comodidad. No solo est\u00e1s adquiriendo un producto, sino tambi\u00e9n una pieza de historia y cultura en el mundo de la moda. No te quedes sin probar la autenticidad de Levi&#8217;s, una marca que ha sabido conquistar a generaciones. A\u00f1ade estos jeans a tu colecci\u00f3n y experimenta la esencia de la moda atemporal.  <\/p>\n<p>No esperes m\u00e1s, transforma tu vestuario con los jeans Levi&#8217;s y disfruta de un look que nunca pasa de moda, por mucho que evolucione el estilo. Con cada uso, reafirmar\u00e1s tu elecci\u00f3n por la calidad y la distinci\u00f3n que solo Levi&#8217;s puede ofrecerte. \u00a1Haz clic para comprar ahora!<\/p>\n<\/p><\/div>\n","protected":false},"excerpt":{"rendered":"<p>\ud83d\udfe5 CHOLLAZO \ud83d\udfe5 #Publicidad #Amazon \ud83d\udd34 Jeans Levi&#8217;s \u2705 AHORA 37.48 \u20ac \u2714\ufe0f\ud83d\udfe1 \u274c Antes 120.00 \u20ac \ud83d\uded2: https:\/\/btz.es\/4EQLW8I Descubre los emblem\u00e1ticos jeans Levi&#8217;s, una prenda que ha trascendido el tiempo y se ha convertido en un b\u00e1sico indispensable en el armario de cualquier amante de la moda. Con un dise\u00f1o que combina a la [&hellip;]<\/p>\n","protected":false},"featured_media":3945,"template":"","meta":{"_gspb_post_css":""},"store":[],"product_brand":[],"product_cat":[16],"product_tag":[],"class_list":{"0":"post-3946","1":"product","2":"type-product","3":"status-publish","4":"has-post-thumbnail","6":"product_cat-sin-categorizar","8":"first","9":"instock","10":"sale","11":"shipping-taxable","12":"product-type-external"},"jetpack_sharing_enabled":true,"_links":{"self":[{"href":"https:\/\/ofertacular.com\/index.php\/wp-json\/wp\/v2\/product\/3946","targetHints":{"allow":["GET"]}}],"collection":[{"href":"https:\/\/ofertacular.com\/index.php\/wp-json\/wp\/v2\/product"}],"about":[{"href":"https:\/\/ofertacular.com\/index.php\/wp-json\/wp\/v2\/types\/product"}],"wp:featuredmedia":[{"embeddable":true,"href":"https:\/\/ofertacular.com\/index.php\/wp-json\/wp\/v2\/media\/3945"}],"wp:attachment":[{"href":"https:\/\/ofertacular.com\/index.php\/wp-json\/wp\/v2\/media?parent=3946"}],"wp:term":[{"taxonomy":"store","embeddable":true,"href":"https:\/\/ofertacular.com\/index.php\/wp-json\/wp\/v2\/store?post=3946"},{"taxonomy":"product_brand","embeddable":true,"href":"https:\/\/ofertacular.com\/index.php\/wp-json\/wp\/v2\/product_brand?post=3946"},{"taxonomy":"product_cat","embeddable":true,"href":"https:\/\/ofertacular.com\/index.php\/wp-json\/wp\/v2\/product_cat?post=3946"},{"taxonomy":"product_tag","embeddable":true,"href":"https:\/\/ofertacular.com\/index.php\/wp-json\/wp\/v2\/product_tag?post=3946"}],"curies":[{"name":"wp","href":"https:\/\/api.w.org\/{rel}","templated":true}]}}