{"id":3954,"date":"2025-03-09T10:23:59","date_gmt":"2025-03-09T09:23:59","guid":{"rendered":"https:\/\/ofertacular.com\/index.php\/producto\/noris-tijeras\/"},"modified":"2025-03-09T10:23:59","modified_gmt":"2025-03-09T09:23:59","slug":"noris-tijeras","status":"publish","type":"product","link":"https:\/\/ofertacular.com\/index.php\/producto\/noris-tijeras\/","title":{"rendered":"Noris Tijeras"},"content":{"rendered":"<div class=\"oferta-container\">\n<p>\ud83d\udfe5 <b>ES UN CHOLL\u00d3N<\/b> \ud83d\udfe5 #Publicidad #Amazon<\/p>\n<p>\ud83d\udd34 <b>Tijeras Noris <\/b><\/p>\n<p>\u2705 <b>AHORA 4.5 \u20ac<\/b> \u2714\ufe0f\ud83d\udfe1<\/p>\n<p>\u274c Antes 8.16 \u20ac<\/p>\n<p>\ud83d\uded2: <a href=\"https:\/\/btz.es\/4EWlRMc\" target=\"_blank\" rel=\"nofollow noopener\">https:\/\/btz.es\/4EWlRMc<\/a><\/p>\n<\/p>\n<p>Descubre las Tijeras Noris, dise\u00f1adas especialmente para ni\u00f1os diestros que buscan una herramienta de corte de alta calidad. Con una longitud de 21 cm, estas tijeras son perfectas para manos peque\u00f1as. Las cuchillas redondeadas de acero inoxidable aseguran un corte preciso mientras que minimizan el riesgo de accidentes. Su dise\u00f1o ergon\u00f3mico incluye una zona de agarre suave, proporcionando comodidad y control en cada uso. Ideales para el hogar o el aula, las Tijeras Noris destacan por su durabilidad, garantizando que acompa\u00f1ar\u00e1n a los peque\u00f1os en todas sus actividades creativas. Fomenta la autonom\u00eda de tus hijos en manualidades, trabajos escolares y proyectos art\u00edsticos con la confianza que brinda un producto de alta calidad. No esperes m\u00e1s para hacer de la creatividad de tus peque\u00f1os una experiencia segura y divertida con las Tijeras Noris.<\/p>\n<\/p><\/div>\n","protected":false},"excerpt":{"rendered":"<p>\ud83d\udfe5 ES UN CHOLL\u00d3N \ud83d\udfe5 #Publicidad #Amazon \ud83d\udd34 Tijeras Noris \u2705 AHORA 4.5 \u20ac \u2714\ufe0f\ud83d\udfe1 \u274c Antes 8.16 \u20ac \ud83d\uded2: https:\/\/btz.es\/4EWlRMc Descubre las Tijeras Noris, dise\u00f1adas especialmente para ni\u00f1os diestros que buscan una herramienta de corte de alta calidad. Con una longitud de 21 cm, estas tijeras son perfectas para manos peque\u00f1as. Las cuchillas redondeadas [&hellip;]<\/p>\n","protected":false},"featured_media":3953,"template":"","meta":{"_gspb_post_css":""},"store":[],"product_brand":[],"product_cat":[16],"product_tag":[],"class_list":{"0":"post-3954","1":"product","2":"type-product","3":"status-publish","4":"has-post-thumbnail","6":"product_cat-sin-categorizar","8":"first","9":"instock","10":"sale","11":"shipping-taxable","12":"product-type-external"},"jetpack_sharing_enabled":true,"_links":{"self":[{"href":"https:\/\/ofertacular.com\/index.php\/wp-json\/wp\/v2\/product\/3954","targetHints":{"allow":["GET"]}}],"collection":[{"href":"https:\/\/ofertacular.com\/index.php\/wp-json\/wp\/v2\/product"}],"about":[{"href":"https:\/\/ofertacular.com\/index.php\/wp-json\/wp\/v2\/types\/product"}],"wp:featuredmedia":[{"embeddable":true,"href":"https:\/\/ofertacular.com\/index.php\/wp-json\/wp\/v2\/media\/3953"}],"wp:attachment":[{"href":"https:\/\/ofertacular.com\/index.php\/wp-json\/wp\/v2\/media?parent=3954"}],"wp:term":[{"taxonomy":"store","embeddable":true,"href":"https:\/\/ofertacular.com\/index.php\/wp-json\/wp\/v2\/store?post=3954"},{"taxonomy":"product_brand","embeddable":true,"href":"https:\/\/ofertacular.com\/index.php\/wp-json\/wp\/v2\/product_brand?post=3954"},{"taxonomy":"product_cat","embeddable":true,"href":"https:\/\/ofertacular.com\/index.php\/wp-json\/wp\/v2\/product_cat?post=3954"},{"taxonomy":"product_tag","embeddable":true,"href":"https:\/\/ofertacular.com\/index.php\/wp-json\/wp\/v2\/product_tag?post=3954"}],"curies":[{"name":"wp","href":"https:\/\/api.w.org\/{rel}","templated":true}]}}