{"id":3956,"date":"2025-03-09T10:24:54","date_gmt":"2025-03-09T09:24:54","guid":{"rendered":"https:\/\/ofertacular.com\/index.php\/producto\/somnia-colchon\/"},"modified":"2025-03-09T10:24:54","modified_gmt":"2025-03-09T09:24:54","slug":"somnia-colchon","status":"publish","type":"product","link":"https:\/\/ofertacular.com\/index.php\/producto\/somnia-colchon\/","title":{"rendered":"Somnia Colch\u00f3n"},"content":{"rendered":"<div class=\"oferta-container\">\n<p>\ud83d\udfe5 <b>\u00a1NO TE LA PIERDAS!<\/b> \ud83d\udfe5 #Publicidad #Amazon<\/p>\n<p>\ud83d\udd34 <b>Colch\u00f3n Somnia <\/b><\/p>\n<p>\u2705 <b>AHORA 99.99 \u20ac<\/b> \u2714\ufe0f\ud83d\udfe1<\/p>\n<p>\u274c Antes 126.82 \u20ac<\/p>\n<p>\ud83d\uded2: <a href=\"https:\/\/btz.es\/4EWmfY0\" target=\"_blank\" rel=\"nofollow noopener\">https:\/\/btz.es\/4EWmfY0<\/a><\/p>\n<\/p>\n<p>Descubre el colch\u00f3n Somnia, una elecci\u00f3n perfecta para quienes buscan el equilibrio entre firmeza y confort. Este colch\u00f3n Visco Versalles est\u00e1 dise\u00f1ado con un n\u00facleo de espuma HR de alta densidad y recuperaci\u00f3n, que asegura una adaptaci\u00f3n ideal a las curvas de tu cuerpo, adem\u00e1s de un exclusivo acolchado de 2 cm de viscosoft. Este acolchado, junto con las fibras hipoalerg\u00e9nicas, garantiza una experiencia de descanso inigualable, permitiendo que cada noche sea reparadora y confortable.<\/p>\n<p>La firmeza del colch\u00f3n Somnia est\u00e1 dise\u00f1ada para mantener la columna vertebral en una alineaci\u00f3n \u00f3ptima, reduciendo la posibilidad de dolores y molestias durante el sue\u00f1o. Su dise\u00f1o favorece una correcta postura, lo que resulta en un descanso revitalizante cada d\u00eda.<\/p>\n<p>Adem\u00e1s de su confort, el colch\u00f3n Somnia incorpora un tratamiento con Aloe Vera, que lo protege contra \u00e1caros, bacterias y hongos, haciendo que el descanso sea a\u00fan m\u00e1s saludable. Este tratamiento ayuda a prevenir reacciones al\u00e9rgicas y proporciona un tacto suave y sedoso, ideal para quienes tienen la piel sensible. <\/p>\n<p>La ventilaci\u00f3n es un aspecto clave en la calidad de cualquier colch\u00f3n, y el modelo Somnia no decepciona. Equipado con un lateral de tejido de malla s\u00faper transpirable, facilita la circulaci\u00f3n del aire en su interior, manteniendo un ambiente fresco y c\u00f3modo a lo largo de la noche.<\/p>\n<p>Adem\u00e1s, este colch\u00f3n se fabrica de forma sostenible en Espa\u00f1a, cumpliendo con los certificados Oeko-Tex y Certipur, que garantizan la ausencia de sustancias nocivas durante todo su proceso de elaboraci\u00f3n. Con una altura total de 13 cm, el colch\u00f3n Somnia es una inversi\u00f3n en calidad de vida y bienestar para toda la familia. Tu descanso merece lo mejor, y con Somnia, ese sue\u00f1o se hace realidad.<\/p>\n<\/p><\/div>\n","protected":false},"excerpt":{"rendered":"<p>\ud83d\udfe5 \u00a1NO TE LA PIERDAS! \ud83d\udfe5 #Publicidad #Amazon \ud83d\udd34 Colch\u00f3n Somnia \u2705 AHORA 99.99 \u20ac \u2714\ufe0f\ud83d\udfe1 \u274c Antes 126.82 \u20ac \ud83d\uded2: https:\/\/btz.es\/4EWmfY0 Descubre el colch\u00f3n Somnia, una elecci\u00f3n perfecta para quienes buscan el equilibrio entre firmeza y confort. Este colch\u00f3n Visco Versalles est\u00e1 dise\u00f1ado con un n\u00facleo de espuma HR de alta densidad y recuperaci\u00f3n, [&hellip;]<\/p>\n","protected":false},"featured_media":3955,"template":"","meta":{"_gspb_post_css":""},"store":[],"product_brand":[],"product_cat":[16],"product_tag":[],"class_list":{"0":"post-3956","1":"product","2":"type-product","3":"status-publish","4":"has-post-thumbnail","6":"product_cat-sin-categorizar","8":"first","9":"instock","10":"sale","11":"shipping-taxable","12":"product-type-external"},"jetpack_sharing_enabled":true,"_links":{"self":[{"href":"https:\/\/ofertacular.com\/index.php\/wp-json\/wp\/v2\/product\/3956","targetHints":{"allow":["GET"]}}],"collection":[{"href":"https:\/\/ofertacular.com\/index.php\/wp-json\/wp\/v2\/product"}],"about":[{"href":"https:\/\/ofertacular.com\/index.php\/wp-json\/wp\/v2\/types\/product"}],"wp:featuredmedia":[{"embeddable":true,"href":"https:\/\/ofertacular.com\/index.php\/wp-json\/wp\/v2\/media\/3955"}],"wp:attachment":[{"href":"https:\/\/ofertacular.com\/index.php\/wp-json\/wp\/v2\/media?parent=3956"}],"wp:term":[{"taxonomy":"store","embeddable":true,"href":"https:\/\/ofertacular.com\/index.php\/wp-json\/wp\/v2\/store?post=3956"},{"taxonomy":"product_brand","embeddable":true,"href":"https:\/\/ofertacular.com\/index.php\/wp-json\/wp\/v2\/product_brand?post=3956"},{"taxonomy":"product_cat","embeddable":true,"href":"https:\/\/ofertacular.com\/index.php\/wp-json\/wp\/v2\/product_cat?post=3956"},{"taxonomy":"product_tag","embeddable":true,"href":"https:\/\/ofertacular.com\/index.php\/wp-json\/wp\/v2\/product_tag?post=3956"}],"curies":[{"name":"wp","href":"https:\/\/api.w.org\/{rel}","templated":true}]}}