{"id":4108,"date":"2025-03-14T14:38:52","date_gmt":"2025-03-14T13:38:52","guid":{"rendered":"https:\/\/ofertacular.com\/index.php\/producto\/melon-gin\/"},"modified":"2025-03-14T14:38:52","modified_gmt":"2025-03-14T13:38:52","slug":"melon-gin","status":"publish","type":"product","link":"https:\/\/ofertacular.com\/index.php\/producto\/melon-gin\/","title":{"rendered":"Melon Gin"},"content":{"rendered":"<div class=\"oferta-container\">\n<p>\ud83d\udfe5 <b>\u00a1DESCUENTO \u00daNICO!<\/b> \ud83d\udfe5 #Publicidad #Amazon #Vino<\/p>\n<p>\ud83d\udd34 <b>Mel\u00f3n Gin <\/b><\/p>\n<p>\u2705 <b>AHORA 12.95 \u20ac<\/b> \u2714\ufe0f\ud83d\udfe1<\/p>\n<p>\u274c Antes 16.45 \u20ac<\/p>\n<p>\ud83d\uded2: <a href=\"https:\/\/btz.es\/4F02EVB\" target=\"_blank\" rel=\"nofollow noopener\">https:\/\/btz.es\/4F02EVB<\/a><\/p>\n<p>&#8211; Puerto de Indias y el verano se fusionan en este incre\u00edble sabor: Sweet Melon.<br \/>\n&#8211; Esta sorprendente ginebra recoge el dulce sabor del mel\u00f3n en su punto de madurez perfecto, que se une a las bayas de enebro aportando notas suaves a la vez que intensas, dando lugar a un sabor \u00fanico que persiste en el paladar. El dulzor de esta fruta combinado con sabores c\u00edtricos da lugar a un sabor c\u00e1lido y aterciopelado.<br \/>\n&#8211; Sabor: Ginebra de mel\u00f3n, suave y dulce. \u00bfC\u00f3mo tomarla? Comb\u00ednala con refresco de lima lim\u00f3n, t\u00f3nica o refresco de lim\u00f3n acompa\u00f1ada de hielo y rodajas de lima.<br \/>\n&#8211; A la vista: Percibimos un color verde con brillos. Si miramos al trasluz encontramos unas l\u00e1grimas redondeadas y untuosas con reflejos verdes.<br \/>\n&#8211; En boca: Lo primero que nos invade es un potente sabor a mel\u00f3n, seguido de una evoluci\u00f3n levemente c\u00edtrica con un final dulce y fresco. En nariz: destacan las notas frutales de mel\u00f3n subrayadas por finos recuerdos a enebro.<\/p>\n<\/p><\/div>\n","protected":false},"excerpt":{"rendered":"<p>\ud83d\udfe5 \u00a1DESCUENTO \u00daNICO! \ud83d\udfe5 #Publicidad #Amazon #Vino \ud83d\udd34 Mel\u00f3n Gin \u2705 AHORA 12.95 \u20ac \u2714\ufe0f\ud83d\udfe1 \u274c Antes 16.45 \u20ac \ud83d\uded2: https:\/\/btz.es\/4F02EVB &#8211; Puerto de Indias y el verano se fusionan en este incre\u00edble sabor: Sweet Melon. &#8211; Esta sorprendente ginebra recoge el dulce sabor del mel\u00f3n en su punto de madurez perfecto, que se une [&hellip;]<\/p>\n","protected":false},"featured_media":4107,"template":"","meta":{"_gspb_post_css":""},"store":[],"product_brand":[],"product_cat":[16],"product_tag":[],"class_list":{"0":"post-4108","1":"product","2":"type-product","3":"status-publish","4":"has-post-thumbnail","6":"product_cat-sin-categorizar","8":"first","9":"instock","10":"sale","11":"shipping-taxable","12":"product-type-external"},"jetpack_sharing_enabled":true,"_links":{"self":[{"href":"https:\/\/ofertacular.com\/index.php\/wp-json\/wp\/v2\/product\/4108","targetHints":{"allow":["GET"]}}],"collection":[{"href":"https:\/\/ofertacular.com\/index.php\/wp-json\/wp\/v2\/product"}],"about":[{"href":"https:\/\/ofertacular.com\/index.php\/wp-json\/wp\/v2\/types\/product"}],"wp:featuredmedia":[{"embeddable":true,"href":"https:\/\/ofertacular.com\/index.php\/wp-json\/wp\/v2\/media\/4107"}],"wp:attachment":[{"href":"https:\/\/ofertacular.com\/index.php\/wp-json\/wp\/v2\/media?parent=4108"}],"wp:term":[{"taxonomy":"store","embeddable":true,"href":"https:\/\/ofertacular.com\/index.php\/wp-json\/wp\/v2\/store?post=4108"},{"taxonomy":"product_brand","embeddable":true,"href":"https:\/\/ofertacular.com\/index.php\/wp-json\/wp\/v2\/product_brand?post=4108"},{"taxonomy":"product_cat","embeddable":true,"href":"https:\/\/ofertacular.com\/index.php\/wp-json\/wp\/v2\/product_cat?post=4108"},{"taxonomy":"product_tag","embeddable":true,"href":"https:\/\/ofertacular.com\/index.php\/wp-json\/wp\/v2\/product_tag?post=4108"}],"curies":[{"name":"wp","href":"https:\/\/api.w.org\/{rel}","templated":true}]}}